{"id":1829,"date":"2023-07-21T19:10:26","date_gmt":"2023-07-21T22:10:26","guid":{"rendered":"https:\/\/conssanpaolo.esteri.it\/italia-e-brasile\/diplomazia-culturale\/estudo\/universita\/"},"modified":"2026-03-10T13:28:55","modified_gmt":"2026-03-10T16:28:55","slug":"universita","status":"publish","type":"page","link":"https:\/\/conssanpaolo.esteri.it\/pt\/italia-e-brasile\/diplomazia-culturale\/estudo\/universita\/","title":{"rendered":"Universit\u00e0"},"content":{"rendered":"<p>Notizie di interesse generale sull\u2019organizzazione e sul funzionamento delle Universit\u00e0 italiane si trovano nella sezione dedicata del sito del <a href=\"https:\/\/www.mur.gov.it\/it\">Ministero dell\u2019Universit\u00e0 e della Ricerca<\/a>.<\/p>\n<p>La lista completa degli Atenei, delle Facolt\u00e0 e dei Corsi \u00e8 consultabile sul portabile <a href=\"https:\/\/www.universitaly.it\/\">Universitaly<\/a>.<\/p>\n<p>E\u2019 presente anche un elenco di universit\u00e0 nel sito della <a href=\"http:\/\/www.crui.it\/\">CRUI &#8211; Conferenza dei Rettori delle Universit\u00e0 Italiane<\/a>.<\/p>\n<p>Gli studenti stranieri interessati a effettuare studi presso le Universit\u00e0 Italiane trovano notizie utili alla pagina <a href=\"http:\/\/www.studiare-in-italia.it\/studentistranieri\/\">Studiare in Italia<\/a>.<\/p>\n<p>In riferimento al sistema italiano di formazione la struttura operativa per la sua valorizzazione all\u2019estero \u00e8 <a href=\"https:\/\/www.uni-italia.net\/\">Uni-Italia<\/a>.<\/p>\n<p>Si segnalano le seguenti opportunit\u00e0:<\/p>\n<ul>\n<li><a href=\"https:\/\/conssanpaolo.esteri.it\/pt\/news\/dal_consolato\/2026\/03\/assegnazione-di-borse-di-studio-universita-di-verona\/\">Borse di Studio Universit\u00e0 di Verona &#8211; scadenza 31\/03\/2026<\/a><\/li>\n<li><a href=\"https:\/\/seja.italo.com.br\/italiano\/\">Corso di Laurea in Italiano del\u00a0<em>Centro Universit\u00e1rio Cat\u00f3lico \u00cdtalo Brasileiro<\/em><\/a><\/li>\n<li><span style=\"text-decoration: underline;\"><a href=\"https:\/\/conssanpaolo.esteri.it\/it\/italia-e-brasile\/diplomazia-culturale\/studi\/universita\/universita-per-stranieri-di-siena\/\">Universit\u00e0 per Stranieri di Siena- Corso di laurea triennale online in \u2018Lingua, letteratura, arti italiane in prospettiva internazionale<\/a><\/span><\/li>\n<\/ul>\n","protected":false},"excerpt":{"rendered":"Notizie di interesse generale sull\u2019organizzazione e sul funzionamento delle Universit\u00e0 italiane si trovano nella sezione dedicata del sito del Ministero dell\u2019Universit\u00e0 e della Ricerca. La lista completa degli Atenei, delle Facolt\u00e0 e dei Corsi \u00e8 consultabile sul portabile Universitaly. E\u2019 presente anche un elenco di universit\u00e0 nel sito della CRUI &#8211; Conferenza dei Rettori delle [&hellip;]","protected":false},"author":6,"featured_media":0,"parent":183,"menu_order":0,"comment_status":"closed","ping_status":"closed","template":"","meta":{"footnotes":""},"class_list":["post-1829","page","type-page","status-publish","hentry"],"_links":{"self":[{"href":"https:\/\/conssanpaolo.esteri.it\/pt\/wp-json\/wp\/v2\/pages\/1829","targetHints":{"allow":["GET"]}}],"collection":[{"href":"https:\/\/conssanpaolo.esteri.it\/pt\/wp-json\/wp\/v2\/pages"}],"about":[{"href":"https:\/\/conssanpaolo.esteri.it\/pt\/wp-json\/wp\/v2\/types\/page"}],"author":[{"embeddable":true,"href":"https:\/\/conssanpaolo.esteri.it\/pt\/wp-json\/wp\/v2\/users\/6"}],"replies":[{"embeddable":true,"href":"https:\/\/conssanpaolo.esteri.it\/pt\/wp-json\/wp\/v2\/comments?post=1829"}],"version-history":[{"count":7,"href":"https:\/\/conssanpaolo.esteri.it\/pt\/wp-json\/wp\/v2\/pages\/1829\/revisions"}],"predecessor-version":[{"id":10345,"href":"https:\/\/conssanpaolo.esteri.it\/pt\/wp-json\/wp\/v2\/pages\/1829\/revisions\/10345"}],"up":[{"embeddable":true,"href":"https:\/\/conssanpaolo.esteri.it\/pt\/wp-json\/wp\/v2\/pages\/183"}],"wp:attachment":[{"href":"https:\/\/conssanpaolo.esteri.it\/pt\/wp-json\/wp\/v2\/media?parent=1829"}],"curies":[{"name":"wp","href":"https:\/\/api.w.org\/{rel}","templated":true}]}}