{"id":1825,"date":"2023-07-21T19:08:45","date_gmt":"2023-07-21T22:08:45","guid":{"rendered":"https:\/\/conssanpaolo.esteri.it\/italia-e-brasile\/diplomazia-culturale\/estudo\/scuole\/"},"modified":"2024-03-12T14:28:20","modified_gmt":"2024-03-12T17:28:20","slug":"scuole","status":"publish","type":"page","link":"https:\/\/conssanpaolo.esteri.it\/pt\/italia-e-brasile\/diplomazia-culturale\/estudo\/scuole\/","title":{"rendered":"Escolas"},"content":{"rendered":"<p><strong>ESCOLAS NA IT\u00c1LIA<\/strong><\/p>\n<p>Uma lista completa \u00e9 constantemente atualizada pelo Minist\u00e9rio e pode ser acessada no portal\u00a0<a href=\"http:\/\/cercalatuascuola.istruzione.it\/cercalatuascuola\/\">Scuola in Chiaro<\/a><\/p>\n<p>&nbsp;<\/p>\n<p><strong>O ITALIANO NO CURR\u00cdCULO ESCOLAR BRASILEIRO<\/strong><\/p>\n<p>&#8211; O italiano est\u00e1 inclu\u00eddo como disciplina curricular nas escolas municipais dos munic\u00edpios de Jarinu, Monte Alegre do Sul e Pedrinhas Paulista, bem como nas escolas salesianas de Piracicaba e no Col\u00e9gio Pietra, em S\u00e3o Paulo<\/p>\n<p>&#8211; O italiano \u00e9 inclu\u00eddo como atividade curricular nas escolas municipais dos munic\u00edpios de S\u00e3o Paulo, Diadema, Porto Velho, Jundia\u00ed e Mococa<\/p>\n<p>&#8211; O italiano \u00e9 ensinado como atividade extracurricular nos Centros Municipais de Idiomas de S\u00e3o Paulo e Diadema e nos Centros Estaduais de Idiomas do Estado de S\u00e3o Paulo.<\/p>\n<p>&nbsp;<\/p>\n","protected":false},"excerpt":{"rendered":"ESCOLAS NA IT\u00c1LIA Uma lista completa \u00e9 constantemente atualizada pelo Minist\u00e9rio e pode ser acessada no portal\u00a0Scuola in Chiaro &nbsp; O ITALIANO NO CURR\u00cdCULO ESCOLAR BRASILEIRO &#8211; O italiano est\u00e1 inclu\u00eddo como disciplina curricular nas escolas municipais dos munic\u00edpios de Jarinu, Monte Alegre do Sul e Pedrinhas Paulista, bem como nas escolas salesianas de Piracicaba [&hellip;]","protected":false},"author":6,"featured_media":0,"parent":183,"menu_order":0,"comment_status":"closed","ping_status":"closed","template":"","meta":{"footnotes":""},"class_list":["post-1825","page","type-page","status-publish","hentry"],"_links":{"self":[{"href":"https:\/\/conssanpaolo.esteri.it\/pt\/wp-json\/wp\/v2\/pages\/1825","targetHints":{"allow":["GET"]}}],"collection":[{"href":"https:\/\/conssanpaolo.esteri.it\/pt\/wp-json\/wp\/v2\/pages"}],"about":[{"href":"https:\/\/conssanpaolo.esteri.it\/pt\/wp-json\/wp\/v2\/types\/page"}],"author":[{"embeddable":true,"href":"https:\/\/conssanpaolo.esteri.it\/pt\/wp-json\/wp\/v2\/users\/6"}],"replies":[{"embeddable":true,"href":"https:\/\/conssanpaolo.esteri.it\/pt\/wp-json\/wp\/v2\/comments?post=1825"}],"version-history":[{"count":2,"href":"https:\/\/conssanpaolo.esteri.it\/pt\/wp-json\/wp\/v2\/pages\/1825\/revisions"}],"predecessor-version":[{"id":4152,"href":"https:\/\/conssanpaolo.esteri.it\/pt\/wp-json\/wp\/v2\/pages\/1825\/revisions\/4152"}],"up":[{"embeddable":true,"href":"https:\/\/conssanpaolo.esteri.it\/pt\/wp-json\/wp\/v2\/pages\/183"}],"wp:attachment":[{"href":"https:\/\/conssanpaolo.esteri.it\/pt\/wp-json\/wp\/v2\/media?parent=1825"}],"curies":[{"name":"wp","href":"https:\/\/api.w.org\/{rel}","templated":true}]}}