{"id":1780,"date":"2023-07-19T19:25:37","date_gmt":"2023-07-19T22:25:37","guid":{"rendered":"https:\/\/conssanpaolo.esteri.it\/italia-e-brasile\/diplomazia-culturale\/estudo\/declaracao-de-valor\/"},"modified":"2025-10-27T13:21:03","modified_gmt":"2025-10-27T16:21:03","slug":"declaracao-de-valor","status":"publish","type":"page","link":"https:\/\/conssanpaolo.esteri.it\/pt\/italia-e-brasile\/diplomazia-culturale\/estudo\/declaracao-de-valor\/","title":{"rendered":"Declara\u00e7\u00e3o de valor"},"content":{"rendered":"<p style=\"text-align: justify;\"><span style=\"color: #0956a7;\"><strong>O QUE \u00c9 A DECLARA\u00c7\u00c3O DE VALOR?<\/strong><\/span><\/p>\n<p style=\"text-align: justify;\">A <strong><em>Declara\u00e7\u00e3o de Valor<\/em><\/strong> \u00e9 um documento de teor informativo emitido pelo Consulado que possibilita a avalia\u00e7\u00e3o do t\u00edtulo escolar\/acad\u00eamico\/profissional estrangeiro por parte de institui\u00e7\u00f5es privadas ou p\u00fablicas da It\u00e1lia. Portanto, a <em>Declara\u00e7\u00e3o de Valor<\/em> tem como finalidade <strong>descrever e assegurar a idoneidade de tal t\u00edtulo<\/strong> e n\u00e3o implica em nenhum reconhecimento autom\u00e1tico ou imediato nem produz efeitos jur\u00eddicos.<\/p>\n<p style=\"text-align: justify;\">A <em>Declara\u00e7\u00e3o de Valor <\/em>pode ser solicitada por quem deseja prosseguir com seus estudos (por exemplo, mestrado, doutorado, etc.) ou se inscrever em universidades na It\u00e1lia, iniciar os procedimentos para o reconhecimento de seus diplomas ou de sua profiss\u00e3o.<\/p>\n<p><strong>O CONSULADO GERAL EM S\u00c3O PAULO TRATA SOMENTE DOS\u00a0<u>T\u00cdTULOS EMITIDOS NA PR\u00d3PRIA CIRCUNSCRI\u00c7\u00c3O CONSULAR<\/u>, OU SEJA, <u>NOS ESTADOS DE S\u00c3O PAULO, MATO GROSSO, MATO GROSSO DO SUL, ACRE E ROND\u00d4NIA<\/u>. <\/strong><\/p>\n<p><strong>PARA ESTE SERVI\u00c7O \u00c9 IRRELEVANTE O LOCAL DE RESID\u00caNCIA\/AIRE DO INTERESSADO. <\/strong><\/p>\n<p><strong>ISTO SIGNIFICA QUE SE O SEU HIST\u00d3RICO\/DIPLOMA\/CERTIFICADO N\u00c3O FOI EMITIDO NESTA CIRCUNSCRI\u00c7\u00c3O, A RELATIVA DECLARA\u00c7\u00c3O DE VALOR N\u00c3O DEVE SER SOLICITADA NESTE CONSULADO GERAL.<\/strong><\/p>\n<p style=\"text-align: justify;\"><span style=\"color: #0956a7;\"><strong>ONDE APRESENTAR A DECLARA\u00c7\u00c3O DE VALOR?<\/strong><\/span><\/p>\n<p style=\"text-align: justify;\">O interessado \u00e9 o respons\u00e1vel por se informar como proceder quando estiver na It\u00e1lia, diretamente com a autoridade italiana competente como:<\/p>\n<ul style=\"text-align: justify;\">\n<li>institui\u00e7\u00f5es escolares (para conclus\u00e3o do ensino escolar obrigat\u00f3rio);<\/li>\n<li><em>Ambiti Territoriali<\/em> (para os diplomas de n\u00edvel pr\u00e9-universit\u00e1rio);<\/li>\n<li>Universidades (para obter o reconhecimento dos t\u00edtulos de gradua\u00e7\u00e3o estrangeiros);<\/li>\n<li><em>Ministero dell&#8217;Istruzione e del Merito<\/em> (para o reconhecimento acad\u00eamico de doutorados\/PhD estrangeiros);<\/li>\n<li><em>Ministero<\/em> competente (para o reconhecimento profissional).<\/li>\n<\/ul>\n<p style=\"text-align: justify;\"><strong><span style=\"color: #0956a7;\">QUAL O VALOR DA DECLARA\u00c7\u00c3O DE VALOR?<\/span><\/strong><\/p>\n<p>Para cada t\u00edtulo escolar\/acad\u00eamico \u00e9 emitida uma declara\u00e7\u00e3o de valor relativa ao ciclo conclu\u00eddo. O pagamento da taxa de emiss\u00e3o \u00e9 feito em Reais, somente com pix ou cart\u00e3o de d\u00e9bito (Visa ou Mastercard), no momento da retirada do documento.<\/p>\n<p>O valor de cada declara\u00e7\u00e3o de valor em Reais \u00e9 o equivalente a 50,00 Euros.<\/p>\n<p>A partir dos ciclos universit\u00e1rios, a cada Declara\u00e7\u00e3o de Valor \u00e9 anexada c\u00f3pia autenticada pelo Consulado do diploma\/certificado\/t\u00edtulo, acrescentado em Reais \u00e9 o equivalente a 10,00 Euros.<\/p>\n<p>O valor \u00e9 ajustado trimestralmente conforme taxa de c\u00e2mbio estipulada (<a href=\"https:\/\/conssanpaolo.esteri.it\/it\/servizi-consolari-e-visti\/servizi-per-il-cittadino-italiano\/altri-servizi\/tariffe-consolari\/\">veja aqui<\/a> a Tabela de Tarifas Consulares).<\/p>\n<p style=\"text-align: justify;\">Eventual isen\u00e7\u00e3o desta taxa pode ser solicitada caso o interessado j\u00e1 tenha sido aprovado e se inscrito na universidade italiana ou tenha uma carta convite da universidade italiana, apresentando documenta\u00e7\u00e3o impressa que comprove isso. De qualquer forma, a isen\u00e7\u00e3o n\u00e3o \u00e9 autom\u00e1tica e cada caso e documenta\u00e7\u00e3o apresentada ser\u00e3o analisados individualmente.<\/p>\n<p><span style=\"color: #0956a7;\"><strong>EM QUANTO TEMPO A DECLARA\u00c7\u00c3O DE VALOR FICA PRONTA?<\/strong><\/span><\/p>\n<p>O <strong>prazo m\u00e1ximo<\/strong> para que seja emitida a declara\u00e7\u00e3o de valor por este Consulado \u00e9 de <strong>30 dias<\/strong>.<\/p>\n<p>Quando estiver pronta, o direto interessado \u00e9 <strong>avisado em seu e-mail pessoal<\/strong>, recebendo todas as instru\u00e7\u00f5es para retirar a documenta\u00e7\u00e3o original entregue com a declara\u00e7\u00e3o de valor e fazer o eventual pagamento da taxa de emiss\u00e3o.<\/p>\n<p>&nbsp;<\/p>\n<p style=\"text-align: justify;\"><a href=\"https:\/\/conssanpaolo.esteri.it\/pt\/italia-e-brasile\/diplomazia-culturale\/estudo\/declaracao-de-valor\/instdichvalore\/\"><span style=\"text-decoration: underline;\"><strong>Clique aqui<\/strong><\/span><\/a> para <span style=\"color: #0956a7;\"><strong>INSTRU\u00c7\u00d5ES PARA SOLICITAR A DECLARA\u00c7\u00c3O DE VALOR\u00a0 <\/strong><\/span><\/p>\n","protected":false},"excerpt":{"rendered":"O QUE \u00c9 A DECLARA\u00c7\u00c3O DE VALOR? A Declara\u00e7\u00e3o de Valor \u00e9 um documento de teor informativo emitido pelo Consulado que possibilita a avalia\u00e7\u00e3o do t\u00edtulo escolar\/acad\u00eamico\/profissional estrangeiro por parte de institui\u00e7\u00f5es privadas ou p\u00fablicas da It\u00e1lia. Portanto, a Declara\u00e7\u00e3o de Valor tem como finalidade descrever e assegurar a idoneidade de tal t\u00edtulo e n\u00e3o [&hellip;]","protected":false},"author":6,"featured_media":0,"parent":183,"menu_order":0,"comment_status":"closed","ping_status":"closed","template":"","meta":{"footnotes":""},"class_list":["post-1780","page","type-page","status-publish","hentry"],"_links":{"self":[{"href":"https:\/\/conssanpaolo.esteri.it\/pt\/wp-json\/wp\/v2\/pages\/1780","targetHints":{"allow":["GET"]}}],"collection":[{"href":"https:\/\/conssanpaolo.esteri.it\/pt\/wp-json\/wp\/v2\/pages"}],"about":[{"href":"https:\/\/conssanpaolo.esteri.it\/pt\/wp-json\/wp\/v2\/types\/page"}],"author":[{"embeddable":true,"href":"https:\/\/conssanpaolo.esteri.it\/pt\/wp-json\/wp\/v2\/users\/6"}],"replies":[{"embeddable":true,"href":"https:\/\/conssanpaolo.esteri.it\/pt\/wp-json\/wp\/v2\/comments?post=1780"}],"version-history":[{"count":7,"href":"https:\/\/conssanpaolo.esteri.it\/pt\/wp-json\/wp\/v2\/pages\/1780\/revisions"}],"predecessor-version":[{"id":9280,"href":"https:\/\/conssanpaolo.esteri.it\/pt\/wp-json\/wp\/v2\/pages\/1780\/revisions\/9280"}],"up":[{"embeddable":true,"href":"https:\/\/conssanpaolo.esteri.it\/pt\/wp-json\/wp\/v2\/pages\/183"}],"wp:attachment":[{"href":"https:\/\/conssanpaolo.esteri.it\/pt\/wp-json\/wp\/v2\/media?parent=1780"}],"curies":[{"name":"wp","href":"https:\/\/api.w.org\/{rel}","templated":true}]}}