{"id":1708,"date":"2023-07-13T21:38:36","date_gmt":"2023-07-14T00:38:36","guid":{"rendered":"https:\/\/conssanpaolo.esteri.it\/?page_id=1708"},"modified":"2025-01-31T12:09:29","modified_gmt":"2025-01-31T15:09:29","slug":"atendimentoconcidadaosmais70-anos","status":"publish","type":"page","link":"https:\/\/conssanpaolo.esteri.it\/pt\/servizi-consolari-e-visti\/servizi-per-il-cittadino-italiano\/altri-servizi\/atendimentoconcidadaosmais70-anos\/","title":{"rendered":"Atendimento preferencial +70"},"content":{"rendered":"<p>Este Consulado ativou um servi\u00e7o completamente gratuito para o atendimento de concidad\u00e3os com mais de 70 anos. Aqueles italianos que resultam validamente inscritos no Registro AIRE do Consulado Geral em S\u00e3o Paulo, e que cumprem com os requisitos de idade, poder\u00e3o chamar um n\u00famero telef\u00f4nico exclusivo para receber assist\u00eancia em rela\u00e7\u00e3o ao agendamento de servi\u00e7os e obter informa\u00e7\u00f5es sobre os procedimentos a seguir para a correta frui\u00e7\u00e3o dos mesmos.<\/p>\n<p>O n\u00famero ser\u00e1 ativo de segunda a sexta-feira, das 9 \u00e0s 12.<\/p>\n<p>S\u00d3 LIGA\u00c7\u00d5ES, N\u00c3O WHATSAPP!<\/p>\n<p>(11) 963876362<\/p>\n<p>Esta linha n\u00e3o substitui o portal Prenot@Mi para o agendamento de servi\u00e7os consulares. Eventuais urg\u00eancias ser\u00e3o avaliadas com base nos crit\u00e9rios indicados <a href=\"https:\/\/conssanpaolo.esteri.it\/pt\/news\/dal_consolato\/2023\/07\/nuova-email-per-richieste-urgenti-passaporti\/\">aqui<\/a>.<\/p>\n","protected":false},"excerpt":{"rendered":"Este Consulado ativou um servi\u00e7o completamente gratuito para o atendimento de concidad\u00e3os com mais de 70 anos. Aqueles italianos que resultam validamente inscritos no Registro AIRE do Consulado Geral em S\u00e3o Paulo, e que cumprem com os requisitos de idade, poder\u00e3o chamar um n\u00famero telef\u00f4nico exclusivo para receber assist\u00eancia em rela\u00e7\u00e3o ao agendamento de servi\u00e7os [&hellip;]","protected":false},"author":6,"featured_media":0,"parent":196,"menu_order":0,"comment_status":"closed","ping_status":"closed","template":"","meta":{"footnotes":""},"class_list":["post-1708","page","type-page","status-publish","hentry"],"_links":{"self":[{"href":"https:\/\/conssanpaolo.esteri.it\/pt\/wp-json\/wp\/v2\/pages\/1708","targetHints":{"allow":["GET"]}}],"collection":[{"href":"https:\/\/conssanpaolo.esteri.it\/pt\/wp-json\/wp\/v2\/pages"}],"about":[{"href":"https:\/\/conssanpaolo.esteri.it\/pt\/wp-json\/wp\/v2\/types\/page"}],"author":[{"embeddable":true,"href":"https:\/\/conssanpaolo.esteri.it\/pt\/wp-json\/wp\/v2\/users\/6"}],"replies":[{"embeddable":true,"href":"https:\/\/conssanpaolo.esteri.it\/pt\/wp-json\/wp\/v2\/comments?post=1708"}],"version-history":[{"count":5,"href":"https:\/\/conssanpaolo.esteri.it\/pt\/wp-json\/wp\/v2\/pages\/1708\/revisions"}],"predecessor-version":[{"id":6460,"href":"https:\/\/conssanpaolo.esteri.it\/pt\/wp-json\/wp\/v2\/pages\/1708\/revisions\/6460"}],"up":[{"embeddable":true,"href":"https:\/\/conssanpaolo.esteri.it\/pt\/wp-json\/wp\/v2\/pages\/196"}],"wp:attachment":[{"href":"https:\/\/conssanpaolo.esteri.it\/pt\/wp-json\/wp\/v2\/media?parent=1708"}],"curies":[{"name":"wp","href":"https:\/\/api.w.org\/{rel}","templated":true}]}}