{"id":10100,"date":"2026-02-20T09:40:45","date_gmt":"2026-02-20T12:40:45","guid":{"rendered":"https:\/\/conssanpaolo.esteri.it\/servizi-consolari-e-visti\/servizi-per-il-cittadino-italiano\/carta-di-identita-elettronica-cie\/"},"modified":"2026-03-26T11:08:55","modified_gmt":"2026-03-26T14:08:55","slug":"carta-di-identita-elettronica-cie","status":"publish","type":"page","link":"https:\/\/conssanpaolo.esteri.it\/pt\/servizi-consolari-e-visti\/servizi-per-il-cittadino-italiano\/carta-di-identita-elettronica-cie\/","title":{"rendered":"Carteira de identidade eletr\u00f4nica (CIE)"},"content":{"rendered":"<p data-start=\"0\" data-end=\"373\"><strong data-start=\"0\" data-end=\"23\">Nesta primeira fase<\/strong>, poder\u00e3o solicitar a Carteira de Identidade Eletr\u00f4nica os cidad\u00e3os italianos regularmente inscritos no AIRE <strong>que comprovem necessidade de emiss\u00e3o do documento.<\/strong> Recorda-se que a Carteira de Identidade Eletr\u00f4nica n\u00e3o \u00e9 v\u00e1lida para sair do Brasil com destino ao exterior. Para viagens internacionais, \u00e9 suficiente estar de posse de um passaporte v\u00e1lido.<\/p>\n<p data-start=\"375\" data-end=\"449\">Al\u00e9m da urg\u00eancia ou necessidade comprovada, s\u00e3o requisitos indispens\u00e1veis:<\/p>\n<p data-start=\"451\" data-end=\"766\">\u2022 Estar com a situa\u00e7\u00e3o AIRE devidamente atualizada<br data-start=\"501\" data-end=\"504\" \/>\u2022 Possuir um c\u00f3digo fiscal validado pela Agenzia delle Entrate. Em caso de d\u00favidas quanto \u00e0 valida\u00e7\u00e3o do c\u00f3digo fiscal, a verifica\u00e7\u00e3o pode ser realizada no seguinte link:<br data-start=\"674\" data-end=\"677\" \/><a class=\"decorated-link\" href=\"https:\/\/telemanagrafici.agenziaentrate.gov.it\/VerificaCF\/Scegli.do?parameter=verificaCf\" target=\"_new\" rel=\"noopener\" data-start=\"677\" data-end=\"764\">https:\/\/telemanagrafici.agenziaentrate.gov.it\/VerificaCF\/Scegli.do?parameter=verificaCf<\/a><\/p>\n<p data-start=\"768\" data-end=\"800\"><strong data-start=\"768\" data-end=\"800\">Como solicitar o agendamento<\/strong><\/p>\n<p data-start=\"802\" data-end=\"903\">O pedido deve ser enviado por e-mail para <span style=\"text-decoration: underline;\"><strong>consgensanpaolo.cie@esteri.it\u00a0<\/strong><\/span>com a seguinte documenta\u00e7\u00e3o anexada:<\/p>\n<p data-start=\"905\" data-end=\"1359\">\u2022 <a href=\"https:\/\/conssanpaolo.esteri.it\/wp-content\/uploads\/2026\/02\/Modulo_Appuntamento_CIE-1-2.docx\">Formul\u00e1rio de solicita\u00e7\u00e3o de agendamento<\/a> para a Carteira de Identidade Eletr\u00f4nica devidamente preenchido e assinado. Solicita\u00e7\u00f5es enviadas sem o formul\u00e1rio ou com o formul\u00e1rio incompleto n\u00e3o ser\u00e3o consideradas.<br data-start=\"1117\" data-end=\"1120\" \/>\u2022 Documenta\u00e7\u00e3o que comprove a necessidade concreta de utiliza\u00e7\u00e3o do documento.<br data-start=\"1198\" data-end=\"1201\" \/>\u2022 Documento de identidade v\u00e1lido.<br data-start=\"1234\" data-end=\"1237\" \/>\u2022 Comprovante de resid\u00eancia v\u00e1lido, em nome do requerente. Verifique quais s\u00e3o os documentos aceitos para essa finalidade.<\/p>\n<p data-start=\"1361\" data-end=\"1614\">Os requerentes que atenderem a todos os requisitos ser\u00e3o contatados por e-mail ou telefone para agendamento da data em que dever\u00e3o comparecer ao Consulado, munidos da documenta\u00e7\u00e3o original e de uma fotografia no formato 3,5 x 4,5, para a emiss\u00e3o da CIE.<\/p>\n<p data-start=\"1616\" data-end=\"1654\"><strong data-start=\"1616\" data-end=\"1654\">Procedimento no dia do agendamento<\/strong><\/p>\n<p data-start=\"1656\" data-end=\"1918\">No dia agendado, o operador consular receber\u00e1 a documenta\u00e7\u00e3o apresentada, proceder\u00e1 \u00e0 identifica\u00e7\u00e3o do requerente, verificar\u00e1 a fotografia, coletar\u00e1 as impress\u00f5es digitais e a assinatura, al\u00e9m de receber o pagamento.<\/p>\n<p data-start=\"1656\" data-end=\"1918\"><strong>PAGAMENTO<\/strong>: O pagamento da taxa de emiss\u00e3o \u00e9 feito em Reais EXCLUSIVAMENTE com cart\u00e3o de d\u00e9bito VISA ou MASTER (cart\u00f5es de bandeira ELO\u00a0<strong>n\u00e3o s\u00e3o aceitos<\/strong>).<\/p>\n<p data-start=\"1920\" data-end=\"1938\"><strong data-start=\"1920\" data-end=\"1938\">Entrega da CIE<\/strong><\/p>\n<p data-start=\"1940\" data-end=\"2240\">A CIE \u00e9 emitida pelo Minist\u00e9rio do Interior e produzida pelo Istituto Poligrafico e Zecca dello Stato. O documento \u00e9 enviado por correio registrado ao endere\u00e7o de resid\u00eancia declarado pelo requerente. O cidad\u00e3o poder\u00e1 acompanhar autonomamente o envio pela internet por meio do c\u00f3digo de rastreamento.<\/p>\n<p data-start=\"2242\" data-end=\"2254\"><strong data-start=\"2242\" data-end=\"2254\">Validade<\/strong><\/p>\n<p data-start=\"2256\" data-end=\"2376\">A validade da Carteira de Identidade varia conforme a idade do titular. Para maiores de idade, a validade \u00e9 de dez anos.<\/p>\n<p data-start=\"2378\" data-end=\"2441\"><strong data-start=\"2378\" data-end=\"2441\">Possibilidade de emiss\u00e3o do documento diretamente na It\u00e1lia<\/strong><\/p>\n<p data-start=\"2443\" data-end=\"2733\">Nos termos da Lei n\u00ba 11 de 2026, que disp\u00f5e sobre a revis\u00e3o dos servi\u00e7os em favor dos cidad\u00e3os e das empresas no exterior, o cidad\u00e3o inscrito no AIRE poder\u00e1, a partir de 1\u00ba de junho de 2026, apresentar pedido de emiss\u00e3o da Carteira de Identidade Eletr\u00f4nica junto a qualquer Comune italiano.<\/p>\n<p data-start=\"2735\" data-end=\"2961\" data-is-last-node=\"\" data-is-only-node=\"\">A entrega do documento ocorrer\u00e1 nas mesmas modalidades previstas para pedidos apresentados por interm\u00e9dio do Consulado, permanecendo a faculdade de o interessado retirar pessoalmente a carteira diretamente no Comune escolhido.<\/p>\n<p>&nbsp;<\/p>\n","protected":false},"excerpt":{"rendered":"Nesta primeira fase, poder\u00e3o solicitar a Carteira de Identidade Eletr\u00f4nica os cidad\u00e3os italianos regularmente inscritos no AIRE que comprovem necessidade de emiss\u00e3o do documento. Recorda-se que a Carteira de Identidade Eletr\u00f4nica n\u00e3o \u00e9 v\u00e1lida para sair do Brasil com destino ao exterior. Para viagens internacionais, \u00e9 suficiente estar de posse de um passaporte v\u00e1lido. Al\u00e9m [&hellip;]","protected":false},"author":6,"featured_media":0,"parent":100,"menu_order":0,"comment_status":"closed","ping_status":"closed","template":"","meta":{"footnotes":""},"class_list":["post-10100","page","type-page","status-publish","hentry"],"_links":{"self":[{"href":"https:\/\/conssanpaolo.esteri.it\/pt\/wp-json\/wp\/v2\/pages\/10100","targetHints":{"allow":["GET"]}}],"collection":[{"href":"https:\/\/conssanpaolo.esteri.it\/pt\/wp-json\/wp\/v2\/pages"}],"about":[{"href":"https:\/\/conssanpaolo.esteri.it\/pt\/wp-json\/wp\/v2\/types\/page"}],"author":[{"embeddable":true,"href":"https:\/\/conssanpaolo.esteri.it\/pt\/wp-json\/wp\/v2\/users\/6"}],"replies":[{"embeddable":true,"href":"https:\/\/conssanpaolo.esteri.it\/pt\/wp-json\/wp\/v2\/comments?post=10100"}],"version-history":[{"count":2,"href":"https:\/\/conssanpaolo.esteri.it\/pt\/wp-json\/wp\/v2\/pages\/10100\/revisions"}],"predecessor-version":[{"id":10459,"href":"https:\/\/conssanpaolo.esteri.it\/pt\/wp-json\/wp\/v2\/pages\/10100\/revisions\/10459"}],"up":[{"embeddable":true,"href":"https:\/\/conssanpaolo.esteri.it\/pt\/wp-json\/wp\/v2\/pages\/100"}],"wp:attachment":[{"href":"https:\/\/conssanpaolo.esteri.it\/pt\/wp-json\/wp\/v2\/media?parent=10100"}],"curies":[{"name":"wp","href":"https:\/\/api.w.org\/{rel}","templated":true}]}}