{"id":101,"date":"2022-12-05T19:19:35","date_gmt":"2022-12-05T22:19:35","guid":{"rendered":"https:\/\/conssanpaolo.esteri.it\/servizi-consolari-e-visti\/servizi-per-il-cittadino-straniero\/"},"modified":"2023-12-14T12:17:20","modified_gmt":"2023-12-14T15:17:20","slug":"servizi-per-il-cittadino-straniero","status":"publish","type":"page","link":"https:\/\/conssanpaolo.esteri.it\/pt\/servizi-consolari-e-visti\/servizi-per-il-cittadino-straniero\/","title":{"rendered":"Servi\u00e7os para o cidad\u00e3o estrangeiro"},"content":{"rendered":"<p>Para os cidad\u00e3os estrangeiros este consulado emite os seguintes servi\u00e7os:<\/p>\n<ul>\n<li data-order=\"0\"><a class=\"list-item\" title=\"Cidadania\" href=\"https:\/\/conssanpaolo.esteri.it\/pt\/servizi-consolari-e-visti\/servizi-per-il-cittadino-straniero\/cittadinanza\/\">Cidadania<\/a><\/li>\n<li data-order=\"0\"><a class=\"list-item\" title=\"Vistos\" href=\"https:\/\/conssanpaolo.esteri.it\/pt\/servizi-consolari-e-visti\/servizi-per-il-cittadino-straniero\/visti\/\" data-focus-mouse=\"false\">Vistos<\/a><\/li>\n<li><a href=\"https:\/\/conssanpaolo.esteri.it\/pt\/italia-e-brasile\/diplomazia-culturale\/estudo\/declaracao-de-valor\/\">Declara\u00e7\u00e3o de Valor<\/a><\/li>\n<li><a href=\"https:\/\/conssanpaolo.esteri.it\/pt\/servizi-consolari-e-visti\/servizi-per-il-cittadino-italiano\/codice-fiscale\/\">Codice Fiscale<\/a><\/li>\n<\/ul>\n<p>Pedimos que cada se\u00e7\u00e3o seja lida com aten\u00e7\u00e3o.<\/p>\n","protected":false},"excerpt":{"rendered":"Para os cidad\u00e3os estrangeiros este consulado emite os seguintes servi\u00e7os: Cidadania Vistos Declara\u00e7\u00e3o de Valor Codice Fiscale Pedimos que cada se\u00e7\u00e3o seja lida com aten\u00e7\u00e3o.","protected":false},"author":3,"featured_media":0,"parent":29,"menu_order":0,"comment_status":"closed","ping_status":"closed","template":"","meta":{"footnotes":""},"class_list":["post-101","page","type-page","status-publish","hentry"],"_links":{"self":[{"href":"https:\/\/conssanpaolo.esteri.it\/pt\/wp-json\/wp\/v2\/pages\/101","targetHints":{"allow":["GET"]}}],"collection":[{"href":"https:\/\/conssanpaolo.esteri.it\/pt\/wp-json\/wp\/v2\/pages"}],"about":[{"href":"https:\/\/conssanpaolo.esteri.it\/pt\/wp-json\/wp\/v2\/types\/page"}],"author":[{"embeddable":true,"href":"https:\/\/conssanpaolo.esteri.it\/pt\/wp-json\/wp\/v2\/users\/3"}],"replies":[{"embeddable":true,"href":"https:\/\/conssanpaolo.esteri.it\/pt\/wp-json\/wp\/v2\/comments?post=101"}],"version-history":[{"count":3,"href":"https:\/\/conssanpaolo.esteri.it\/pt\/wp-json\/wp\/v2\/pages\/101\/revisions"}],"predecessor-version":[{"id":3472,"href":"https:\/\/conssanpaolo.esteri.it\/pt\/wp-json\/wp\/v2\/pages\/101\/revisions\/3472"}],"up":[{"embeddable":true,"href":"https:\/\/conssanpaolo.esteri.it\/pt\/wp-json\/wp\/v2\/pages\/29"}],"wp:attachment":[{"href":"https:\/\/conssanpaolo.esteri.it\/pt\/wp-json\/wp\/v2\/media?parent=101"}],"curies":[{"name":"wp","href":"https:\/\/api.w.org\/{rel}","templated":true}]}}