{"id":10043,"date":"2026-02-19T09:22:10","date_gmt":"2026-02-19T12:22:10","guid":{"rendered":"https:\/\/conssanpaolo.esteri.it\/italia-e-brasile\/diplomazia-culturale\/estudo\/declaracao-de-valor\/dichiarazione-di-valore-corso-tecnico\/"},"modified":"2026-03-05T09:49:28","modified_gmt":"2026-03-05T12:49:28","slug":"dichiarazione-di-valore-corso-tecnico","status":"publish","type":"page","link":"https:\/\/conssanpaolo.esteri.it\/pt\/italia-e-brasile\/diplomazia-culturale\/estudo\/declaracao-de-valor\/instdichvalore\/dichiarazione-di-valore-corso-tecnico\/","title":{"rendered":"Declara\u00e7\u00e3o de valor \u2013 curso t\u00e9cnico"},"content":{"rendered":"<p>Para solicitar a declara\u00e7\u00e3o de valor relativa ao\u00a0<strong>diploma de curso t\u00e9cnico<\/strong>\u00a0\u00e9 necess\u00e1rio:<\/p>\n<ul>\n<li>Ler atentamente as instru\u00e7\u00f5es elencadas na se\u00e7\u00e3o anterior (<strong><a href=\"https:\/\/conssanpaolo.esteri.it\/pt\/italia-e-brasile\/diplomazia-culturale\/estudo\/declaracao-de-valor\/instdichvalore\">clique aqui<\/a><\/strong>) para N\u00c3O COMETER ERROS ao preparar os documentos abaixo;<\/li>\n<li><strong>FORMUL\u00c1RIO\u00a0<\/strong>(<a href=\"https:\/\/conssanpaolo.esteri.it\/wp-content\/uploads\/2026\/02\/domanda-ddv-nuova.pdf\"><strong>clique aqui\u00a0<\/strong><\/a>para baixar) devidamente preenchido, datado e assinado pelo interessado;<\/li>\n<li>C\u00f3pia simples do documento de identidade do interessado (RG, CNH ou passaporte v\u00e1lidos);<\/li>\n<li><strong>HIST\u00d3RICO ESCOLAR ORIGINAL DO\u00a0<u>ENSINO M\u00c9DIO<\/u><\/strong>, onde constem todos os anos conclu\u00eddos, com\u00a0<em>apostilla<\/em>\u00a0e tradu\u00e7\u00e3o juramentada para o italiano tamb\u00e9m com\u00a0<em>apostilla<\/em>;<\/li>\n<li><strong>LAUDA DE CONCLUINTE <\/strong><br \/>\nQuando o Ensino M\u00e9dio \u00e9 conclu\u00eddo, \u00e9 feita uma publica\u00e7\u00e3o pela Secretaria de Educa\u00e7\u00e3o competente no Di\u00e1rio Oficial.<br \/>\nO documento que deve ser apresentado pode ter diferentes nomes ou formatos dependendo do estado brasileiro onde \u00e9 feito.<br \/>\nEle pode se chamar: lauda de concluinte OU publica\u00e7\u00e3o de nome de concluinte OU consulta p\u00fablica de concluintes.<br \/>\nEle pode ser: impresso da internet, c\u00f3pia da p\u00e1gina do di\u00e1rio oficial, carimbo (visto\/confere) da secretaria de educa\u00e7\u00e3o no seu hist\u00f3rico escolar do ensino m\u00e9dio ou uma declara\u00e7\u00e3o emitida pela secretaria de educa\u00e7\u00e3o.<br \/>\nN\u00e3o \u00e9 preciso reconhecimento de firma, apostilla ou tradu\u00e7\u00e3o neste documento.<\/li>\n<\/ul>\n<p style=\"padding-left: 40px;\">Se o Ensino M\u00e9dio foi conclu\u00eddo no Estado de S\u00e3o Paulo antes de 2003, a c\u00f3pia da p\u00e1gina do Di\u00e1rio Oficial onde consta a \u201cLauda de Concluinte\u201d pode ser solicitada no IMESP (Imprensa Oficial do Estado de S\u00e3o Paulo) e o nome do interessado deve ser destacado (com marca-texto, por exemplo).<br \/>\nDesde 2003 a \u201cLauda de Concluinte\u201d pode ser encontrada on-line no site da GDAE-SP.<br \/>\nPara t\u00edtulos obtidos antes de 1980 ou nos Estados de MT, MS, AC, RO, normalmente consta no pr\u00f3prio Hist\u00f3rico Escolar o carimbo de \u201cVisto Confere\u201d da Secret\u00e1ria de Educa\u00e7\u00e3o\/Delegacia de Ensino competente.<\/p>\n<ul>\n<li><strong>DIPLOMA DO CURSO T\u00c9CNICO<\/strong>\u00a0com\u00a0<em>apostilla<\/em>\u00a0e tradu\u00e7\u00e3o juramentada para o italiano tamb\u00e9m com\u00a0<em>apostilla;<\/em><\/li>\n<li><strong>DECLARA\u00c7\u00c3O ORIGINAL<\/strong>\u00a0<strong>DE AUTENTICIDADE DO DIPLOMA<\/strong>\u00a0(<a href=\"https:\/\/conssanpaolo.esteri.it\/wp-content\/uploads\/2026\/03\/CONFIRMACAO-DE-AUTENTICIDADE-DIPLOMA.pdf\">clique aqui\u00a0<\/a>para baixar) preenchida pela universidade e com firma reconhecida do respons\u00e1vel (n\u00e3o \u00e9 necess\u00e1ria\u00a0<em>apostilla<\/em>\u00a0ou tradu\u00e7\u00e3o neste documento);<\/li>\n<li><strong>HIST\u00d3RICO ESCOLAR ORIGINAL DO CURSO T\u00c9CNICO<\/strong>\u00a0 com\u00a0<em>apostilla<\/em>\u00a0e tradu\u00e7\u00e3o juramentada para o italiano tamb\u00e9m com\u00a0<em>apostilla;<\/em><\/li>\n<li><strong>DECLARA\u00c7\u00c3O ORIGINAL<\/strong>\u00a0<strong>DE AUTENTICIDADE DO HIST\u00d3RICO ESCOLAR\u00a0<\/strong>(<a href=\"https:\/\/conssanpaolo.esteri.it\/wp-content\/uploads\/2026\/03\/CONFIRMACAO-DE-AUTENTICIDADE-DE-HISTORICO-ACADEMICO.pdf\">clique aqui\u00a0<\/a>para baixar) preenchida pela institui\u00e7\u00e3o e com firma reconhecida do respons\u00e1vel (n\u00e3o \u00e9 necess\u00e1ria\u00a0<em>apostilla<\/em>\u00a0ou tradu\u00e7\u00e3o neste documento);<\/li>\n<li>C\u00f3pia simples de toda a documenta\u00e7\u00e3o acima, frente e verso;<\/li>\n<li>C\u00f3pia simples a mais do Diploma completo (frente e verso, original e tradu\u00e7\u00e3o, que ser\u00e1 anexada\u00a0<em>\u00e0 declara\u00e7\u00e3o de valor<\/em>).<\/li>\n<\/ul>\n<p><strong><u>Caso queira <\/u>reconhecer a profiss\u00e3o habilitada pelo curso t\u00e9cnico<\/strong>, al\u00e9m dos documentos acima, ser\u00e1 necess\u00e1rio apresentar tamb\u00e9m:<\/p>\n<ul>\n<li><strong>DECLARA\u00c7\u00c3O SOBRE A PROFISS\u00c3O<\/strong><\/li>\n<\/ul>\n<p style=\"padding-left: 40px;\"><strong>&#8211; SE A SUA <u>PROFISS\u00c3O \u00c9 REGULAMENTADA<\/u> NO BRASIL<\/strong><\/p>\n<ul>\n<li style=\"list-style-type: none;\">\n<ul>\n<li style=\"list-style-type: none;\">\n<ul>\n<li style=\"list-style-type: none;\">\n<ul>\n<li>DECLARA\u00c7\u00c3O ORIGINAL DO CONSELHO FEDERAL\/REGIONAL DA PROFISS\u00c3O ou \u00f3rg\u00e3o competente (com apostilla e tradu\u00e7\u00e3o juramentada para o italiano tamb\u00e9m com apostilla) onde conste claramente:\n<ul>\n<li>Que o interessado est\u00e1 (ou esteve em qual per\u00edodo) ativamente inscrito e desde quando<\/li>\n<li>N\u00famero da inscri\u00e7\u00e3o<\/li>\n<li>Os dados da Lei Federal que regulamenta o exerc\u00edcio da profiss\u00e3o no Brasil<\/li>\n<li>Aus\u00eancia de impedimento ao leg\u00edtimo exerc\u00edcio da profiss\u00e3o no Brasil<\/li>\n<li>ATEN\u00c7\u00c3O: esta declara\u00e7\u00e3o do Conselho deve ter sido <strong>emitida h\u00e1 menos de 90 dias<\/strong><\/li>\n<\/ul>\n<\/li>\n<\/ul>\n<\/li>\n<\/ul>\n<\/li>\n<\/ul>\n<\/li>\n<\/ul>\n<p style=\"padding-left: 40px;\"><strong>\u00a0<\/strong><strong>&#8211; SE A SUA <u>PROFISS\u00c3O N\u00c3O \u00c9 REGULAMENTADA<\/u> NO BRASIL<\/strong><\/p>\n<p style=\"padding-left: 40px;\">Se a profiss\u00e3o n\u00e3o tiver um Conselho pr\u00f3prio e n\u00e3o for regulamentada pela legisla\u00e7\u00e3o local, <strong>a institui\u00e7\u00e3o de ensino competente pela emiss\u00e3o do t\u00edtulo\/diploma\/certificado deve fazer uma <\/strong><\/p>\n<ul>\n<li style=\"list-style-type: none;\">\n<ul>\n<li style=\"list-style-type: none;\">\n<ul>\n<li>DECLARA\u00c7\u00c3O (que deve ter apostilla e tradu\u00e7\u00e3o juramentada para o italiano tamb\u00e9m com apostilla) <strong>onde esteja esclarecido:<\/strong>\n<ul>\n<li>Que o t\u00edtulo\/certificado emitido possibilita o exerc\u00edcio de profiss\u00e3o n\u00e3o regulamentada pela legisla\u00e7\u00e3o local<\/li>\n<li>Atividades profissionais que o t\u00edtulo\/certificado habilita a exercer no Brasil<\/li>\n<li>Se para a obten\u00e7\u00e3o do t\u00edtulo \u00e9 necess\u00e1rio est\u00e1gio e\/ou aulas pr\u00e1ticas na \u00e1rea da profiss\u00e3o n\u00e3o regulamentada que ser\u00e1 exercida futuramente<\/li>\n<\/ul>\n<\/li>\n<\/ul>\n<\/li>\n<\/ul>\n<\/li>\n<\/ul>\n","protected":false},"excerpt":{"rendered":"Para solicitar a declara\u00e7\u00e3o de valor relativa ao\u00a0diploma de curso t\u00e9cnico\u00a0\u00e9 necess\u00e1rio: Ler atentamente as instru\u00e7\u00f5es elencadas na se\u00e7\u00e3o anterior (clique aqui) para N\u00c3O COMETER ERROS ao preparar os documentos abaixo; FORMUL\u00c1RIO\u00a0(clique aqui\u00a0para baixar) devidamente preenchido, datado e assinado pelo interessado; C\u00f3pia simples do documento de identidade do interessado (RG, CNH ou passaporte v\u00e1lidos); HIST\u00d3RICO [&hellip;]","protected":false},"author":6,"featured_media":0,"parent":7938,"menu_order":0,"comment_status":"closed","ping_status":"closed","template":"","meta":{"footnotes":""},"class_list":["post-10043","page","type-page","status-publish","hentry"],"_links":{"self":[{"href":"https:\/\/conssanpaolo.esteri.it\/pt\/wp-json\/wp\/v2\/pages\/10043","targetHints":{"allow":["GET"]}}],"collection":[{"href":"https:\/\/conssanpaolo.esteri.it\/pt\/wp-json\/wp\/v2\/pages"}],"about":[{"href":"https:\/\/conssanpaolo.esteri.it\/pt\/wp-json\/wp\/v2\/types\/page"}],"author":[{"embeddable":true,"href":"https:\/\/conssanpaolo.esteri.it\/pt\/wp-json\/wp\/v2\/users\/6"}],"replies":[{"embeddable":true,"href":"https:\/\/conssanpaolo.esteri.it\/pt\/wp-json\/wp\/v2\/comments?post=10043"}],"version-history":[{"count":6,"href":"https:\/\/conssanpaolo.esteri.it\/pt\/wp-json\/wp\/v2\/pages\/10043\/revisions"}],"predecessor-version":[{"id":10254,"href":"https:\/\/conssanpaolo.esteri.it\/pt\/wp-json\/wp\/v2\/pages\/10043\/revisions\/10254"}],"up":[{"embeddable":true,"href":"https:\/\/conssanpaolo.esteri.it\/pt\/wp-json\/wp\/v2\/pages\/7938"}],"wp:attachment":[{"href":"https:\/\/conssanpaolo.esteri.it\/pt\/wp-json\/wp\/v2\/media?parent=10043"}],"curies":[{"name":"wp","href":"https:\/\/api.w.org\/{rel}","templated":true}]}}