{"id":100,"date":"2022-12-05T19:19:22","date_gmt":"2022-12-05T22:19:22","guid":{"rendered":"https:\/\/conssanpaolo.esteri.it\/servizi-consolari-e-visti\/servizi-per-il-cittadino-italiano\/"},"modified":"2026-02-20T09:46:48","modified_gmt":"2026-02-20T12:46:48","slug":"servizi-per-il-cittadino-italiano","status":"publish","type":"page","link":"https:\/\/conssanpaolo.esteri.it\/pt\/servizi-consolari-e-visti\/servizi-per-il-cittadino-italiano\/","title":{"rendered":"Servizi per il cittadino italiano"},"content":{"rendered":"<p>Os servi\u00e7os consulares s\u00e3o prestados segundo os princ\u00edpios de igualdade, imparcialidade, efici\u00eancia e transpar\u00eancia.<\/p>\n<p>Os consulados garantem a prote\u00e7\u00e3o de todos os compatriotas em caso de viola\u00e7\u00e3o de seus direitos fundamentais e limita\u00e7\u00e3o ou priva\u00e7\u00e3o de sua liberdade pessoal. Todos os servi\u00e7os prestados e os regulamentos s\u00e3o descritos pelo Minist\u00e9rio das Rela\u00e7\u00f5es Exteriores neste <a href=\"https:\/\/www.esteri.it\/it\/servizi-consolari-e-visti\/\">link<\/a>.<\/p>\n<ul>\n<li data-order=\"0\"><a class=\"list-item\" title=\"Passaportes\" href=\"https:\/\/conssanpaolo.esteri.it\/pt\/servizi-consolari-e-visti\/servizi-per-il-cittadino-italiano\/passaporti\/\">Passaportes<\/a><\/li>\n<li data-order=\"0\"><a class=\"list-item\" title=\"Registro de italianos residentes no exterior (AIRE)\" href=\"https:\/\/conssanpaolo.esteri.it\/pt\/servizi-consolari-e-visti\/servizi-per-il-cittadino-italiano\/anagrafe-degli-italiani-residenti-allestero-aire\/\">Registro de italianos residentes no exterior (AIRE)<\/a><\/li>\n<li data-order=\"0\"><a class=\"list-item\" title=\"Registro Civil\" href=\"https:\/\/conssanpaolo.esteri.it\/pt\/servizi-consolari-e-visti\/servizi-per-il-cittadino-italiano\/stato-civile\/\">Registro Civil<\/a><\/li>\n<li data-order=\"0\"><a class=\"list-item\" title=\"Assist\u00eancia a cidad\u00e3os no estrangeiro\" href=\"https:\/\/conssanpaolo.esteri.it\/pt\/servizi-consolari-e-visti\/servizi-per-il-cittadino-italiano\/assistenza-ai-cittadini-allestero\/\">Assist\u00eancia a cidad\u00e3os no estrangeiro<\/a><\/li>\n<li data-order=\"0\"><a class=\"list-item\" title=\"Servi\u00e7o Eleitoral\" href=\"https:\/\/conssanpaolo.esteri.it\/pt\/servizi-consolari-e-visti\/servizi-per-il-cittadino-italiano\/servizi-elettorali\/\">Servi\u00e7o Eleitoral<\/a><\/li>\n<li data-order=\"0\"><a class=\"list-item\" title=\"Servi\u00e7os notariais\" href=\"https:\/\/conssanpaolo.esteri.it\/pt\/servizi-consolari-e-visti\/servizi-per-il-cittadino-italiano\/servizi-notarili\/\">Servi\u00e7os notariais<\/a><\/li>\n<li data-order=\"0\"><a href=\"https:\/\/conssanpaolo.esteri.it\/pt\/italia-e-brasile\/diplomazia-culturale\/estudo\/declaracao-de-valor\/\">Declara\u00e7\u00e3o de valor<\/a><\/li>\n<li data-order=\"0\"><a href=\"https:\/\/conssanpaolo.esteri.it\/pt\/servizi-consolari-e-visti\/servizi-per-il-cittadino-italiano\/autoveicoli-e-patenti-di-guida\/\">Carteira de Motorista (Patente guida)<\/a><\/li>\n<li data-order=\"0\"><a class=\"list-item\" title=\"O &quot;Codice Fiscale&quot;\" href=\"https:\/\/conssanpaolo.esteri.it\/pt\/servizi-consolari-e-visti\/servizi-per-il-cittadino-italiano\/codice-fiscale\/\">O &#8220;Codice Fiscale&#8221;<\/a><\/li>\n<li data-order=\"0\"><a class=\"list-item\" title=\"Pens\u00e3o e seguran\u00e7a social\" href=\"https:\/\/conssanpaolo.esteri.it\/pt\/servizi-consolari-e-visti\/servizi-per-il-cittadino-italiano\/pensioni-e-sicurezza-sociale\/\">Pens\u00e3o e seguran\u00e7a social<\/a><\/li>\n<li data-order=\"0\"><a class=\"list-item\" title=\"SPID\" href=\"https:\/\/conssanpaolo.esteri.it\/pt\/servizi-consolari-e-visti\/servizi-per-il-cittadino-italiano\/spid\/\">SPID<\/a><\/li>\n<li data-order=\"10\"><a class=\"list-item\" title=\"Atestados de Registro Civil\" href=\"https:\/\/conssanpaolo.esteri.it\/pt\/servizi-consolari-e-visti\/servizi-per-il-cittadino-italiano\/rilascio-certificati-consolari\/\">Atestados de Registro Civil<\/a><\/li>\n<li data-order=\"13\"><a class=\"list-item\" title=\"Apostile, tradu\u00e7\u00f5es e apresenta\u00e7\u00e3o de documentos\" href=\"https:\/\/conssanpaolo.esteri.it\/pt\/servizi-consolari-e-visti\/servizi-per-il-cittadino-italiano\/traduzione-e-legalizzazione-dei-documenti\/\">Apostile, tradu\u00e7\u00f5es e apresenta\u00e7\u00e3o de documentos<\/a><\/li>\n<li data-order=\"14\"><a class=\"list-item\" title=\"Outros servi\u00e7os\" href=\"https:\/\/conssanpaolo.esteri.it\/pt\/servizi-consolari-e-visti\/servizi-per-il-cittadino-italiano\/altri-servizi\/\">Outros servi\u00e7os<\/a><\/li>\n<li data-order=\"14\"><a href=\"https:\/\/conssanpaolo.esteri.it\/pt\/servizi-consolari-e-visti\/servizi-per-il-cittadino-italiano\/altri-servizi\/albo-consolare\/\">Registro Consular<\/a><\/li>\n<li data-order=\"14\"><a href=\"https:\/\/conssanpaolo.esteri.it\/pt\/servizi-consolari-e-visti\/servizi-per-il-cittadino-italiano\/carta-di-identita-elettronica-cie\/\"><span style=\"text-decoration: underline;\">Carteira de identidade (CIE)<\/span><\/a><\/li>\n<\/ul>\n","protected":false},"excerpt":{"rendered":"Os servi\u00e7os consulares s\u00e3o prestados segundo os princ\u00edpios de igualdade, imparcialidade, efici\u00eancia e transpar\u00eancia. Os consulados garantem a prote\u00e7\u00e3o de todos os compatriotas em caso de viola\u00e7\u00e3o de seus direitos fundamentais e limita\u00e7\u00e3o ou priva\u00e7\u00e3o de sua liberdade pessoal. Todos os servi\u00e7os prestados e os regulamentos s\u00e3o descritos pelo Minist\u00e9rio das Rela\u00e7\u00f5es Exteriores neste link. [&hellip;]","protected":false},"author":3,"featured_media":0,"parent":29,"menu_order":0,"comment_status":"closed","ping_status":"closed","template":"","meta":{"footnotes":""},"class_list":["post-100","page","type-page","status-publish","hentry"],"_links":{"self":[{"href":"https:\/\/conssanpaolo.esteri.it\/pt\/wp-json\/wp\/v2\/pages\/100","targetHints":{"allow":["GET"]}}],"collection":[{"href":"https:\/\/conssanpaolo.esteri.it\/pt\/wp-json\/wp\/v2\/pages"}],"about":[{"href":"https:\/\/conssanpaolo.esteri.it\/pt\/wp-json\/wp\/v2\/types\/page"}],"author":[{"embeddable":true,"href":"https:\/\/conssanpaolo.esteri.it\/pt\/wp-json\/wp\/v2\/users\/3"}],"replies":[{"embeddable":true,"href":"https:\/\/conssanpaolo.esteri.it\/pt\/wp-json\/wp\/v2\/comments?post=100"}],"version-history":[{"count":6,"href":"https:\/\/conssanpaolo.esteri.it\/pt\/wp-json\/wp\/v2\/pages\/100\/revisions"}],"predecessor-version":[{"id":10106,"href":"https:\/\/conssanpaolo.esteri.it\/pt\/wp-json\/wp\/v2\/pages\/100\/revisions\/10106"}],"up":[{"embeddable":true,"href":"https:\/\/conssanpaolo.esteri.it\/pt\/wp-json\/wp\/v2\/pages\/29"}],"wp:attachment":[{"href":"https:\/\/conssanpaolo.esteri.it\/pt\/wp-json\/wp\/v2\/media?parent=100"}],"curies":[{"name":"wp","href":"https:\/\/api.w.org\/{rel}","templated":true}]}}