{"id":878,"date":"2023-06-21T17:13:11","date_gmt":"2023-06-21T15:13:11","guid":{"rendered":"https:\/\/conssanpaolo.esteri.it\/?page_id=878"},"modified":"2025-08-19T11:17:03","modified_gmt":"2025-08-19T14:17:03","slug":"autorizzazione-di-viaggio-per-minori-che-viaggiano-senza-entrambe-i-genitori","status":"publish","type":"page","link":"https:\/\/conssanpaolo.esteri.it\/it\/servizi-consolari-e-visti\/servizi-per-il-cittadino-italiano\/passaporti\/autorizzazione-di-viaggio-per-minori-che-viaggiano-senza-entrambe-i-genitori\/","title":{"rendered":"Autorizzazione di viaggio per minori (che viaggiano senza entrambi i genitori)"},"content":{"rendered":"<p>L&#8217;autorizzazione di viaggio \u00e8 necessaria solo per i minori di 14 anni che viaggeranno con il passaporto italiano valido e senza entrambe i genitori. Qualora il minore viaggi con uno dei due genitori, per le autorit\u00e0 italiane, non servir\u00e0 fare l&#8217;autorizzazione.<\/p>\n<p>Per questo servizio non \u00e8 necessaria alcuna prenotazione. Entrambi i genitori devono presentarsi, da marted\u00ec a gioved\u00ec, dalle 09.00 alle 11.30, muniti di quanto segue:<\/p>\n<ul>\n<li>copia del biglietto aereo;<\/li>\n<li>copia del passaporto italiano valido del minore;<\/li>\n<li>documento d&#8217;identit\u00e0 di entrambe i genitori (uno dei seguenti&gt; RG rilasciato da meno di 10 anni, RNE, carta d\u2019identit\u00e0 valida, patente di guida in corso di validit\u00e0);<\/li>\n<li>copia del documento o dati completi della persona (fisica o giuridica) che accompagner\u00e0 il minore.<\/li>\n<\/ul>\n","protected":false},"excerpt":{"rendered":"L&#8217;autorizzazione di viaggio \u00e8 necessaria solo per i minori di 14 anni che viaggeranno con il passaporto italiano valido e senza entrambe i genitori. Qualora il minore viaggi con uno dei due genitori, per le autorit\u00e0 italiane, non servir\u00e0 fare l&#8217;autorizzazione. Per questo servizio non \u00e8 necessaria alcuna prenotazione. Entrambi i genitori devono presentarsi, da [&hellip;]","protected":false},"author":6,"featured_media":0,"parent":147,"menu_order":0,"comment_status":"closed","ping_status":"closed","template":"","meta":{"footnotes":""},"class_list":["post-878","page","type-page","status-publish","hentry"],"_links":{"self":[{"href":"https:\/\/conssanpaolo.esteri.it\/it\/wp-json\/wp\/v2\/pages\/878","targetHints":{"allow":["GET"]}}],"collection":[{"href":"https:\/\/conssanpaolo.esteri.it\/it\/wp-json\/wp\/v2\/pages"}],"about":[{"href":"https:\/\/conssanpaolo.esteri.it\/it\/wp-json\/wp\/v2\/types\/page"}],"author":[{"embeddable":true,"href":"https:\/\/conssanpaolo.esteri.it\/it\/wp-json\/wp\/v2\/users\/6"}],"replies":[{"embeddable":true,"href":"https:\/\/conssanpaolo.esteri.it\/it\/wp-json\/wp\/v2\/comments?post=878"}],"version-history":[{"count":2,"href":"https:\/\/conssanpaolo.esteri.it\/it\/wp-json\/wp\/v2\/pages\/878\/revisions"}],"predecessor-version":[{"id":8843,"href":"https:\/\/conssanpaolo.esteri.it\/it\/wp-json\/wp\/v2\/pages\/878\/revisions\/8843"}],"up":[{"embeddable":true,"href":"https:\/\/conssanpaolo.esteri.it\/it\/wp-json\/wp\/v2\/pages\/147"}],"wp:attachment":[{"href":"https:\/\/conssanpaolo.esteri.it\/it\/wp-json\/wp\/v2\/media?parent=878"}],"curies":[{"name":"wp","href":"https:\/\/api.w.org\/{rel}","templated":true}]}}