{"id":870,"date":"2023-06-21T16:20:46","date_gmt":"2023-06-21T14:20:46","guid":{"rendered":"https:\/\/conssanpaolo.esteri.it\/?page_id=870"},"modified":"2023-08-15T20:25:31","modified_gmt":"2023-08-15T18:25:31","slug":"e-possibile-aggiungere-sul-passaporto-il-cognome-che-ho-adottato-in-brasile-dopo-il-mio-matrimonio","status":"publish","type":"page","link":"https:\/\/conssanpaolo.esteri.it\/it\/servizi-consolari-e-visti\/servizi-per-il-cittadino-italiano\/passaporti\/e-possibile-aggiungere-sul-passaporto-il-cognome-che-ho-adottato-in-brasile-dopo-il-mio-matrimonio\/","title":{"rendered":"\u00c8 possibile aggiungere sul passaporto il cognome che ho adottato in Brasile dopo il mio matrimonio?"},"content":{"rendered":"<p>Il cambio cognome in virt\u00f9 del matrimonio non \u00e8 riconosciuto dall&#8217;ordinamento giuridico italiano. In tal senso il cognome del richiedente rimane lo stesso.<\/p>\n<p>Sar\u00e0 possibile, dopo la conclusione del registro del proprio matrimonio in questo Consolato (ulteriori informazioni\u00a0<a href=\"https:\/\/conssanpaolo.esteri.it\/it\/servizi-consolari-e-visti\/servizi-per-il-cittadino-italiano\/stato-civile\/\">qui<\/a>), aggiungere come osservazione, nella pag. 4 del passaporto, l&#8217;intero cognome del coniuge,<\/p>\n<p>Questa osservazione potr\u00e0 essere inserita nel momento del rilascio di un nuovo passaporto o al passaporto in possesso dell&#8217;interessato, purch\u00e9 valido, qualora il registro del matrimonio sia concluso.<\/p>\n","protected":false},"excerpt":{"rendered":"Il cambio cognome in virt\u00f9 del matrimonio non \u00e8 riconosciuto dall&#8217;ordinamento giuridico italiano. In tal senso il cognome del richiedente rimane lo stesso. Sar\u00e0 possibile, dopo la conclusione del registro del proprio matrimonio in questo Consolato (ulteriori informazioni\u00a0qui), aggiungere come osservazione, nella pag. 4 del passaporto, l&#8217;intero cognome del coniuge, Questa osservazione potr\u00e0 essere inserita [&hellip;]","protected":false},"author":6,"featured_media":0,"parent":147,"menu_order":0,"comment_status":"closed","ping_status":"closed","template":"","meta":{"footnotes":""},"class_list":["post-870","page","type-page","status-publish","hentry"],"_links":{"self":[{"href":"https:\/\/conssanpaolo.esteri.it\/it\/wp-json\/wp\/v2\/pages\/870","targetHints":{"allow":["GET"]}}],"collection":[{"href":"https:\/\/conssanpaolo.esteri.it\/it\/wp-json\/wp\/v2\/pages"}],"about":[{"href":"https:\/\/conssanpaolo.esteri.it\/it\/wp-json\/wp\/v2\/types\/page"}],"author":[{"embeddable":true,"href":"https:\/\/conssanpaolo.esteri.it\/it\/wp-json\/wp\/v2\/users\/6"}],"replies":[{"embeddable":true,"href":"https:\/\/conssanpaolo.esteri.it\/it\/wp-json\/wp\/v2\/comments?post=870"}],"version-history":[{"count":0,"href":"https:\/\/conssanpaolo.esteri.it\/it\/wp-json\/wp\/v2\/pages\/870\/revisions"}],"up":[{"embeddable":true,"href":"https:\/\/conssanpaolo.esteri.it\/it\/wp-json\/wp\/v2\/pages\/147"}],"wp:attachment":[{"href":"https:\/\/conssanpaolo.esteri.it\/it\/wp-json\/wp\/v2\/media?parent=870"}],"curies":[{"name":"wp","href":"https:\/\/api.w.org\/{rel}","templated":true}]}}