{"id":8572,"date":"2025-07-28T12:34:48","date_gmt":"2025-07-28T15:34:48","guid":{"rendered":"https:\/\/conssanpaolo.esteri.it\/?page_id=8572"},"modified":"2025-08-06T11:23:58","modified_gmt":"2025-08-06T14:23:58","slug":"registro-di-figli-di-cittadino-italiano-che-ha-vissuto-in-italia-per-almeno-due-anni-continuativi","status":"publish","type":"page","link":"https:\/\/conssanpaolo.esteri.it\/it\/servizi-consolari-e-visti\/servizi-per-il-cittadino-straniero\/cittadinanza\/acquisto-citt-minori\/menores-jure-sanguinis\/registro-di-figli-di-cittadino-italiano-che-ha-vissuto-in-italia-per-almeno-due-anni-continuativi\/","title":{"rendered":"Registro de Filhos de cidad\u00e3o italiano que possuam outra cidadania e que tenham residido na It\u00e1lia por dois anos consecutivos"},"content":{"rendered":"<p data-start=\"0\" data-end=\"388\"><strong>A altera\u00e7\u00e3o normativa<\/strong>, introduzida pela Lei 74\/2025, que converteu com modifica\u00e7\u00f5es o Decreto-Lei n. 35\/2025, estabelece que o <strong>filho de genitor(es) italiano(s), que possuam outra cidadania e que tenham residido na It\u00e1lia por dois anos consecutivos ap\u00f3s a aquisi\u00e7\u00e3o da cidadania italiana e antes do nascimento do filho<\/strong>, \u00e9 considerado italiano desde o nascimento\/<em data-start=\"371\" data-end=\"387\">jure sanguinis<\/em>.<\/p>\n<p data-start=\"390\" data-end=\"795\">Nesses casos, para registrar o nascimento do filho nos Registros do Estado Civil italiano, o genitor cidad\u00e3o italiano, residente nesta circunscri\u00e7\u00e3o consular e regularmente inscrito no AIRE, dever\u00e1 enviar por correio com aviso de recebimento ao seguinte endere\u00e7o:<\/p>\n<p data-start=\"390\" data-end=\"795\">A\/C Ufficio Stato Civile, Consolato Generale d&#8217;Italia in San Paolo, Avenida Paulista 1963, 01311-300 S\u00e3o Paulo (SP),<\/p>\n<p data-start=\"390\" data-end=\"795\">a seguinte documenta\u00e7\u00e3o:<\/p>\n<ul>\n<li data-start=\"797\" data-end=\"1963\"><strong><em>&#8216;Certificato di residenza storica&#8217;<\/em><\/strong> original, emitida pelo Comune italiano competente;<\/li>\n<li><strong><em>Dichiarazione sostitutiva di certificazione<\/em>,\u00a0<\/strong>preenchido pelo genitor italiano e assinado por ambos os genitores do menor<strong>.\u00a0<\/strong><a href=\"https:\/\/conssanpaolo.esteri.it\/wp-content\/uploads\/2025\/07\/dichiarazione-sostitutiva-figli-residenti__.pdf\">Clique aqui<\/a> para fazer download.<\/li>\n<li>C\u00f3pia simples de um documento de identidade v\u00e1lido de ambos os genitores (passaporte italiano\/brasileiro, RG, CIN, carteira de identidade ou CNH).<\/li>\n<li><strong>2\u00aa via original da certid\u00e3o de nascimento<\/strong> do menor (em \u201cinteiro teor\u201d), emitida h\u00e1 menos de 6 meses, apostilada e traduzida para o italiano por tradutor juramentado no Brasil (a tradu\u00e7\u00e3o tamb\u00e9m deve estar apostilada). Caso o menor tenha nascido de pais n\u00e3o casados, ou ainda antes do casamento,\u00a0<a href=\"https:\/\/conssanpaolo.esteri.it\/it\/servizi-consolari-e-visti\/servizi-per-il-cittadino-straniero\/cittadinanza\/minore-i-residente-i-in-questa-circoscrizione-consolare\/figli-nati-prima-o-fuori-dal-matrimonio\/\">clique aqui<\/a>. Se o menor foi adotado,\u00a0<a href=\"https:\/\/conssanpaolo.esteri.it\/it\/servizi-consolari-e-visti\/servizi-per-il-cittadino-straniero\/cittadinanza\/acquisto-citt-minori\/minori-adottati\/\">clique aqui<\/a>. Se o menor nasceu em pa\u00eds diferente do Brasil,\u00a0<a href=\"https:\/\/conssanpaolo.esteri.it\/it\/servizi-consolari-e-visti\/servizi-per-il-cittadino-straniero\/cittadinanza\/nascite-avvenute-fuori-dal-brasile\/\">clique aqui<\/a>.<\/li>\n<li><strong>Comprovante de resid\u00eancia recente em nome do genitor italiano requerente.<\/strong>\u00a0<a href=\"https:\/\/conssanpaolo.esteri.it\/it\/servizi-consolari-e-visti\/servizi-per-il-cittadino-italiano\/prove-di-residenza-accettate\/\">Verifique aqui<\/a>\u00a0quais s\u00e3o os comprovantes de resid\u00eancia aceitos. Caso o outro genitor n\u00e3o assine o formul\u00e1rio, o genitor italiano requerente dever\u00e1 informar o motivo da aus\u00eancia de autoriza\u00e7\u00e3o e indicar os dados de contato do outro genitor (telefone, endere\u00e7o residencial\/profissional e\/ou e-mail).<\/li>\n<\/ul>\n","protected":false},"excerpt":{"rendered":"A altera\u00e7\u00e3o normativa, introduzida pela Lei 74\/2025, que converteu com modifica\u00e7\u00f5es o Decreto-Lei n. 35\/2025, estabelece que o filho de genitor(es) italiano(s), que possuam outra cidadania e que tenham residido na It\u00e1lia por dois anos consecutivos ap\u00f3s a aquisi\u00e7\u00e3o da cidadania italiana e antes do nascimento do filho, \u00e9 considerado italiano desde o nascimento\/jure sanguinis. [&hellip;]","protected":false},"author":6,"featured_media":0,"parent":8035,"menu_order":3,"comment_status":"closed","ping_status":"closed","template":"","meta":{"footnotes":""},"class_list":["post-8572","page","type-page","status-publish","hentry"],"_links":{"self":[{"href":"https:\/\/conssanpaolo.esteri.it\/it\/wp-json\/wp\/v2\/pages\/8572","targetHints":{"allow":["GET"]}}],"collection":[{"href":"https:\/\/conssanpaolo.esteri.it\/it\/wp-json\/wp\/v2\/pages"}],"about":[{"href":"https:\/\/conssanpaolo.esteri.it\/it\/wp-json\/wp\/v2\/types\/page"}],"author":[{"embeddable":true,"href":"https:\/\/conssanpaolo.esteri.it\/it\/wp-json\/wp\/v2\/users\/6"}],"replies":[{"embeddable":true,"href":"https:\/\/conssanpaolo.esteri.it\/it\/wp-json\/wp\/v2\/comments?post=8572"}],"version-history":[{"count":6,"href":"https:\/\/conssanpaolo.esteri.it\/it\/wp-json\/wp\/v2\/pages\/8572\/revisions"}],"predecessor-version":[{"id":8729,"href":"https:\/\/conssanpaolo.esteri.it\/it\/wp-json\/wp\/v2\/pages\/8572\/revisions\/8729"}],"up":[{"embeddable":true,"href":"https:\/\/conssanpaolo.esteri.it\/it\/wp-json\/wp\/v2\/pages\/8035"}],"wp:attachment":[{"href":"https:\/\/conssanpaolo.esteri.it\/it\/wp-json\/wp\/v2\/media?parent=8572"}],"curies":[{"name":"wp","href":"https:\/\/api.w.org\/{rel}","templated":true}]}}