{"id":8531,"date":"2025-07-28T10:08:29","date_gmt":"2025-07-28T13:08:29","guid":{"rendered":"https:\/\/conssanpaolo.esteri.it\/?page_id=8531"},"modified":"2025-08-06T11:18:14","modified_gmt":"2025-08-06T14:18:14","slug":"minori-ascendente-secondo-grado","status":"publish","type":"page","link":"https:\/\/conssanpaolo.esteri.it\/it\/servizi-consolari-e-visti\/servizi-per-il-cittadino-straniero\/cittadinanza\/acquisto-citt-minori\/menores-jure-sanguinis\/minori-ascendente-secondo-grado\/","title":{"rendered":"Registro di Figli che hanno un ascendente di secondo grado esclusivamente italiano al momento della nascita"},"content":{"rendered":"<p data-start=\"0\" data-end=\"300\">A altera\u00e7\u00e3o normativa, introduzida pela Lei 74\/2025, que converteu com modifica\u00e7\u00f5es o Decreto-Lei n. 35\/2025, determina que <strong>os menores que tenham um ascendente de segundo grau exclusivamente italiano (no momento do nascimento) s\u00e3o considerados italianos desde o nascimento<\/strong>\/<em data-start=\"283\" data-end=\"299\">jure sanguinis<\/em>.<\/p>\n<p data-start=\"302\" data-end=\"398\">\u00c9, no entanto, essencial que o genitor do menor j\u00e1 tenha sido reconhecido como cidad\u00e3o italiano.<\/p>\n<p data-start=\"400\" data-end=\"803\">Nesses casos, para registrar o nascimento do filho no Registro Civil italiano, o genitor italiano, <span style=\"text-decoration: underline;\">residente nesta circunscri\u00e7\u00e3o consular<\/span> e <span style=\"text-decoration: underline;\">regularmente inscrito no AIRE,<\/span> dever\u00e1 enviar <span style=\"text-decoration: underline;\">por correio<\/span> com aviso de recebimento, ao endere\u00e7o:<\/p>\n<p data-start=\"400\" data-end=\"803\">A\/C Ufficio Stato Civile, Consolato Generale d&#8217;Italia in San Paolo, Avenida Paulista 1963, 01311-300 S\u00e3o Paulo (SP),<\/p>\n<p data-start=\"400\" data-end=\"803\">a documenta\u00e7\u00e3o listada abaixo.<\/p>\n<p data-start=\"805\" data-end=\"830\"><em>Clique na op\u00e7\u00e3o desejada:<\/em><\/p>\n<ul>\n<li data-start=\"832\" data-end=\"1052\"><a href=\"https:\/\/conssanpaolo.esteri.it\/pt\/servizi-consolari-e-visti\/servizi-per-il-cittadino-straniero\/cittadinanza\/acquisto-citt-minori\/menores-jure-sanguinis\/minori-ascendente-secondo-grado\/ascendente-di-secondo-grado-vivo-e-iscritto-allaire-di-questo-consolato-o-deceduto-ma-con-posizione-anagrafica-aggiornata\/\">No caso de ascendente de segundo grau vivo e inscrito no AIRE deste consulado (ou falecido, mas com situa\u00e7\u00e3o cadastral atualizada)<\/a><\/li>\n<li data-start=\"832\" data-end=\"1052\"><a href=\"https:\/\/conssanpaolo.esteri.it\/pt\/servizi-consolari-e-visti\/servizi-per-il-cittadino-straniero\/cittadinanza\/acquisto-citt-minori\/menores-jure-sanguinis\/minori-ascendente-secondo-grado\/ascendente-di-secondo-grado-deceduto-o-non-iscritto-presso-questo-schedario-consolare\/\">No caso de ascendente de segundo grau falecido ou n\u00e3o inscrito neste cadastro consular<\/a><\/li>\n<\/ul>\n<p>&nbsp;<\/p>\n","protected":false},"excerpt":{"rendered":"A altera\u00e7\u00e3o normativa, introduzida pela Lei 74\/2025, que converteu com modifica\u00e7\u00f5es o Decreto-Lei n. 35\/2025, determina que os menores que tenham um ascendente de segundo grau exclusivamente italiano (no momento do nascimento) s\u00e3o considerados italianos desde o nascimento\/jure sanguinis. \u00c9, no entanto, essencial que o genitor do menor j\u00e1 tenha sido reconhecido como cidad\u00e3o italiano. [&hellip;]","protected":false},"author":6,"featured_media":0,"parent":8035,"menu_order":0,"comment_status":"closed","ping_status":"closed","template":"","meta":{"footnotes":""},"class_list":["post-8531","page","type-page","status-publish","hentry"],"_links":{"self":[{"href":"https:\/\/conssanpaolo.esteri.it\/it\/wp-json\/wp\/v2\/pages\/8531","targetHints":{"allow":["GET"]}}],"collection":[{"href":"https:\/\/conssanpaolo.esteri.it\/it\/wp-json\/wp\/v2\/pages"}],"about":[{"href":"https:\/\/conssanpaolo.esteri.it\/it\/wp-json\/wp\/v2\/types\/page"}],"author":[{"embeddable":true,"href":"https:\/\/conssanpaolo.esteri.it\/it\/wp-json\/wp\/v2\/users\/6"}],"replies":[{"embeddable":true,"href":"https:\/\/conssanpaolo.esteri.it\/it\/wp-json\/wp\/v2\/comments?post=8531"}],"version-history":[{"count":6,"href":"https:\/\/conssanpaolo.esteri.it\/it\/wp-json\/wp\/v2\/pages\/8531\/revisions"}],"predecessor-version":[{"id":8712,"href":"https:\/\/conssanpaolo.esteri.it\/it\/wp-json\/wp\/v2\/pages\/8531\/revisions\/8712"}],"up":[{"embeddable":true,"href":"https:\/\/conssanpaolo.esteri.it\/it\/wp-json\/wp\/v2\/pages\/8035"}],"wp:attachment":[{"href":"https:\/\/conssanpaolo.esteri.it\/it\/wp-json\/wp\/v2\/media?parent=8531"}],"curies":[{"name":"wp","href":"https:\/\/api.w.org\/{rel}","templated":true}]}}