{"id":8273,"date":"2025-07-18T13:32:17","date_gmt":"2025-07-18T16:32:17","guid":{"rendered":"https:\/\/conssanpaolo.esteri.it\/?page_id=8273"},"modified":"2026-01-08T10:32:29","modified_gmt":"2026-01-08T13:32:29","slug":"minore-i-non-residente-i-in-questa-circoscrizione-consolare","status":"publish","type":"page","link":"https:\/\/conssanpaolo.esteri.it\/it\/servizi-consolari-e-visti\/servizi-per-il-cittadino-straniero\/cittadinanza\/acquisto-citt-minori\/minore-i-non-residente-i-in-questa-circoscrizione-consolare\/","title":{"rendered":"Minore\/i NON residente\/i in questa circoscrizione consolare"},"content":{"rendered":"<p>Se il minore non \u00e8 residente presso questa circoscrizione consolare, ma uno dei genitori si, la dichiarazione di volont\u00e0 di questo genitore potr\u00e0 essere fatta in questo Consolato Generale. In tal caso, l&#8217;accertamento della cittadinanza andr\u00e0 comunque fatto dalla sede competente per il luogo di residenza del minore, alla quale trasmetteremo la dichiarazione qui resa.<\/p>\n<p>Il tal senso, il genitore qui residente (italiano o straniero) dovr\u00e0 comunque prendere appuntamento tramite portale <a href=\"https:\/\/prenotami.esteri.it\/\">Prenot@mi<\/a> e dovr\u00e0 presentare i seguenti documenti:<\/p>\n<ul>\n<li><strong>Dichiarazione sostitutiva di certificazione, <\/strong>compilata e firmata da entrambi i genitori. <a href=\"https:\/\/conssanpaolo.esteri.it\/wp-content\/uploads\/2025\/07\/dichiarazione-sostitutiva-figli-NON-residenti.pdf\"><span style=\"text-decoration: underline;\">Clicca qui<\/span><\/a> per scaricarla.<\/li>\n<li><strong>Prova di residenza del genitore dichiarante. <a href=\"https:\/\/conssanpaolo.esteri.it\/it\/servizi-consolari-e-visti\/servizi-per-il-cittadino-italiano\/prove-di-residenza-accettate\/\"><span style=\"text-decoration: underline;\">Clicca qui<\/span> <\/a>e verifica quali sono accettate;<\/strong><\/li>\n<li><strong>Prova di residenza del genitore con il quale risiede il minore (in altra circoscrizione). <a href=\"https:\/\/conssanpaolo.esteri.it\/it\/servizi-consolari-e-visti\/servizi-per-il-cittadino-italiano\/prove-di-residenza-accettate\/\"><span style=\"text-decoration: underline;\">Clicca qui<\/span> <\/a>e verifica quali sono accettate;<\/strong><\/li>\n<li><strong>Documento di identit\u00e0 <\/strong>(originale pi\u00f9 una fotocopia &#8211; RG, carta d\u2019identit\u00e0 italiana o passaporto; per il genitore italiano \u00e8 preferibile il passaporto italiano) <strong>del genitore dichiarante;<\/strong><\/li>\n<li><strong>Copia del documento di identit\u00e0 dell&#8217;altro genitore e del minore <\/strong>(RG, carta d\u2019identit\u00e0 italiana o passaporto; per il genitore italiano \u00e8 preferibile il passaporto italiano);<\/li>\n<li>Copia semplice del certificato di nascita del minore. Questo documento non dovr\u00e0 essere n\u00e9 tradotto n\u00e9 <em>apostillato<\/em>.<\/li>\n<li><strong>Certificato di cittadinanza<\/strong> del genitore italiano, nel quale risulti che \u00e8 cittadino italiano per nascita, rilasciato dal Comune competente per l&#8217;iscrizione AIRE o dal Consolato competente per il luogo di residenza. Qualora il genitore sia iscritto AIRE presso questo consolato tale documento non sar\u00e0 necessario.<\/li>\n<\/ul>\n<p><span style=\"color: #ff0000;\"><strong>N.B<\/strong> <\/span>&#8211; Non verranno accettate traduzioni giurate firmate digitalmente, n\u00e9 apostille digitali, sui documenti e sulle traduzioni.<\/p>\n<p>Abbiamo preparato una guida completa con i principali quesiti utili per la corretta presentazione della documentazione nel giorno dell\u2019appuntamento, disponibile <a href=\"https:\/\/conssanpaolo.esteri.it\/wp-content\/uploads\/2026\/01\/guia-beneficio-de-lei-2_compressed.pdf\"><strong><span style=\"text-decoration: underline;\">qui<\/span><\/strong><\/a>.<\/p>\n","protected":false},"excerpt":{"rendered":"Se il minore non \u00e8 residente presso questa circoscrizione consolare, ma uno dei genitori si, la dichiarazione di volont\u00e0 di questo genitore potr\u00e0 essere fatta in questo Consolato Generale. In tal caso, l&#8217;accertamento della cittadinanza andr\u00e0 comunque fatto dalla sede competente per il luogo di residenza del minore, alla quale trasmetteremo la dichiarazione qui resa. [&hellip;]","protected":false},"author":6,"featured_media":0,"parent":7853,"menu_order":2,"comment_status":"closed","ping_status":"closed","template":"","meta":{"footnotes":""},"class_list":["post-8273","page","type-page","status-publish","hentry"],"_links":{"self":[{"href":"https:\/\/conssanpaolo.esteri.it\/it\/wp-json\/wp\/v2\/pages\/8273","targetHints":{"allow":["GET"]}}],"collection":[{"href":"https:\/\/conssanpaolo.esteri.it\/it\/wp-json\/wp\/v2\/pages"}],"about":[{"href":"https:\/\/conssanpaolo.esteri.it\/it\/wp-json\/wp\/v2\/types\/page"}],"author":[{"embeddable":true,"href":"https:\/\/conssanpaolo.esteri.it\/it\/wp-json\/wp\/v2\/users\/6"}],"replies":[{"embeddable":true,"href":"https:\/\/conssanpaolo.esteri.it\/it\/wp-json\/wp\/v2\/comments?post=8273"}],"version-history":[{"count":7,"href":"https:\/\/conssanpaolo.esteri.it\/it\/wp-json\/wp\/v2\/pages\/8273\/revisions"}],"predecessor-version":[{"id":9694,"href":"https:\/\/conssanpaolo.esteri.it\/it\/wp-json\/wp\/v2\/pages\/8273\/revisions\/9694"}],"up":[{"embeddable":true,"href":"https:\/\/conssanpaolo.esteri.it\/it\/wp-json\/wp\/v2\/pages\/7853"}],"wp:attachment":[{"href":"https:\/\/conssanpaolo.esteri.it\/it\/wp-json\/wp\/v2\/media?parent=8273"}],"curies":[{"name":"wp","href":"https:\/\/api.w.org\/{rel}","templated":true}]}}