{"id":8245,"date":"2025-07-18T12:48:43","date_gmt":"2025-07-18T15:48:43","guid":{"rendered":"https:\/\/conssanpaolo.esteri.it\/?page_id=8245"},"modified":"2025-07-31T14:39:58","modified_gmt":"2025-07-31T17:39:58","slug":"figli-nati-prima-o-fuori-dal-matrimonio","status":"publish","type":"page","link":"https:\/\/conssanpaolo.esteri.it\/it\/servizi-consolari-e-visti\/servizi-per-il-cittadino-straniero\/cittadinanza\/acquisto-citt-minori\/minore-i-residente-i-in-questa-circoscrizione-consolare\/figli-nati-prima-o-fuori-dal-matrimonio\/","title":{"rendered":"Figli nati prima o fuori dal matrimonio"},"content":{"rendered":"<p>In base alla normativa italiana, quando un bambino nasce da genitori non sposati civilmente, al momento della nascita, entrambi i genitori devono dichiarare la nascita del bambino all&#8217;ufficio di stato civile, e non \u00e8 sufficiente che compaiano i nomi di entrambi i genitori sul certificato. Quando ci\u00f2 non avviene e solo uno dei genitori \u00e8 il dichiarante, quello che non era presente deve redigere l&#8217;atto di maternit\u00e0\/paternit\u00e0 come spiegato di seguito.<\/p>\n<p style=\"text-align: justify;\">Se nel certificato non risulta chiaramente che \u201c<em>entrambi i genitori sono dichiaranti<\/em>\u201d, \u00e8 necessario che il genitore assente al momento della dichiarazione presenti <strong>un atto pubblico di riconoscimento<\/strong> della <strong><em>maternit\u00e0\/paternit\u00e0<\/em><\/strong> effettuato presso un <strong>Ufficio di Stato Civile o Notaio<\/strong>, con <strong>Apostille<\/strong> e <strong>traduzione giurata in italiano<\/strong>, anch&#8217;essa con <strong>Apostille<\/strong>; detto atto pubblico di riconoscimento deve essere <strong>redatto secondo i seguenti modelli:<\/strong><\/p>\n<p style=\"text-align: justify;\">&#8211; se il figlio ha <strong>meno di 14 anni<\/strong>, il genitore che per primo ha dichiarato la nascita deve essere presente e dare il proprio consenso al riconoscimento (vedi modello <a href=\"https:\/\/conssanpaolo.esteri.it\/wp-content\/uploads\/2023\/09\/4-Escritura-Publica-reconhecimento-maternidade-menor-de-14-anos.pdf\"><strong><em>Escritura p\u00fablica de reconhecimento de maternidade\/paternidade de filho menor de 14 anos<\/em><\/strong><\/a>)<\/p>\n<p style=\"text-align: justify;\">&#8211; se il figlio ha <strong>pi\u00f9 di 14 anni<\/strong>, il figlio dovr\u00e0 essere presente e dare il proprio consenso al riconoscimento (vedi modello \u00a0<a href=\"https:\/\/conssanpaolo.esteri.it\/wp-content\/uploads\/2023\/09\/5-Escritura-Publica-reconhecimento-maternidade-maior-de-14-anos.pdf\"><strong><em>Escritura p\u00fablica de reconhecimento de maternidade\/paternidade de filho maior de 14 anos<\/em><\/strong><\/a>).<\/p>\n<p>Questo documento andr\u00e0 presentato assieme a tutti gli altri documenti in base alla tipologia di cittadinanza (<a href=\"https:\/\/conssanpaolo.esteri.it\/it\/servizi-consolari-e-visti\/servizi-per-il-cittadino-straniero\/cittadinanza\/acquisto-citt-minori\/\">per beneficio di legge<\/a> o <a href=\"https:\/\/conssanpaolo.esteri.it\/it\/servizi-consolari-e-visti\/servizi-per-il-cittadino-straniero\/cittadinanza\/acquisto-citt-minori\/menores-jure-sanguinis\/\">jure sanguinis<\/a>).<\/p>\n<hr \/>\n<p>Se la paternit\u00e0 del minore \u00e8 stata riconosciuta giudizialmente <span style=\"text-decoration: underline;\"><strong><a href=\"https:\/\/conssanpaolo.esteri.it\/it\/servizi-consolari-e-visti\/servizi-per-il-cittadino-straniero\/cittadinanza\/acquisto-citt-minori\/minore-i-residente-i-in-questa-circoscrizione-consolare\/figli-nati-prima-o-fuori-dal-matrimonio\/figli-riconosciuti-in-via-amministrativa-o-giudiziale\/\">clicca qui<\/a><\/strong><\/span>.<\/p>\n","protected":false},"excerpt":{"rendered":"In base alla normativa italiana, quando un bambino nasce da genitori non sposati civilmente, al momento della nascita, entrambi i genitori devono dichiarare la nascita del bambino all&#8217;ufficio di stato civile, e non \u00e8 sufficiente che compaiano i nomi di entrambi i genitori sul certificato. Quando ci\u00f2 non avviene e solo uno dei genitori \u00e8 [&hellip;]","protected":false},"author":6,"featured_media":0,"parent":8243,"menu_order":0,"comment_status":"closed","ping_status":"closed","template":"","meta":{"footnotes":""},"class_list":["post-8245","page","type-page","status-publish","hentry"],"_links":{"self":[{"href":"https:\/\/conssanpaolo.esteri.it\/it\/wp-json\/wp\/v2\/pages\/8245","targetHints":{"allow":["GET"]}}],"collection":[{"href":"https:\/\/conssanpaolo.esteri.it\/it\/wp-json\/wp\/v2\/pages"}],"about":[{"href":"https:\/\/conssanpaolo.esteri.it\/it\/wp-json\/wp\/v2\/types\/page"}],"author":[{"embeddable":true,"href":"https:\/\/conssanpaolo.esteri.it\/it\/wp-json\/wp\/v2\/users\/6"}],"replies":[{"embeddable":true,"href":"https:\/\/conssanpaolo.esteri.it\/it\/wp-json\/wp\/v2\/comments?post=8245"}],"version-history":[{"count":6,"href":"https:\/\/conssanpaolo.esteri.it\/it\/wp-json\/wp\/v2\/pages\/8245\/revisions"}],"predecessor-version":[{"id":8653,"href":"https:\/\/conssanpaolo.esteri.it\/it\/wp-json\/wp\/v2\/pages\/8245\/revisions\/8653"}],"up":[{"embeddable":true,"href":"https:\/\/conssanpaolo.esteri.it\/it\/wp-json\/wp\/v2\/pages\/8243"}],"wp:attachment":[{"href":"https:\/\/conssanpaolo.esteri.it\/it\/wp-json\/wp\/v2\/media?parent=8245"}],"curies":[{"name":"wp","href":"https:\/\/api.w.org\/{rel}","templated":true}]}}