{"id":8243,"date":"2025-07-18T12:48:12","date_gmt":"2025-07-18T15:48:12","guid":{"rendered":"https:\/\/conssanpaolo.esteri.it\/?page_id=8243"},"modified":"2026-03-23T09:00:17","modified_gmt":"2026-03-23T12:00:17","slug":"minore-i-residente-i-in-questa-circoscrizione-consolare","status":"publish","type":"page","link":"https:\/\/conssanpaolo.esteri.it\/it\/servizi-consolari-e-visti\/servizi-per-il-cittadino-straniero\/cittadinanza\/acquisto-citt-minori\/minore-i-residente-i-in-questa-circoscrizione-consolare\/","title":{"rendered":"Minore\/i residente\/i in questa circoscrizione consolare"},"content":{"rendered":"<p>La dichiarazione di volont\u00e0 corredata della necessaria documentazione dovr\u00e0 essere presentata a questa sede previa prenotazione tramite il portale <a href=\"https:\/\/prenotami.esteri.it\/\">Prenot@mi<\/a>. Se devono essere registrati pi\u00f9 minori \u00e8 essenziale fare una prenotazione multipla sul portale. Nel giorno prenotato sar\u00e0 necessaria la presenza di ENTRAMBI i genitori. <strong>Il figlio minore NON dovr\u00e0 essere presente<\/strong>, a eccezione del figlio che &#8211; minore in data 24\/05\/2025 &#8211; \u00e8, al momento dell&#8217;appuntamento, gi\u00e0 maggiorenne. In tale caso <a href=\"https:\/\/conssanpaolo.esteri.it\/it\/servizi-consolari-e-visti\/servizi-per-il-cittadino-straniero\/cittadinanza\/acquisto-citt-minori\/maggiorenni-minori-conversione-legge\/\"><span style=\"text-decoration: underline;\"><strong>clicca qui<\/strong><\/span>.<\/a><\/p>\n<p><span style=\"color: #ff0000;\">\u00c9 imprescindibile che la situazione di stato civile (indirizzo\/AIRE e stato civile) del genitore sia <span style=\"text-decoration: underline;\"><strong>AGGIORNATA<\/strong><\/span> prima della fissazione dell&#8217; appuntamento. \u00c9 possibile verificare i propri dati anagrafici tramite il portale FAST IT. Tutte le istruzioni sono <strong><a style=\"color: #ff0000;\" href=\"https:\/\/conssanpaolo.esteri.it\/pt\/servizi-consolari-e-visti\/servizi-per-il-cittadino-italiano\/anagrafe-degli-italiani-residenti-allestero-aire\/associazione\/\">presenti qui<\/a><\/strong>.<\/span><\/p>\n<p>Si ribadisce l&#8217;importanza di NON inviare gli atti di nascita dei minori per posta. Tale invio provoca ritardi e spese di restituzione che rallentano la procedura per tutti i richiedenti.<\/p>\n<p>La documentazione di seguito riportata dovr\u00e0 essere presentata nel giorno prenotato, <span style=\"text-decoration: underline;\"><strong>completa e corretta<\/strong><\/span>, sia per il registro dei figli minori alla data 24\/05\/2025 sia per i figli nati a partire dal 25\/05\/2025.<\/p>\n<ul>\n<li><strong>Dichiarazione sostitutiva di certificazione, compilata e firmata da entrambi i genitori. <a href=\"https:\/\/conssanpaolo.esteri.it\/wp-content\/uploads\/2025\/07\/dichiarazione-sostitutiva-figli-residenti.pdf\"><span style=\"text-decoration: underline;\">Clicca qui<\/span><\/a> per scaricarla.<\/strong><\/li>\n<li><strong>Prova di residenza tra quelle ammesse a nome del genitore italiano. <a href=\"https:\/\/conssanpaolo.esteri.it\/it\/servizi-consolari-e-visti\/servizi-per-il-cittadino-italiano\/prove-di-residenza-accettate\/\"><span style=\"text-decoration: underline;\">Clicca qui<\/span> <\/a>e verifica quali sono accettate;<\/strong><\/li>\n<li><strong>Documento di identit\u00e0 di entrambi i genitori<\/strong> (RG, carta d\u2019identit\u00e0 italiana o passaporto; per il genitore italiano \u00e8 preferibile il passaporto italiano se in possesso) <strong>pi\u00f9 fotocopie.<\/strong><\/li>\n<li>Documento di identit\u00e0 del minore <strong>pi\u00f9 fotocopia.<\/strong><\/li>\n<li><strong>Atto di nascita <span style=\"text-decoration: underline;\">originale<\/span> del minore (\u201cinteiro teor\u201d)<\/strong> rilasciato da meno di 6 mesi*, apostillato e tradotto in italiano da traduttore giurato brasiliano (anche la traduzione deve essere apostillata). Qualora il minore sia nato da genitori non sposati, o comunque prima del matrimonio\u00a0<a href=\"https:\/\/conssanpaolo.esteri.it\/it\/servizi-consolari-e-visti\/servizi-per-il-cittadino-straniero\/cittadinanza\/minore-i-residente-i-in-questa-circoscrizione-consolare\/figli-nati-prima-o-fuori-dal-matrimonio\/\"><strong>clicca qui<\/strong>.<\/a> Se il minore \u00e8 stato adottato <a href=\"https:\/\/conssanpaolo.esteri.it\/it\/servizi-consolari-e-visti\/servizi-per-il-cittadino-straniero\/cittadinanza\/acquisto-citt-minori\/minori-adottati\/\"><strong><u>clicca qui<\/u><\/strong><\/a>\u00a0o se il minore \u00e8 nato in paese diverso dal Brasile<strong>\u00a0<\/strong><a href=\"https:\/\/conssanpaolo.esteri.it\/it\/servizi-consolari-e-visti\/servizi-per-il-cittadino-straniero\/cittadinanza\/nascite-avvenute-fuori-dal-brasile\/\"><strong><u>clicca qui<\/u><\/strong><\/a>.<\/li>\n<\/ul>\n<p>Qualora il genitore cittadino italiano non sia residente\u00a0 presso questa circoscrizione consolare, oltre alla documentazione sopra richiesta servir\u00e0 presentare:<\/p>\n<ul>\n<li><strong>Certificato di cittadinanza<\/strong> del genitore italiano, nel quale risulti che \u00e8 <strong>cittadino italiano per nascita<\/strong>, rilasciato dal Comune competente per l\u2019iscrizione AIRE o dal Consolato competente per il luogo di residenza.<\/li>\n<\/ul>\n<p>* Durante il periodo di transizione verranno accettati certificati rilasciati a partir da gennaio 2025.<\/p>\n<p><span style=\"color: #ff0000;\"><strong>N.B<\/strong> <\/span>&#8211; Non verranno accettate traduzioni giurate firmate digitalmente, n\u00e9 apostille digitali, sui documenti e sulle traduzioni.<\/p>\n<p>Abbiamo preparato una guida completa con i principali quesiti utili per la corretta presentazione della documentazione nel giorno dell\u2019appuntamento, disponibile <a href=\"https:\/\/tr.ee\/qXfZeyTr-k\"><strong><span style=\"text-decoration: underline;\">qui<\/span><\/strong><\/a>.<\/p>\n","protected":false},"excerpt":{"rendered":"La dichiarazione di volont\u00e0 corredata della necessaria documentazione dovr\u00e0 essere presentata a questa sede previa prenotazione tramite il portale Prenot@mi. Se devono essere registrati pi\u00f9 minori \u00e8 essenziale fare una prenotazione multipla sul portale. Nel giorno prenotato sar\u00e0 necessaria la presenza di ENTRAMBI i genitori. Il figlio minore NON dovr\u00e0 essere presente, a eccezione del [&hellip;]","protected":false},"author":6,"featured_media":0,"parent":7853,"menu_order":1,"comment_status":"closed","ping_status":"closed","template":"","meta":{"footnotes":""},"class_list":["post-8243","page","type-page","status-publish","hentry"],"_links":{"self":[{"href":"https:\/\/conssanpaolo.esteri.it\/it\/wp-json\/wp\/v2\/pages\/8243","targetHints":{"allow":["GET"]}}],"collection":[{"href":"https:\/\/conssanpaolo.esteri.it\/it\/wp-json\/wp\/v2\/pages"}],"about":[{"href":"https:\/\/conssanpaolo.esteri.it\/it\/wp-json\/wp\/v2\/types\/page"}],"author":[{"embeddable":true,"href":"https:\/\/conssanpaolo.esteri.it\/it\/wp-json\/wp\/v2\/users\/6"}],"replies":[{"embeddable":true,"href":"https:\/\/conssanpaolo.esteri.it\/it\/wp-json\/wp\/v2\/comments?post=8243"}],"version-history":[{"count":7,"href":"https:\/\/conssanpaolo.esteri.it\/it\/wp-json\/wp\/v2\/pages\/8243\/revisions"}],"predecessor-version":[{"id":10392,"href":"https:\/\/conssanpaolo.esteri.it\/it\/wp-json\/wp\/v2\/pages\/8243\/revisions\/10392"}],"up":[{"embeddable":true,"href":"https:\/\/conssanpaolo.esteri.it\/it\/wp-json\/wp\/v2\/pages\/7853"}],"wp:attachment":[{"href":"https:\/\/conssanpaolo.esteri.it\/it\/wp-json\/wp\/v2\/media?parent=8243"}],"curies":[{"name":"wp","href":"https:\/\/api.w.org\/{rel}","templated":true}]}}