{"id":820,"date":"2023-06-19T19:12:51","date_gmt":"2023-06-19T17:12:51","guid":{"rendered":"https:\/\/conssanpaolo.esteri.it\/?page_id=820"},"modified":"2025-11-21T10:35:34","modified_gmt":"2025-11-21T13:35:34","slug":"richiedenti-minorenni","status":"publish","type":"page","link":"https:\/\/conssanpaolo.esteri.it\/it\/servizi-consolari-e-visti\/servizi-per-il-cittadino-italiano\/passaporti\/richiedenti-minorenni\/","title":{"rendered":"Richiedenti minorenni"},"content":{"rendered":"<p>Qualora il richiedente sia minore di 18 anni \u00e8\u00a0<strong>imprescindibile\u00a0che sia\u00a0presente<\/strong>\u00a0nella data prenotata, accompagnato dai genitori.<\/p>\n<p>Presentare la seguente documentazione:<\/p>\n<ul>\n<li><strong>2 fotografie uguali,<\/strong> recenti, senza data, a colori, frontali e con sfondo bianco di 45mm di altezza per 35mm di larghezza.\u00a0<a href=\"https:\/\/conssanpaolo.esteri.it\/pt\/servizi-consolari-e-visti\/servizi-per-il-cittadino-italiano\/passaporti\/documentazione-da-presentare-nel-giorno-fissato\/foto-per-il-passaporto\/\">Clicca qui<\/a>\u00a0per ulteriori informazioni.<\/li>\n<\/ul>\n<ul>\n<li><strong>Documento d\u2019identit\u00e0<\/strong>, originale e recente del <strong>MINORE<\/strong> (preferibilmente passaporto brasiliano o carta d\u2019identit\u00e0 recente), accompagnato da una fotocopia semplice. Precisiamo che il certificato di nascita non \u00e8 considerato un documento d\u2019identit\u00e0. Affinch\u00e9 la procedura abbia esito positivo, \u00e8 ESSENZIALE che il documento presentato <strong>consenta l\u2019identificazione inequivocabile del minore<\/strong> da parte del funzionario consolare. Qualora non sia possibile identificare il minore dalla fotografia presente sul documento, non sar\u00e0 possibile procedere con il servizio richiesto.<\/li>\n<\/ul>\n<ul>\n<li><strong>Documento d\u2019identit\u00e0 <\/strong>originale in corso di validit\u00e0<strong> di entrambi i<\/strong><strong> genitori <\/strong>(uno dei seguenti: RG recente &#8211; Carteira de Identidade Nacional CIN, RNE o CRNM\u00a0 o passaporto brasiliano), pi\u00f9 fotocopia semplice.<\/li>\n<\/ul>\n<ul>\n<li><strong>Passaporto italiano precedente se in possesso<\/strong>, anche se scaduto. Se il precedente passaporto \u00e8 stato rubato o smarrito, presentare l&#8217;originale della denuncia di furto o smarrimento (Boletim de Ocorr\u00eancia &#8211; B.O).<\/li>\n<\/ul>\n<ul>\n<li><strong>Prova di residenza a nome del genitore italiano <\/strong>originale, recente (meno di 3 mesi) pi\u00f9 fotocopia semplice. <span style=\"text-decoration: underline;\"><strong><a href=\"https:\/\/conssanpaolo.esteri.it\/it\/servizi-consolari-e-visti\/servizi-per-il-cittadino-italiano\/prove-di-residenza-accettate\/\">CLICCA QUI<\/a><\/strong><\/span> per verificare quali sono le prove di residenza accettate.<\/li>\n<\/ul>\n<ul>\n<li>Stampata di Conferma prenotazione del portale Prenot@mi;<\/li>\n<\/ul>\n<ul>\n<li>Qualora uno dei genitori non sia presente nel giorno del ricevimento,\u00a0 \u00e8 indispensabile che sia presentato l&#8217;assenso, del genitore non presente, al rilascio del passaporto del minore (per il modello <strong><a href=\"https:\/\/conssanpaolo.esteri.it\/wp-content\/uploads\/2023\/06\/ATTO-DI-ASSENSO-PER-FIGLIO-MINORE.pdf\">clicca qui<\/a><a href=\"https:\/\/conssanpaolo.esteri.it\/consolato_sanpaolo\/resource\/doc\/2021\/06\/atto_assenso_figlio_minore.pdf\">)<\/a><\/strong>.\u00a0 L&#8217;apposito formulario, correttamente e completamente compilato, deve riportare la <strong>firma riconosciuta, con autentica presso il Notaio<\/strong>\u00a0(Tabelionato de Notas).\u00a0Al formulario dovr\u00e0 essere allegata la fotocopia autenticata (presso lo stesso Notaio) di un documento di identit\u00e0 (con firma visibile) del genitore che d\u00e0 l&#8217;assenso.<\/li>\n<\/ul>\n<p style=\"padding-left: 40px;\">NOTA BENE: Se il genitore che da l&#8217;assenso \u00e8 CITTADINO ITALIANO o dell\u2019UNIONE EUROPEA, il formulario potr\u00e0 essere presentato semplicemente firmato e corredato da fotocopia del documento di identit\u00e0 italiano\/europeo valido.IN ENTRAMBI I CASI IL DOCUMENTO AVR\u00c0 LA VALIDIT\u00c0 DI 90 GIORNI.<\/p>\n<p style=\"padding-left: 40px;\">Se l\u2019altro genitore \u00e8 deceduto: certificato di morte in originale, non tradotto e non apostillato.<\/p>\n<p>La data e le modalit\u00e0 di consegna del passaporto saranno comunicate durante il ricevimento in Consolato, nel giorno prenotato.<\/p>\n<p>Il pagamento della tassa (valore convertito in reais. Per verificare il valore consulta la tabella con le <strong><a href=\"https:\/\/conssanpaolo.esteri.it\/it\/servizi-consolari-e-visti\/servizi-per-il-cittadino-italiano\/altri-servizi\/tariffe-consolari\/\">Tariffe Consolari qui<\/a><\/strong>) deve essere effettuato esclusivamente con la carta di debito VISA o MASTER (NON \u00e9 possibile pagare con carte di bandiera Elo) in occasione dell\u2019appuntamento. Non saranno accettate carte di credito.<\/p>\n","protected":false},"excerpt":{"rendered":"Qualora il richiedente sia minore di 18 anni \u00e8\u00a0imprescindibile\u00a0che sia\u00a0presente\u00a0nella data prenotata, accompagnato dai genitori. Presentare la seguente documentazione: 2 fotografie uguali, recenti, senza data, a colori, frontali e con sfondo bianco di 45mm di altezza per 35mm di larghezza.\u00a0Clicca qui\u00a0per ulteriori informazioni. Documento d\u2019identit\u00e0, originale e recente del MINORE (preferibilmente passaporto brasiliano o carta [&hellip;]","protected":false},"author":6,"featured_media":0,"parent":147,"menu_order":0,"comment_status":"closed","ping_status":"closed","template":"","meta":{"footnotes":""},"class_list":["post-820","page","type-page","status-publish","hentry"],"_links":{"self":[{"href":"https:\/\/conssanpaolo.esteri.it\/it\/wp-json\/wp\/v2\/pages\/820","targetHints":{"allow":["GET"]}}],"collection":[{"href":"https:\/\/conssanpaolo.esteri.it\/it\/wp-json\/wp\/v2\/pages"}],"about":[{"href":"https:\/\/conssanpaolo.esteri.it\/it\/wp-json\/wp\/v2\/types\/page"}],"author":[{"embeddable":true,"href":"https:\/\/conssanpaolo.esteri.it\/it\/wp-json\/wp\/v2\/users\/6"}],"replies":[{"embeddable":true,"href":"https:\/\/conssanpaolo.esteri.it\/it\/wp-json\/wp\/v2\/comments?post=820"}],"version-history":[{"count":7,"href":"https:\/\/conssanpaolo.esteri.it\/it\/wp-json\/wp\/v2\/pages\/820\/revisions"}],"predecessor-version":[{"id":9492,"href":"https:\/\/conssanpaolo.esteri.it\/it\/wp-json\/wp\/v2\/pages\/820\/revisions\/9492"}],"up":[{"embeddable":true,"href":"https:\/\/conssanpaolo.esteri.it\/it\/wp-json\/wp\/v2\/pages\/147"}],"wp:attachment":[{"href":"https:\/\/conssanpaolo.esteri.it\/it\/wp-json\/wp\/v2\/media?parent=820"}],"curies":[{"name":"wp","href":"https:\/\/api.w.org\/{rel}","templated":true}]}}