{"id":8079,"date":"2025-06-24T14:27:06","date_gmt":"2025-06-24T17:27:06","guid":{"rendered":"https:\/\/conssanpaolo.esteri.it\/italia-e-brasile\/diplomazia-culturale\/studi\/declaracao-de-valor\/8057-2\/dvensinomedio\/"},"modified":"2026-03-05T09:42:12","modified_gmt":"2026-03-05T12:42:12","slug":"dvensinomedio","status":"publish","type":"page","link":"https:\/\/conssanpaolo.esteri.it\/it\/italia-e-brasile\/diplomazia-culturale\/studi\/declaracao-de-valor\/8057-2\/dvensinomedio\/","title":{"rendered":"Dichiarazione di valore \u2013 ensino m\u00e9dio"},"content":{"rendered":"<div class=\"flex flex-col text-sm pb-25\">\n<article class=\"text-token-text-primary w-full focus:outline-none [--shadow-height:45px] has-data-writing-block:pointer-events-none has-data-writing-block:-mt-(--shadow-height) has-data-writing-block:pt-(--shadow-height) [&amp;:has([data-writing-block])&gt;*]:pointer-events-auto scroll-mt-[calc(var(--header-height)+min(200px,max(70px,20svh)))]\" dir=\"auto\" tabindex=\"-1\" data-turn-id=\"request-WEB:5b5c2531-4737-4983-8eaa-9135807b7c6f-1\" data-testid=\"conversation-turn-4\" data-scroll-anchor=\"true\" data-turn=\"assistant\">\n<div class=\"text-base my-auto mx-auto pb-10 [--thread-content-margin:--spacing(4)] @w-sm\/main:[--thread-content-margin:--spacing(6)] @w-lg\/main:[--thread-content-margin:--spacing(16)] px-(--thread-content-margin)\">\n<div class=\"[--thread-content-max-width:40rem] @w-lg\/main:[--thread-content-max-width:48rem] mx-auto max-w-(--thread-content-max-width) flex-1 group\/turn-messages focus-visible:outline-hidden relative flex w-full min-w-0 flex-col agent-turn\" tabindex=\"-1\">\n<div class=\"flex max-w-full flex-col grow\">\n<div class=\"min-h-8 text-message relative flex w-full flex-col items-end gap-2 text-start break-words whitespace-normal [.text-message+&amp;]:mt-1\" dir=\"auto\" data-message-author-role=\"assistant\" data-message-id=\"f6783b1f-e319-4793-9f9a-05f704b64b70\" data-message-model-slug=\"gpt-5-2\">\n<div class=\"flex w-full flex-col gap-1 empty:hidden first:pt-[1px]\">\n<div class=\"markdown prose dark:prose-invert w-full wrap-break-word light markdown-new-styling\">\n<p data-start=\"0\" data-end=\"147\">Al fine di richiedere la Dichiarazione di Valore relativa al conseguimento del diploma di <strong><em>&#8220;ensino m\u00e9dio&#8221;<\/em><\/strong>\u00a0\u00e8 indispensabile:<\/p>\n<ul>\n<li data-start=\"149\" data-end=\"332\">Leggere con la massima attenzione le istruzioni riportate nella sezione precedente, <a href=\"https:\/\/conssanpaolo.esteri.it\/pt\/italia-e-brasile\/diplomazia-culturale\/estudo\/declaracao-de-valor\/instdichvalore\">CLICCA QUI<\/a>, cos\u00ec da evitare errori nella predisposizione della documentazione richiesta di seguito.<\/li>\n<\/ul>\n<\/div>\n<\/div>\n<\/div>\n<\/div>\n<\/div>\n<\/div>\n<\/article>\n<\/div>\n<ul>\n<li><strong>MODULO <\/strong>(<a href=\"https:\/\/conssanpaolo.esteri.it\/wp-content\/uploads\/2026\/02\/domanda-ddv-nuova.pdf\"><strong>clicca qui <\/strong><\/a>per scaricare) debitamente compilato, datato e firmato dall\u2019interessato;<\/li>\n<li>Copia semplice del documento d&#8217;identit\u00e0 del richiedente (RG, CNH, o passaporto validi);<\/li>\n<li><strong>REGISTRI SCOLASTICI ORIGINALI DEL <em><u>ENSINO FUNDAMENTAL<\/u><\/em><\/strong>, riportanti tutti gli anni compiuti, con apostille e traduzione giurata in italiano anch&#8217;essa con apostille;<\/li>\n<li><strong>REGISTRI SCOLASTICI ORIGINALI DEL <em><u>ENSINO M\u00c9DIO<\/u><\/em><\/strong>,<i> riportante tutti gli anni compiuti, con apostille e traduzione giurata in italiano anche con apostille;<\/i><\/li>\n<li><strong><strong>LAUDA DE CONCLUINTE\u00a0<\/strong><\/strong><\/li>\n<\/ul>\n<p style=\"padding-left: 40px;\" data-start=\"0\" data-end=\"148\">Quando si conclude la scuola secondaria di secondo grado, la competente Segreteria dell\u2019Istruzione provvede alla pubblicazione nel Di\u00e1rio Oficial.<\/p>\n<p style=\"padding-left: 40px;\" data-start=\"150\" data-end=\"429\">Il documento da presentare pu\u00f2 avere denominazioni o formati differenti a seconda dello Stato brasiliano in cui \u00e8 stato conseguito il titolo. Pu\u00f2 essere denominato: <em data-start=\"315\" data-end=\"336\">lauda de concluinte<\/em>, oppure &#8216;publica\u00e7\u00e3o de nome de concluinte&#8217;, oppure &#8216;consulta p\u00fablica de concluintes&#8217;.<\/p>\n<p style=\"padding-left: 40px;\" data-start=\"431\" data-end=\"751\">Il documento pu\u00f2 consistere in una stampa da internet, in una copia della pagina del Di\u00e1rio Oficial, in un timbro della Segreteria dell\u2019Istruzione (\u201cvisto\/confere\u201d) apposto sul certificato storico della scuola secondaria di secondo grado, oppure in una dichiarazione rilasciata dalla stessa Segreteria dell\u2019Istruzione.<\/p>\n<p style=\"padding-left: 40px;\" data-start=\"753\" data-end=\"851\">Per tale documento non \u00e8 richiesto il riconoscimento di firma, n\u00e9 l\u2019apostille, n\u00e9 la traduzione.<\/p>\n<p style=\"padding-left: 40px;\" data-start=\"853\" data-end=\"1204\">Qualora la scuola secondaria di secondo grado sia stata conclusa nello Stato di San Paolo prima del 2003, la copia della pagina del Di\u00e1rio Oficial nella quale compare la \u201cLauda de Concluinte\u201d pu\u00f2 essere richiesta all\u2019<strong>IMESP<\/strong> (Imprensa Oficial do Estado de S\u00e3o Paulo). Il nome dell\u2019interessato dovr\u00e0 essere evidenziato, ad esempio con un evidenziatore.<\/p>\n<p style=\"padding-left: 40px;\" data-start=\"1206\" data-end=\"1302\">A partire dal 2003 la \u201cLauda de Concluinte\u201d pu\u00f2 essere reperita online sul sito della GDAE-SP.<\/p>\n<p style=\"padding-left: 40px;\" data-start=\"1304\" data-end=\"1581\" data-is-last-node=\"\" data-is-only-node=\"\">Per i titoli conseguiti prima del 1980, oppure negli Stati di Mato Grosso, Mato Grosso do Sul, Acre o Rond\u00f4nia, di norma nel certificato storico scolastico compare direttamente il timbro \u201cVisto Confere\u201d della competente Segreteria dell\u2019Istruzione o Delegazione dell\u2019Istruzione.<\/p>\n<p style=\"padding-left: 40px;\">Se avete conseguito il diploma di scuola secondaria nello stato di San Paolo, \u00e8 necessaria una copia della pagina della Gazzetta Ufficiale in cui compare la \u201cLauda de Concluinte\u201d (la Gazzetta Ufficiale contiene le \u201cListas de Concluinte\u201d dal 1980). La copia della pagina deve essere richiesta all&#8217;IMESP &#8211; IMPRENSA OFICIAL DO ESTADO S.A. e il nome della persona interessata deve essere evidenziato (con un evidenziatore, ad esempio).<\/p>\n<p style=\"padding-left: 40px;\">Dal 2003, la \u201cLauda de Concluinte\u201d \u00e8 disponibile sul sito web della GDAE-SP.<\/p>\n<p style=\"padding-left: 40px;\">Per i diplomi conseguiti prima del 1980 o negli Stati di MT, MS, AC, RO, le trascrizioni devono essere timbrate \u201cVisto Confere\u201d dalla Segreteria dell&#8217;istruzione\/centro di istruzione competente.<\/p>\n<ul>\n<li><strong>PROVA<\/strong> in forma esclusivamente cartacea, senza necessit\u00e0 di autenticazione notarile, apostille o traduzione, <strong>di aver superato in Brasile un esame che consenta l&#8217;iscrizione all&#8217;universit\u00e0 prescelta<\/strong> (vestibular, ENEM, SISU);<\/li>\n<li>Copia unica di tutta la documentazione di cui sopra, fronte e retro;<\/li>\n<\/ul>\n<h5><span style=\"color: #0956a7;\"><strong><u>ATTENZIONE!!!<\/u><\/strong><\/span><\/h5>\n<p>In Italia l&#8217;anno scolastico \u00e8 di <strong>12 ANNI.<\/strong><\/p>\n<p><strong>Ci\u00f2 significa che per iscriversi a un&#8217;universit\u00e0 in Italia \u00e8 necessario aver completato 12 anni di studi.<\/strong><\/p>\n<p>Prima dell&#8217;entrata in vigore della legge federale brasiliana 11.274\/06, le scuole primarie e secondarie prevedevano solo 11 anni di scuola. Quindi, per chi rientra in questa categoria,<strong> ci sono 2 forme di documentazione alternativa da presentare in aggiunta a quanto sopra:<\/strong><\/p>\n<ul>\n<li><strong>DICHIARAZIONE ORIGINALE RILASCIATA DALLA SCUOLA DELL&#8217;INFANZIA FREQUENTATA <\/strong>(con apostille e traduzione giurata in italiano anch&#8217;essa con apostille + copia unica completa di dichiarazione e traduzione) che attesti:\n<ul>\n<li>Che la frequenza dell&#8217;anno studiato \u00e8 obbligatoria e fa parte del curriculum;<\/li>\n<li>Che la lettura, la scrittura e i primi elementi di calcolo aritmetico facevano parte del programma di insegnamento;<\/li>\n<li>Che questo anno prescolare \u00e8 stato completato non prima del compimento del 6\u00b0 anno di et\u00e0 dell&#8217;alunno.<\/li>\n<\/ul>\n<\/li>\n<\/ul>\n<p>&nbsp;<\/p>\n<ul>\n<li><strong>REGISTRO ACCADEMICO ORIGINALE DELL&#8217;\/DEGLI ANNO\/I FREQUEANTATO\/I O DEI CORSI DI LAUREA NON CONCLUSI <\/strong>(con apostille e della trascrizione completa e della traduzione) che attesti:\n<ul>\n<li>di aver superato tutte le materie previste dal piano di studi del corso;<\/li>\n<li>il suddetto <em>transcript<\/em> deve essere accompagnato da una <strong>DICHIARAZIONE<\/strong> con apostille e traduzione giurata in italiano anch\u00b4essa con apostille (<a href=\"https:\/\/conssanpaolo.esteri.it\/wp-content\/uploads\/2025\/12\/Esempio-Dich-della-Uni-non-conclusa.pdf\"><strong>Cliccare qui<\/strong> <\/a>per visualizzare il modello) rilasciata dall&#8217;universit\u00e0, su carta intestata, firmata da un funzionario accademico, che attesti il superamento di TUTTE le materie frequentate<\/li>\n<\/ul>\n<\/li>\n<\/ul>\n","protected":false},"excerpt":{"rendered":"Al fine di richiedere la Dichiarazione di Valore relativa al conseguimento del diploma di &#8220;ensino m\u00e9dio&#8221;\u00a0\u00e8 indispensabile: Leggere con la massima attenzione le istruzioni riportate nella sezione precedente, CLICCA QUI, cos\u00ec da evitare errori nella predisposizione della documentazione richiesta di seguito. MODULO (clicca qui per scaricare) debitamente compilato, datato e firmato dall\u2019interessato; Copia semplice del [&hellip;]","protected":false},"author":6,"featured_media":0,"parent":8057,"menu_order":0,"comment_status":"closed","ping_status":"closed","template":"","meta":{"footnotes":""},"class_list":["post-8079","page","type-page","status-publish","hentry"],"_links":{"self":[{"href":"https:\/\/conssanpaolo.esteri.it\/it\/wp-json\/wp\/v2\/pages\/8079","targetHints":{"allow":["GET"]}}],"collection":[{"href":"https:\/\/conssanpaolo.esteri.it\/it\/wp-json\/wp\/v2\/pages"}],"about":[{"href":"https:\/\/conssanpaolo.esteri.it\/it\/wp-json\/wp\/v2\/types\/page"}],"author":[{"embeddable":true,"href":"https:\/\/conssanpaolo.esteri.it\/it\/wp-json\/wp\/v2\/users\/6"}],"replies":[{"embeddable":true,"href":"https:\/\/conssanpaolo.esteri.it\/it\/wp-json\/wp\/v2\/comments?post=8079"}],"version-history":[{"count":7,"href":"https:\/\/conssanpaolo.esteri.it\/it\/wp-json\/wp\/v2\/pages\/8079\/revisions"}],"predecessor-version":[{"id":10237,"href":"https:\/\/conssanpaolo.esteri.it\/it\/wp-json\/wp\/v2\/pages\/8079\/revisions\/10237"}],"up":[{"embeddable":true,"href":"https:\/\/conssanpaolo.esteri.it\/it\/wp-json\/wp\/v2\/pages\/8057"}],"wp:attachment":[{"href":"https:\/\/conssanpaolo.esteri.it\/it\/wp-json\/wp\/v2\/media?parent=8079"}],"curies":[{"name":"wp","href":"https:\/\/api.w.org\/{rel}","templated":true}]}}