{"id":8057,"date":"2025-06-24T14:22:41","date_gmt":"2025-06-24T17:22:41","guid":{"rendered":"https:\/\/conssanpaolo.esteri.it\/?page_id=8057"},"modified":"2026-02-19T10:32:20","modified_gmt":"2026-02-19T13:32:20","slug":"8057-2","status":"publish","type":"page","link":"https:\/\/conssanpaolo.esteri.it\/it\/italia-e-brasile\/diplomazia-culturale\/studi\/declaracao-de-valor\/8057-2\/","title":{"rendered":"Istruzioni per la richiesta della dichiarazione di valore"},"content":{"rendered":"<p style=\"text-align: justify;\" data-start=\"42\" data-end=\"256\"><strong>PRIMA DI RICHIEDERE QUESTO SERVIZIO, \u00c8 DI ASSOLUTA IMPORTANZA CHE GLI INTERESSATI LEGGANO CON MOLTA ATTENZIONE LE ISTRUZIONI QUI PUBBLICATE PER PRESENTARE CORRETTAMENTE LA DOCUMENTAZIONE NECESSARIA E COMPLETA.<\/strong><\/p>\n<p style=\"text-align: justify;\" data-start=\"211\" data-end=\"427\">Qualora vi fossero <strong>dubbi<\/strong> in merito al rilascio della dichiarazione di valore <strong>non chiariti nel presente testo<\/strong>, le richieste <strong>saranno evase<\/strong> esclusivamente via e-mail al seguente indirizzo: <strong><a class=\"decorated-link cursor-pointer\" rel=\"noopener\" data-start=\"401\" data-end=\"427\">sanpaolo.diplomi@esteri.it<\/a><\/strong><\/p>\n<p style=\"text-align: justify;\" data-start=\"429\" data-end=\"711\">Il servizio \u00e8 erogato esclusivamente in presenza, previo appuntamento <span style=\"text-decoration: underline;\">individuale e nominativo<\/span> tramite il portale <a href=\"https:\/\/prenotami.esteri.it\/\">PRENOT@MI<\/a>. <strong>La prenotazione deve essere effettuata direttamente dall\u2019interessato<\/strong> utilizzando i propri dati aggiornati. Non devono pertanto essere indicati dati di terzi.<\/p>\n<p style=\"text-align: justify;\" data-start=\"713\" data-end=\"1065\">Non \u00e8 accettata documentazione inviata per posta, <strong>\u201cdelivery\/motoboy\u201d<\/strong> o\u00a0 tramite posta elettronica. La persona prenotata, oppure il suo delegato, deve presentarsi, ritirare il numero ed attendere il proprio turno. Non viene effettuata alcuna preanalisi. Eventuali invii, sia postali sia elettronici, <strong>non<\/strong> saranno presi in considerazione.<\/p>\n<p style=\"text-align: justify;\" data-start=\"1067\" data-end=\"1779\">Qualora l\u2019interessato non possa presentarsi alla data fissata, potr\u00e0 delegare un familiare o una persona di fiducia per la presentazione della documentazione. A tal fine, l\u2019interessato dovr\u00e0 redigere una delega semplice, senza necessit\u00e0 di riconoscimento notarile della firma, con data recente e firma autografa conforme al documento di identit\u00e0 valido, nella quale siano chiaramente indicati:<\/p>\n<ul style=\"text-align: justify;\">\n<li data-start=\"1067\" data-end=\"1779\">i dati dell\u2019interessato;<\/li>\n<li data-start=\"1067\" data-end=\"1779\">i dati del delegato<\/li>\n<li data-start=\"1067\" data-end=\"1779\">il servizio richiesto, che pu\u00f2 consistere nella presentazione della domanda di dichiarazione di valore oppure nel ritiro della documentazione originale e della dichiarazione di valore gi\u00e0 pronta.<\/li>\n<\/ul>\n<p style=\"text-align: justify;\" data-start=\"1067\" data-end=\"1779\">\u00c8 necessario allegare copia semplice del documento di identit\u00e0 del delegato.<\/p>\n<p style=\"text-align: justify;\" data-start=\"1781\" data-end=\"1992\"><strong>Qualora le istruzioni pubblicate non vengano scrupolosamente osservate e la documentazione risulti irregolare o incompleta, l\u2019istanza non potr\u00e0 essere accolta e sar\u00e0 necessario procedere a una nuova prenotazione per presentare una nuova domanda correttamente istruita.<\/strong><\/p>\n<p style=\"text-align: justify;\" data-start=\"1994\" data-end=\"2209\">Qualora, al momento dell\u2019accettazione, la documentazione appaia completa ma, a seguito di un\u2019analisi pi\u00f9 approfondita, si rendano necessarie integrazioni, potranno essere richiesti ulteriori documenti o chiarimenti.<\/p>\n<p style=\"text-align: justify;\" data-start=\"2211\" data-end=\"2275\"><span style=\"color: #ff0000;\"><strong>ATTENZIONE. LEGGERE CON CURA I PUNTI SEGUENTI ED EVITARE ERRORI.<\/strong><\/span><\/p>\n<ul style=\"text-align: justify;\">\n<li data-start=\"2277\" data-end=\"2800\">I documenti digitali o elettronici, quali diplomi e certificati con storico accademico, saranno accettati esclusivamente se previamente materializzati e autenticati da un notaio o da un ufficio notarile prima dell\u2019apposizione dell\u2019apostille. Ci\u00f2 significa che<strong> ogni documento digitale deve essere riprodotto materialmente presso un ufficio notarile, il quale deve verificarne la validit\u00e0 online e autenticarlo mediante timbro o sigillo<\/strong>. Solo dopo tale procedura potr\u00e0 essere apposta l\u2019apostille sul documento materializzato.<\/li>\n<li data-start=\"2802\" data-end=\"2917\">I documenti digitali che non siano stati materializzati e autenticati da un ufficio notarile <strong>non saranno accettati.<\/strong><\/li>\n<li data-start=\"2919\" data-end=\"2961\"><strong>Non sono accettate apostille elettroniche.<\/strong><\/li>\n<li data-start=\"2963\" data-end=\"3531\">Le dichiarazioni originali di autenticit\u00e0 del diploma e dello storico accademico rilasciate da universit\u00e0 o istituti di istruzione,<strong> qualora firmate digitalmente, devono essere accompagnate dal relativo codice QR per la necessaria verifica online<\/strong>. In assenza del codice QR la documentazione non sar\u00e0 accettata e l\u2019interessato dovr\u00e0 fissare un nuovo appuntamento per presentare documentazione completa e corretta.<strong> Qualora non sia possibile ottenere il codice QR, tali dichiarazioni dovranno essere firmate manualmente e con firma riconosciuta presso un ufficio notarile.<\/strong><\/li>\n<li data-start=\"3533\" data-end=\"3840\"><strong>L\u2019apostille apposta sul documento originale deve riferirsi alla firma, anche se digitale\/elettronica, del responsabile dell\u2019istituto scolastico, universitario o del consiglio che ha emesso il documento,<\/strong> riportandone nome e qualifica. <strong><u>NON DEVE INVECE RIPORTARE IL NOME DELL\u2019IMPIEGATO DELL\u2019UFFICIO NOTARILE.<\/u><\/strong><\/li>\n<li data-start=\"3842\" data-end=\"4041\"><strong>L\u2019apostille apposta sulla traduzione giurata originale deve riferirsi alla firma del traduttore<\/strong>, riportandone nome e qualifica. <strong><u>NON DEVE INVECE RIPORTARE IL NOME DELL\u2019IMPIEGATO DELL\u2019UFFICIO NOTARILE.<\/u><\/strong><\/li>\n<li data-start=\"4043\" data-end=\"4374\"><strong>La dichiarazione di valore viene rilasciata per ciascun ciclo scolastico o accademico concluso. Secondo le pi\u00f9 recenti istruzioni ministeriali non \u00e8 pi\u00f9 necessario richiedere una dichiarazione di valore per ogni diploma, titolo o certificato in ordine cronologico, ma esclusivamente per quello che l\u2019interessato intende utilizzare.<\/strong><\/li>\n<li data-start=\"4376\" data-end=\"4615\"><strong><span style=\"text-decoration: underline;\">\u00c8 responsabilit\u00e0 dell\u2019interessato<\/span><\/strong> verificare direttamente presso l\u2019istituzione italiana presso cui presenter\u00e0 la documentazione quali dichiarazioni di valore, quindi relative a quale ciclo scolastico o accademico concluso, siano richieste.<\/li>\n<li data-start=\"4617\" data-end=\"4826\">A seguito dell\u2019esame della documentazione completa, questo Consolato Generale potr\u00e0 richiedere eventuali integrazioni documentali o chiarimenti ritenuti necessari per il rilascio della dichiarazione di valore.<\/li>\n<li data-start=\"4828\" data-end=\"5240\">Tutti i documenti elencati e richiesti sono necessari e costituiscono condizione indispensabile per il rilascio della dichiarazione di valore. Si confida pertanto nella comprensione e nella collaborazione degli interessati e delle istituzioni scolastiche e accademiche brasiliane affinch\u00e9 producano quanto richiesto, in conformit\u00e0 alla normativa italiana vigente e alle disposizioni di questo Consolato Generale.<\/li>\n<\/ul>\n<p style=\"text-align: justify;\" data-start=\"5242\" data-end=\"5490\" data-is-last-node=\"\" data-is-only-node=\"\">Qualora tutte le informazioni sopra riportate siano state lette e comprese, selezionare l\u2019opzione desiderata di seguito, scegliendo il link che descrive il diploma, certificato o titolo per il quale si intende richiedere la dichiarazione di valore:<\/p>\n<ul>\n<li style=\"text-align: justify;\"><strong><a href=\"https:\/\/conssanpaolo.esteri.it\/it\/italia-e-brasile\/diplomazia-culturale\/studi\/declaracao-de-valor\/8057-2\/dvensinomedio\/\">DICHIARAZIONE DI VALORE \u2013 ENSINO MEDIO<\/a><\/strong><\/li>\n<li style=\"text-align: justify;\"><strong><a href=\"https:\/\/conssanpaolo.esteri.it\/pt\/italia-e-brasile\/diplomazia-culturale\/studi\/declaracao-de-valor\/8057-2\/dichiarazione-di-valore-corso-tecnico\/\">DICHIARAZIONE DI VALORE \u2013 CURSO T\u00c9CNICO<\/a><\/strong><\/li>\n<li style=\"text-align: justify;\"><strong><a href=\"https:\/\/conssanpaolo.esteri.it\/it\/italia-e-brasile\/diplomazia-culturale\/studi\/declaracao-de-valor\/8057-2\/dvgraduacao\/\">DICHIARAZIONE DI VALORE \u2013 LAUREA<\/a><\/strong><\/li>\n<li style=\"text-align: justify;\"><strong><a href=\"https:\/\/conssanpaolo.esteri.it\/it\/italia-e-brasile\/diplomazia-culturale\/studi\/declaracao-de-valor\/8057-2\/dvposgrad\/\">DICHIARAZIONE DI VALORE \u2013 POST-LAUREA, SPECIALIZZAZIONE, MASTER, DOTTORATO<\/a><\/strong><\/li>\n<li style=\"text-align: justify;\"><strong><a href=\"https:\/\/conssanpaolo.esteri.it\/it\/italia-e-brasile\/diplomazia-culturale\/studi\/declaracao-de-valor\/8057-2\/dichiarazione-di-valore-per-il-riconoscimento-professionale\/\">DICHIARAZIONE DI VALORE \u2013 AI FINI DEL RICONOSCIMENTO DELLA PROFESSIONE<\/a><\/strong><\/li>\n<\/ul>\n","protected":false},"excerpt":{"rendered":"PRIMA DI RICHIEDERE QUESTO SERVIZIO, \u00c8 DI ASSOLUTA IMPORTANZA CHE GLI INTERESSATI LEGGANO CON MOLTA ATTENZIONE LE ISTRUZIONI QUI PUBBLICATE PER PRESENTARE CORRETTAMENTE LA DOCUMENTAZIONE NECESSARIA E COMPLETA. Qualora vi fossero dubbi in merito al rilascio della dichiarazione di valore non chiariti nel presente testo, le richieste saranno evase esclusivamente via e-mail al seguente indirizzo: [&hellip;]","protected":false},"author":6,"featured_media":0,"parent":1774,"menu_order":1,"comment_status":"closed","ping_status":"closed","template":"","meta":{"footnotes":""},"class_list":["post-8057","page","type-page","status-publish","hentry"],"_links":{"self":[{"href":"https:\/\/conssanpaolo.esteri.it\/it\/wp-json\/wp\/v2\/pages\/8057","targetHints":{"allow":["GET"]}}],"collection":[{"href":"https:\/\/conssanpaolo.esteri.it\/it\/wp-json\/wp\/v2\/pages"}],"about":[{"href":"https:\/\/conssanpaolo.esteri.it\/it\/wp-json\/wp\/v2\/types\/page"}],"author":[{"embeddable":true,"href":"https:\/\/conssanpaolo.esteri.it\/it\/wp-json\/wp\/v2\/users\/6"}],"replies":[{"embeddable":true,"href":"https:\/\/conssanpaolo.esteri.it\/it\/wp-json\/wp\/v2\/comments?post=8057"}],"version-history":[{"count":6,"href":"https:\/\/conssanpaolo.esteri.it\/it\/wp-json\/wp\/v2\/pages\/8057\/revisions"}],"predecessor-version":[{"id":10073,"href":"https:\/\/conssanpaolo.esteri.it\/it\/wp-json\/wp\/v2\/pages\/8057\/revisions\/10073"}],"up":[{"embeddable":true,"href":"https:\/\/conssanpaolo.esteri.it\/it\/wp-json\/wp\/v2\/pages\/1774"}],"wp:attachment":[{"href":"https:\/\/conssanpaolo.esteri.it\/it\/wp-json\/wp\/v2\/media?parent=8057"}],"curies":[{"name":"wp","href":"https:\/\/api.w.org\/{rel}","templated":true}]}}