{"id":7853,"date":"2025-06-23T13:46:20","date_gmt":"2025-06-23T16:46:20","guid":{"rendered":"https:\/\/conssanpaolo.esteri.it\/?page_id=7853"},"modified":"2026-03-24T16:59:30","modified_gmt":"2026-03-24T19:59:30","slug":"acquisto-citt-minori","status":"publish","type":"page","link":"https:\/\/conssanpaolo.esteri.it\/it\/servizi-consolari-e-visti\/servizi-per-il-cittadino-straniero\/cittadinanza\/acquisto-citt-minori\/","title":{"rendered":"Cittadinanza figli minorenni (nuova normativa);"},"content":{"rendered":"<blockquote class=\"wp-embedded-content\" data-secret=\"0kbv99JXwH\"><p><a href=\"https:\/\/conssanpaolo.esteri.it\/it\/news\/dal_consolato\/2026\/03\/atualizacao-acerca-do-agendamento-para-registro-de-menores-por-beneficio-de-lei\/\">Atualiza\u00e7\u00e3o acerca do agendamento para registro de menores por benef\u00edcio de lei<\/a><\/p><\/blockquote>\n<p><iframe loading=\"lazy\" class=\"wp-embedded-content\" sandbox=\"allow-scripts\" security=\"restricted\" style=\"position: absolute; visibility: hidden;\" title=\"&#8220;Atualiza\u00e7\u00e3o acerca do agendamento para registro de menores por benef\u00edcio de lei&#8221; &#8212; Consolato Generale d&#039;Italia San Paolo\" src=\"https:\/\/conssanpaolo.esteri.it\/it\/news\/dal_consolato\/2026\/03\/atualizacao-acerca-do-agendamento-para-registro-de-menores-por-beneficio-de-lei\/embed\/#?secret=K5UaEI0Wai#?secret=0kbv99JXwH\" data-secret=\"0kbv99JXwH\" width=\"600\" height=\"338\" frameborder=\"0\" marginwidth=\"0\" marginheight=\"0\" scrolling=\"no\"><\/iframe><\/p>\n<p>&nbsp;<\/p>\n<p style=\"text-align: justify;\">La riforma della legge sulla cittadinanza ha modificato i requisiti per la trasmissione in favore dei figli minorenni di coloro che, sebbene cittadini italiani, hanno un&#8217;altra cittadinanza. Attraverso una dichiarazione di volont\u00e0 corredata della necessaria documentazione, il\/i genitore\/i italiano\/i per nascita potr\u00e0 quindi trasmettere la cittadinanza a titolo di \u201cbeneficio di legge\u201d, che <strong>implica la valenza a partire dal giorno successivo alla presentazione della dichiarazione sottoscritta da entrambi i genitori, e non pi\u00f9 \u201cper nascita\u201d.<\/strong><\/p>\n<p style=\"text-align: justify;\"><span style=\"color: #ff0000;\"><strong>Si raccomanda di NON inviare atti di nascita\/sentenze di adozione per posta ma di seguire attentamente le istruzioni qui sotto. Eventuali documenti ricevuti non potranno essere processati e verranno pertanto restituiti. <\/strong><\/span><\/p>\n<p style=\"text-align: justify;\"><strong>Premessa<\/strong><\/p>\n<p style=\"text-align: justify;\">I figli minori di cittadini italiani per nascita, nati all\u2019estero, non sono \u2013 in base alle modifiche normative &#8211; automaticamente cittadini italiani. La cittadinanza potr\u00e0 essere acquisita mediante una <strong>dichiarazione da parte dei genitori o del tutore legale,<\/strong> secondo i requisiti previsti dalla legge. Il tal senso, si fa distinzione, in questo momento, fra:<\/p>\n<ul style=\"text-align: justify;\">\n<li>i figli minori di cittadini italiani per nascita, minorenni alla data di entrata in vigore della legge (24 maggio 2025). In questo caso i genitori potranno presentare la loro dichiarazione di volont\u00e0 \u2013 corredata dalla documentazione completa e corretta &#8211; <strong>entro<\/strong> le 23:59, ora di Roma, del <strong>31 maggio 2029 (modifica introdotta dal Decreto Legge n. 200 del 31 dicembre 2025)<\/strong> seguendo la procedura sotto illustrata.<\/li>\n<li>i figli minori di cittadini italiani per nascita nati a partire dal 25 maggio 2025. In questo caso i genitori devono presentare la loro dichiarazione di volont\u00e0 \u2013 corredata dalla documentazione completa e corretta &#8211; <strong>entro tre anno (modifica introdotta dalla legge di bilancio 2026)<\/strong>\u00a0dalla nascita (o dalla data in cui \u00e8 stabilita la filiazione in caso di adozioni).<\/li>\n<\/ul>\n<hr \/>\n<p style=\"text-align: justify;\"><b>Per istruzioni operative clicca nella tipologia desiderata<\/b><\/p>\n<ul>\n<li><a href=\"https:\/\/conssanpaolo.esteri.it\/it\/servizi-consolari-e-visti\/servizi-per-il-cittadino-straniero\/cittadinanza\/minore-i-residente-i-in-questa-circoscrizione-consolare\/\">Minore\/i residente\/i in questa circoscrizione consolare;<\/a><\/li>\n<li><a href=\"https:\/\/conssanpaolo.esteri.it\/it\/servizi-consolari-e-visti\/servizi-per-il-cittadino-straniero\/cittadinanza\/minore-i-non-residente-i-in-questa-circoscrizione-consolare\/\">Minore\/i non residente\/i in questa circoscrizione consolare;<\/a><\/li>\n<\/ul>\n<hr \/>\n<p data-start=\"0\" data-end=\"48\">Si applica una normativa diversa per i figli di:<\/p>\n<ul>\n<li data-start=\"50\" data-end=\"371\">cittadini esclusivamente italiani al momento della nascita dei figli;<\/li>\n<li data-start=\"50\" data-end=\"371\">cittadini i cui genitori siano (o siano stati) esclusivamente italiani al momento della nascita dei figli;<\/li>\n<li data-start=\"50\" data-end=\"371\">cittadini che abbiano risieduto in Italia per due anni consecutivi (dopo l\u2019acquisizione della cittadinanza e prima della nascita dei figli).<\/li>\n<\/ul>\n<p data-start=\"373\" data-end=\"402\">Per questi casi\u00a0<a href=\"https:\/\/conssanpaolo.esteri.it\/it\/servizi-consolari-e-visti\/servizi-per-il-cittadino-straniero\/cittadinanza\/acquisto-citt-minori\/menores-jure-sanguinis\/\">cliccare qui.<\/a><\/p>\n<p data-start=\"404\" data-end=\"659\" data-is-last-node=\"\" data-is-only-node=\"\">Nota 1: I cittadini italiani che hanno acquisito la cittadinanza italiana per naturalizzazione, residenza o discendenza ai sensi della Legge 379\/2000 (Trentini) non trasmettono la cittadinanza italiana ai propri figli secondo la nuova normativa in vigore.<\/p>\n<blockquote class=\"wp-embedded-content\" data-secret=\"J1L9MBkjPX\"><p><a href=\"https:\/\/conssanpaolo.esteri.it\/it\/news\/dal_consolato\/2026\/03\/proroga-per-la-registrazione-di-figli-minori-di-cittadini-italiani-dalla-nascita\/\">Proroga per la registrazione di figli minori di cittadini italiani &#8220;dalla nascita&#8221;<\/a><\/p><\/blockquote>\n<p><iframe loading=\"lazy\" class=\"wp-embedded-content\" sandbox=\"allow-scripts\" security=\"restricted\" style=\"position: absolute; visibility: hidden;\" title=\"&#8220;Proroga per la registrazione di figli minori di cittadini italiani &#8220;dalla nascita&#8221;&#8221; &#8212; Consolato Generale d&#039;Italia San Paolo\" src=\"https:\/\/conssanpaolo.esteri.it\/it\/news\/dal_consolato\/2026\/03\/proroga-per-la-registrazione-di-figli-minori-di-cittadini-italiani-dalla-nascita\/embed\/#?secret=9AZKRTB5GA#?secret=J1L9MBkjPX\" data-secret=\"J1L9MBkjPX\" width=\"600\" height=\"338\" frameborder=\"0\" marginwidth=\"0\" marginheight=\"0\" scrolling=\"no\"><\/iframe><\/p>\n","protected":false},"excerpt":{"rendered":"Atualiza\u00e7\u00e3o acerca do agendamento para registro de menores por benef\u00edcio de lei &nbsp; La riforma della legge sulla cittadinanza ha modificato i requisiti per la trasmissione in favore dei figli minorenni di coloro che, sebbene cittadini italiani, hanno un&#8217;altra cittadinanza. Attraverso una dichiarazione di volont\u00e0 corredata della necessaria documentazione, il\/i genitore\/i italiano\/i per nascita potr\u00e0 [&hellip;]","protected":false},"author":6,"featured_media":0,"parent":160,"menu_order":3,"comment_status":"closed","ping_status":"closed","template":"","meta":{"footnotes":""},"class_list":["post-7853","page","type-page","status-publish","hentry"],"_links":{"self":[{"href":"https:\/\/conssanpaolo.esteri.it\/it\/wp-json\/wp\/v2\/pages\/7853","targetHints":{"allow":["GET"]}}],"collection":[{"href":"https:\/\/conssanpaolo.esteri.it\/it\/wp-json\/wp\/v2\/pages"}],"about":[{"href":"https:\/\/conssanpaolo.esteri.it\/it\/wp-json\/wp\/v2\/types\/page"}],"author":[{"embeddable":true,"href":"https:\/\/conssanpaolo.esteri.it\/it\/wp-json\/wp\/v2\/users\/6"}],"replies":[{"embeddable":true,"href":"https:\/\/conssanpaolo.esteri.it\/it\/wp-json\/wp\/v2\/comments?post=7853"}],"version-history":[{"count":6,"href":"https:\/\/conssanpaolo.esteri.it\/it\/wp-json\/wp\/v2\/pages\/7853\/revisions"}],"predecessor-version":[{"id":10445,"href":"https:\/\/conssanpaolo.esteri.it\/it\/wp-json\/wp\/v2\/pages\/7853\/revisions\/10445"}],"up":[{"embeddable":true,"href":"https:\/\/conssanpaolo.esteri.it\/it\/wp-json\/wp\/v2\/pages\/160"}],"wp:attachment":[{"href":"https:\/\/conssanpaolo.esteri.it\/it\/wp-json\/wp\/v2\/media?parent=7853"}],"curies":[{"name":"wp","href":"https:\/\/api.w.org\/{rel}","templated":true}]}}