{"id":69,"date":"2022-12-05T19:15:31","date_gmt":"2022-12-05T18:15:31","guid":{"rendered":"https:\/\/conssanpaolo.esteri.it\/?page_id=69"},"modified":"2025-10-14T15:38:27","modified_gmt":"2025-10-14T18:38:27","slug":"la-rete-consolare","status":"publish","type":"page","link":"https:\/\/conssanpaolo.esteri.it\/it\/chi-siamo\/la-rete-consolare\/","title":{"rendered":"La Rete Consolare"},"content":{"rendered":"<p style=\"text-align: center;\"><strong>CONSOLATI ONORARI<\/strong><\/p>\n<p><strong>Campinas \u2013 SP<\/strong><\/p>\n<p>Console Onorario: Francesco Picciallo<br \/>\nIndirizzo: Av. Bar\u00e3o de Itapura 2310\u2013 Guanabara<br \/>\n13073-300 Campinas (SP)<br \/>\nE-mail: <strong><a href=\"mailto:consolatoitaliacampinas@gmail.com\">campinas.onorario@esteri.it<\/a><\/strong><br \/>\ncell\/whatsapp : 19 99915 5055<br \/>\nOrario apertura : gioved\u00ec dalle 09:00 alle 12:00<\/p>\n<p><a href=\"https:\/\/conssanpaolo.esteri.it\/wp-content\/uploads\/2023\/09\/ESTRATTO_DLF_PICCIALLO_CO_CAMPINAS_BRASILE.pdf\">DECRETO DI LIMITAZIONE FUNZIONI &#8211; CAMPINAS<\/a><\/p>\n<p><span style=\"text-decoration: underline;\"><strong><a href=\"https:\/\/conssanpaolo.esteri.it\/pt\/chi-siamo\/la-rete-consolare\/circoscrizione-geografica-di-competenza-del-consolato-onorario-di-campinas\/\">Clicca qui<\/a> <\/strong><\/span>per visualizzare la circoscrizione geografica di competenza del Consolato Onorario di Campinas, che comprende Campinas e Sorocaba.<\/p>\n<p style=\"text-align: center;\"><strong>VICE CONSOLATI ONORARI<\/strong><\/p>\n<p><strong>Ribeir\u00e3o Preto \u2013 SP<\/strong><\/p>\n<p>Vice Console Onorario: Lorenzo Spedicato<br \/>\nRua Itacolomi, 484 CEP 14025-250, Ribeir\u00e3o Preto (SP)<br \/>\nTELEFONO: +55 16 3623 9998<br \/>\nE-mail: ribeiraopreto.onorario@esteri.it<br \/>\nOrario apertura: luned\u00ec a venerd\u00ec dalle 9.00 alle 18.00<\/p>\n<p><a href=\"https:\/\/conssanpaolo.esteri.it\/wp-content\/uploads\/2024\/11\/DECRETO-DI-LIMITAZIONE-FUNZIONI-SPEDICATO-LORENZO.pdf\">DECRETO DI LIMITAZIONE DI FUNZIONI &#8211; RIBEIR\u00c3O PRETO<\/a><\/p>\n<p><span style=\"text-decoration: underline;\"><strong><a href=\"https:\/\/conssanpaolo.esteri.it\/it\/chi-siamo\/la-rete-consolare\/circoscrizione-geografica-di-competenza-del-consolato-onorario-di-ribeirao-preto\/\">Clicca qui<\/a> <\/strong><\/span>per visualizzare la circoscrizione geografica di competenza del Consolato Onorario di <strong>Ribeir\u00e3o Preto<\/strong>, che comprende le regioni amministrative\u00a0di Ribeir\u00e3o Preto, Barretos, Franca, Araraquara\/Central e Bauru.<\/p>\n<p>&nbsp;<\/p>\n<p><strong>Cuiab\u00e1 &#8211; MT<\/strong><\/p>\n<p>Vice Console Onorario: Marli Teresinha Deon Sette<br \/>\nIndirizzo: Travessa Chamal, Lote 8, Quadra 10 &#8211; Bairro Jardim Bom Clima<br \/>\n78048-237 &#8211; Cuiab\u00e1 &#8211; MT<br \/>\nTel.: 65 &#8211; 99292 8823<br \/>\nE-mail:\u00a0<strong><a href=\"mailto:cuiaba.onorario@esteri.it\">cuiaba.onorario@esteri.it<\/a>\u00a0<\/strong><\/p>\n<p><a href=\"https:\/\/conssanpaolo.esteri.it\/wp-content\/uploads\/2023\/08\/estratto_dlf_deon_sette_vco_cuiaba__brasile.pdf\">DECRETO DI LIMITAZIONE DI FUNZIONI &#8211; CUIAB\u00c1<\/a><\/p>\n<p>Circoscrizione: Comuni della regione di governo di Mato Grosso<\/p>\n<p>&nbsp;<\/p>\n<p><strong>Porto Velho \u2013 RO<\/strong><\/p>\n<p>Vice Console Onorario: Claudio Alfredo Guastella<br \/>\nIndirizzo: Rua Duque de Caxias n. 590<br \/>\n76801-170 &#8211; Porto Velho (RO)<br \/>\nTelefono: 69 \u2013 99986 4115<br \/>\nE-mail:\u00a0<strong><a href=\"mailto:portovelho.onorario@esteri.it\">portovelho.onorario@esteri.it<\/a><br \/>\n<\/strong>Orario di ricevimento: luned\u00ec, mercoled\u00ec e venerd\u00ec dalle 16:00 alle 19:00<\/p>\n<p><a href=\"https:\/\/conssanpaolo.esteri.it\/wp-content\/uploads\/2023\/08\/decreto_limitazione_funzioni_guastella_porto_velho.pdf\">DECRETO DI LIMITAZIONE DI FUNZIONI &#8211; PORTO VELHO<\/a><\/p>\n<p>Circoscrizione: Stato di Rondonia e Acre<\/p>\n<p>&nbsp;<\/p>\n<p><strong>Santos \u2013 SP<\/strong><\/p>\n<p>Vice Console Onorario: Mauro Sammarco<br \/>\nIndirizzo: Alameda Arm\u00eanio Mendes, 66 \u2013 Conj 2501<br \/>\n11035-260 SANTOS (SP)<br \/>\nTelefono: 13\u2013 2191-7940<br \/>\nE-mail: <a href=\"mailto:santos.onorario@esteri.it\">santos.onorario@esteri.it<\/a><strong><br \/>\n<\/strong><\/p>\n<p>Si prevede che l\u2019ufficio onorario osserver\u00e0 il seguente orario di apertura al pubblico dalle\u00a009:00 alle 12:00 e dalle 14:00 alle 17:00<\/p>\n<p><a href=\"https:\/\/conssanpaolo.esteri.it\/wp-content\/uploads\/2025\/10\/DECRETO-LIMITAZIONE-FUNZIONI-GU-189-16-08-2025.pdf\">DECRETO DI LIMITAZIONE DI FUNZIONI &#8211; SANTOS<\/a><\/p>\n<p><a href=\"https:\/\/conssanpaolo.esteri.it\/wp-content\/uploads\/2025\/10\/DECRETO-LIMITAZIONE-FUNZIONI-GU-189-16-08-2025.pdf\"><span style=\"text-decoration: underline;\"><strong>Clicca qui <\/strong><\/span><\/a>per visualizzare la circoscrizione geografica di competenza del Consolato Onorario di <strong>Santos, <\/strong>che comprende le regioni amministrative\u00a0di Santos e Registro.<\/p>\n<p>&nbsp;<\/p>\n<p style=\"text-align: center;\"><strong>AGENZIE CONSOLARI ONORARIE<\/strong><\/p>\n<p><strong>S\u00e3o Jos\u00e9 dos Campos &#8211; SP<\/strong><br \/>\nAgente Consolare: MARILENE MARIOTTONI<br \/>\nIndirizzo: Rua Lineu de Moura, 1800 \u2013 Ch\u00e1cara dos Eucaliptos<br \/>\n12244-380 &#8211; S\u00e3o Jos\u00e9 dos Campos<br \/>\nTel:\u00a0 19 &#8211; 98129 8149<br \/>\nOrario di ricevimento:<br \/>\ne-mail:\u00a0<strong><a href=\"mailto:marilenemarioton@uol.com.br\">s<\/a><a href=\"mailto:aojosedoscampos.onorario@esteri.it\">aojosedoscampos.onorario@esteri.it<\/a><\/strong><\/p>\n<p><a href=\"https:\/\/conssanpaolo.esteri.it\/wp-content\/uploads\/2023\/08\/decreto_limitazione_funzioni_mariottoni_-_sj_dos_campos.pdf\">DECRETO DI LIMITAZIONE DI FUNZIONI &#8211; S\u00c3O JOS\u00c9 DOS CAMPOS<\/a><\/p>\n<p>Circoscrizione: Comuni della regione di governo del Circondario\u00a0di S\u00e3o Jos\u00e9 dos Campos<\/p>\n<p><strong><br \/>\nS\u00e3o Jos\u00e9 do Rio Preto &#8211; SP<br \/>\n<\/strong>Agente Consolare: ALCEU GERMANO SESTINI<br \/>\nGeorgina Business Park<br \/>\nAv. An\u00edsio Haddad, 8001- Torre Milan Norte sala 501<br \/>\n15091-751\u00a0S\u00e3o Jos\u00e9 do Rio Preto (SP)<br \/>\nTelefono: 17\u00a03222 0212<br \/>\nE-mail:\u00a0<strong><a href=\"mailto:riopreto.onorario@esteri.it\">riopreto.onorario@esteri.it<\/a>\u00a0<\/strong><a href=\"mailto:asestini@gruposestini.com.br\"><br \/>\n<\/a>Aperto al pubblico dal luned\u00ed al venerd\u00ed dalle 09:00 alle 15:00<\/p>\n<p><a href=\"https:\/\/conssanpaolo.esteri.it\/wp-content\/uploads\/2023\/08\/decreto_limitazione_funzioni_sestini_-_sj_do_rio_preto.pdf\">DECRETO DI LIMITAZIONE DI FUNZIONI &#8211; S\u00c3O JOS\u00c9 DO RIO PRETO<\/a><\/p>\n<p><span style=\"text-decoration: underline;\"><strong><a href=\"https:\/\/conssanpaolo.esteri.it\/it\/chi-siamo\/la-rete-consolare\/circoscrizione-geografica-di-competenza-dellagenzia-consolare-di-sao-jose-do-rio-preto\/\">Clicca qui<\/a> <\/strong><\/span>per visualizzare la circoscrizione geografica di competenza dell&#8217;agenzia consolare di <strong>S\u00e3o Jos\u00e9 do Rio Preto,<\/strong> che comprende le regioni amministrative di S\u00e3o Jos\u00e9 do Rio Preto, Ara\u00e7atuba e Presidente Prudente.<\/p>\n<p>&nbsp;<\/p>\n<p><em>(Elenco aggiornato al\u00a0<strong>16\/06\/2025 <\/strong>\u2013 In caso di modifiche ai dati sopra indicati, i responsabili degli Uffici onorari sono cortesemente pregati di trasmettere gli aggiornamenti all\u2019indirizzo\u00a0<a href=\"mailto:segreteria.sanpaolo@esteri.it\">segreteria.sanpaolo@esteri.it<\/a>)<\/em><\/p>\n","protected":false},"excerpt":{"rendered":"CONSOLATI ONORARI Campinas \u2013 SP Console Onorario: Francesco Picciallo Indirizzo: Av. Bar\u00e3o de Itapura 2310\u2013 Guanabara 13073-300 Campinas (SP) E-mail: campinas.onorario@esteri.it cell\/whatsapp : 19 99915 5055 Orario apertura : gioved\u00ec dalle 09:00 alle 12:00 DECRETO DI LIMITAZIONE FUNZIONI &#8211; CAMPINAS Clicca qui per visualizzare la circoscrizione geografica di competenza del Consolato Onorario di Campinas, che [&hellip;]","protected":false},"author":3,"featured_media":0,"parent":12,"menu_order":0,"comment_status":"closed","ping_status":"closed","template":"","meta":{"footnotes":""},"class_list":["post-69","page","type-page","status-publish","hentry"],"_links":{"self":[{"href":"https:\/\/conssanpaolo.esteri.it\/it\/wp-json\/wp\/v2\/pages\/69","targetHints":{"allow":["GET"]}}],"collection":[{"href":"https:\/\/conssanpaolo.esteri.it\/it\/wp-json\/wp\/v2\/pages"}],"about":[{"href":"https:\/\/conssanpaolo.esteri.it\/it\/wp-json\/wp\/v2\/types\/page"}],"author":[{"embeddable":true,"href":"https:\/\/conssanpaolo.esteri.it\/it\/wp-json\/wp\/v2\/users\/3"}],"replies":[{"embeddable":true,"href":"https:\/\/conssanpaolo.esteri.it\/it\/wp-json\/wp\/v2\/comments?post=69"}],"version-history":[{"count":6,"href":"https:\/\/conssanpaolo.esteri.it\/it\/wp-json\/wp\/v2\/pages\/69\/revisions"}],"predecessor-version":[{"id":9111,"href":"https:\/\/conssanpaolo.esteri.it\/it\/wp-json\/wp\/v2\/pages\/69\/revisions\/9111"}],"up":[{"embeddable":true,"href":"https:\/\/conssanpaolo.esteri.it\/it\/wp-json\/wp\/v2\/pages\/12"}],"wp:attachment":[{"href":"https:\/\/conssanpaolo.esteri.it\/it\/wp-json\/wp\/v2\/media?parent=69"}],"curies":[{"name":"wp","href":"https:\/\/api.w.org\/{rel}","templated":true}]}}