{"id":6761,"date":"2025-02-21T12:48:42","date_gmt":"2025-02-21T15:48:42","guid":{"rendered":"https:\/\/conssanpaolo.esteri.it\/amministrazione-trasparente\/avvisi-e-comunicazioni\/manifestacoes-de-interesse-obras-civis\/"},"modified":"2025-03-21T15:15:17","modified_gmt":"2025-03-21T18:15:17","slug":"manifestacoes-de-interesse-obras-civis","status":"publish","type":"page","link":"https:\/\/conssanpaolo.esteri.it\/it\/amministrazione-trasparente\/avvisi-e-comunicazioni\/manifestacoes-de-interesse-obras-civis\/","title":{"rendered":"Aviso p\u00fablico para o recebimento de manifesta\u00e7\u00f5es de interesse \u2013 obras civis, mec\u00e2nicas e el\u00e9tricas destinadas \u00e0 instala\u00e7\u00e3o de tr\u00eas novos elevadores, incluindo o fornecimento dos mesmos, e \u00e0 reforma dos \u00faltimos tr\u00eas andares do edif\u00edcio"},"content":{"rendered":"<p>&nbsp;<\/p>\n<p>O Consulado Geral da It\u00e1lia em S\u00e3o Paulo torna p\u00fablico o presente <a href=\"https:\/\/conssanpaolo.esteri.it\/wp-content\/uploads\/2025\/03\/Aviso-de-manifestacao-de-interesse-Obras-civis-e-elevadores.pdf\"><strong>aviso para o recebimento de manifesta\u00e7\u00f5es de interesse<\/strong><\/a> para participar do procedimento de licita\u00e7\u00e3o referente \u00e0s obras<strong> civis, mec\u00e2nicas e el\u00e9tricas destinadas \u00e0 instala\u00e7\u00e3o de tr\u00eas novos elevadores, incluindo o fornecimento dos mesmos, e \u00e0 reforma dos \u00faltimos tr\u00eas andares do edif\u00edcio <\/strong>na sede deste Consulado Geral da It\u00e1lia.<\/p>\n<p>Para apresentar a pr\u00f3pria manifesta\u00e7\u00e3o de interesse as empresas dever\u00e3o enviar toda a documenta\u00e7\u00e3o listada no aviso (<a href=\"https:\/\/conssanpaolo.esteri.it\/wp-content\/uploads\/2025\/02\/Anexo-I-Modelo-de-Manifestacao-de-Interesse-Obras-civis-e-elevadores.pdf\"><strong>Anexo I<\/strong>,<\/a> <a href=\"https:\/\/conssanpaolo.esteri.it\/wp-content\/uploads\/2025\/02\/Anexo-II-Documento-unico-de-requisitos-e-Privacy-2.pdf\"><strong>Anexo II<\/strong>,<\/a> <a href=\"https:\/\/conssanpaolo.esteri.it\/wp-content\/uploads\/2025\/02\/Anexo-III-Informacoes-dados-pessoais-2.pd\"><strong>Anexo III<\/strong><\/a> e os demais comprovantes\/certid\u00f5es) em formato pdf. (tamanho m\u00e1ximo 20MB) por email ao endere\u00e7o con.sanpaolo.contabilita@cert.esteri.it com assunto \u201cManifesta\u00e7\u00f5es de interesse \u2013 Vigil\u00e2ncia\u201d at\u00e9 12h00 do dia 10 de mar\u00e7o de 2025.<\/p>\n","protected":false},"excerpt":{"rendered":"&nbsp; O Consulado Geral da It\u00e1lia em S\u00e3o Paulo torna p\u00fablico o presente aviso para o recebimento de manifesta\u00e7\u00f5es de interesse para participar do procedimento de licita\u00e7\u00e3o referente \u00e0s obras civis, mec\u00e2nicas e el\u00e9tricas destinadas \u00e0 instala\u00e7\u00e3o de tr\u00eas novos elevadores, incluindo o fornecimento dos mesmos, e \u00e0 reforma dos \u00faltimos tr\u00eas andares do edif\u00edcio [&hellip;]","protected":false},"author":6,"featured_media":0,"parent":2160,"menu_order":0,"comment_status":"closed","ping_status":"closed","template":"","meta":{"footnotes":""},"class_list":["post-6761","page","type-page","status-publish","hentry"],"_links":{"self":[{"href":"https:\/\/conssanpaolo.esteri.it\/it\/wp-json\/wp\/v2\/pages\/6761","targetHints":{"allow":["GET"]}}],"collection":[{"href":"https:\/\/conssanpaolo.esteri.it\/it\/wp-json\/wp\/v2\/pages"}],"about":[{"href":"https:\/\/conssanpaolo.esteri.it\/it\/wp-json\/wp\/v2\/types\/page"}],"author":[{"embeddable":true,"href":"https:\/\/conssanpaolo.esteri.it\/it\/wp-json\/wp\/v2\/users\/6"}],"replies":[{"embeddable":true,"href":"https:\/\/conssanpaolo.esteri.it\/it\/wp-json\/wp\/v2\/comments?post=6761"}],"version-history":[{"count":1,"href":"https:\/\/conssanpaolo.esteri.it\/it\/wp-json\/wp\/v2\/pages\/6761\/revisions"}],"predecessor-version":[{"id":6861,"href":"https:\/\/conssanpaolo.esteri.it\/it\/wp-json\/wp\/v2\/pages\/6761\/revisions\/6861"}],"up":[{"embeddable":true,"href":"https:\/\/conssanpaolo.esteri.it\/it\/wp-json\/wp\/v2\/pages\/2160"}],"wp:attachment":[{"href":"https:\/\/conssanpaolo.esteri.it\/it\/wp-json\/wp\/v2\/media?parent=6761"}],"curies":[{"name":"wp","href":"https:\/\/api.w.org\/{rel}","templated":true}]}}