{"id":664,"date":"2023-06-08T21:29:44","date_gmt":"2023-06-08T19:29:44","guid":{"rendered":"https:\/\/conssanpaolo.esteri.it\/?page_id=664"},"modified":"2025-06-23T15:52:23","modified_gmt":"2025-06-23T18:52:23","slug":"legge-no-379-2000","status":"publish","type":"page","link":"https:\/\/conssanpaolo.esteri.it\/it\/servizi-consolari-e-visti\/servizi-per-il-cittadino-straniero\/cittadinanza\/legge-no-379-2000\/","title":{"rendered":"Legge n\u00ba 379\/2000"},"content":{"rendered":"<p><strong>PERSONE NATE E GI\u00c0 RESIDENTI NEI TERRITORI APPARTENENTI ALL&#8217;IMPERO AUSTRO-UNGARICO E LORO DISCENDENTI<\/strong><\/p>\n<p>La legge 14 dicembre 2000, n. 379 (Disposizioni per il riconoscimento della cittadinanza italiana alle persone nate e gi\u00e0 residenti nei territori appartenenti all&#8217;Impero austro-ungarico e ai loro discendenti) e la conseguente procedura di proroga (di 5 anni) hanno consentito alle persone nate e gi\u00e0 residenti nei territori appartenenti all&#8217;Impero austro-ungarico e ai loro discendenti di sottoscrivere, entro il termine stabilito, la dichiarazione per il riconoscimento della cittadinanza italiana.<\/p>\n<p><span style=\"color: #ff0000;\">Il termine \u00e8 scaduto nel 2010.<\/span><\/p>\n<p>Alcuni di questi processi sono ancora in corso.<\/p>\n<p>Il Consolato vi contatter\u00e0 in caso di aggiornamenti. \u00c8 comunque necessario che i richiedenti mantengano aggiornati gli indirizzi di residenza, gli indirizzi e-mail e i numeri di telefono, comunicando sempre che si tratta di casi trentini e, se possibile, il numero del fascicolo familiare come riferimento.<\/p>\n<p>Chi ha ottenuto la cittadinanza italiana, cos\u00ec come chi \u00e8 gi\u00e0 riconosciuto cittadino italiano, deve creare un account sul portale FAST IT (<a href=\"https:\/\/conssanpaolo.esteri.it\/it\/servizi-consolari-e-visti\/servizi-per-il-cittadino-italiano\/anagrafe-degli-italiani-residenti-allestero-aire\/associazione\/\">clicca qui<\/a> per le istruzioni) e mantenere aggiornato il proprio <a href=\"https:\/\/conssanpaolo.esteri.it\/pt\/servizi-consolari-e-visti\/servizi-per-il-cittadino-italiano\/stato-civile\/\">stato civile.<\/a><\/p>\n<p>Se avete ricevuto una copia del decreto\/parere favorevole via e-mail e la vostra cittadinanza non \u00e8 stata completata, inviateci una e-mail a <a href=\"https:\/\/conssanpaolo.esteri.it\/pt\/servizi-consolari-e-visti\/servizi-per-il-cittadino-straniero\/cittadinanza\/legge-no-379-2000\/sanpaolo.citt@esteri.it\">sanpaolo.citt@esteri.it<\/a> allegando il decreto e fornendo i vostri dati completi.<\/p>\n","protected":false},"excerpt":{"rendered":"PERSONE NATE E GI\u00c0 RESIDENTI NEI TERRITORI APPARTENENTI ALL&#8217;IMPERO AUSTRO-UNGARICO E LORO DISCENDENTI La legge 14 dicembre 2000, n. 379 (Disposizioni per il riconoscimento della cittadinanza italiana alle persone nate e gi\u00e0 residenti nei territori appartenenti all&#8217;Impero austro-ungarico e ai loro discendenti) e la conseguente procedura di proroga (di 5 anni) hanno consentito alle persone [&hellip;]","protected":false},"author":5,"featured_media":0,"parent":160,"menu_order":0,"comment_status":"closed","ping_status":"closed","template":"","meta":{"footnotes":""},"class_list":["post-664","page","type-page","status-publish","hentry"],"_links":{"self":[{"href":"https:\/\/conssanpaolo.esteri.it\/it\/wp-json\/wp\/v2\/pages\/664","targetHints":{"allow":["GET"]}}],"collection":[{"href":"https:\/\/conssanpaolo.esteri.it\/it\/wp-json\/wp\/v2\/pages"}],"about":[{"href":"https:\/\/conssanpaolo.esteri.it\/it\/wp-json\/wp\/v2\/types\/page"}],"author":[{"embeddable":true,"href":"https:\/\/conssanpaolo.esteri.it\/it\/wp-json\/wp\/v2\/users\/5"}],"replies":[{"embeddable":true,"href":"https:\/\/conssanpaolo.esteri.it\/it\/wp-json\/wp\/v2\/comments?post=664"}],"version-history":[{"count":1,"href":"https:\/\/conssanpaolo.esteri.it\/it\/wp-json\/wp\/v2\/pages\/664\/revisions"}],"predecessor-version":[{"id":2758,"href":"https:\/\/conssanpaolo.esteri.it\/it\/wp-json\/wp\/v2\/pages\/664\/revisions\/2758"}],"up":[{"embeddable":true,"href":"https:\/\/conssanpaolo.esteri.it\/it\/wp-json\/wp\/v2\/pages\/160"}],"wp:attachment":[{"href":"https:\/\/conssanpaolo.esteri.it\/it\/wp-json\/wp\/v2\/media?parent=664"}],"curies":[{"name":"wp","href":"https:\/\/api.w.org\/{rel}","templated":true}]}}