{"id":640,"date":"2023-06-08T20:29:57","date_gmt":"2023-06-08T18:29:57","guid":{"rendered":"https:\/\/conssanpaolo.esteri.it\/?page_id=640"},"modified":"2024-06-12T14:51:36","modified_gmt":"2024-06-12T17:51:36","slug":"dubbi-ed-errori-frequenti","status":"publish","type":"page","link":"https:\/\/conssanpaolo.esteri.it\/it\/servizi-consolari-e-visti\/servizi-per-il-cittadino-italiano\/anagrafe-degli-italiani-residenti-allestero-aire\/dubbi-ed-errori-frequenti\/","title":{"rendered":"Dubbi ed Errori frequenti"},"content":{"rendered":"<p>Riportiamo i dubbi ed errori frequenti.<\/p>\n<p><a href=\"#anchor1\"><strong>1. La mia cittadinanza \u00e8 stata riconosciuta presso codesto Consolato Generale ma quando visualizzo la mia scheda anagrafica risulta nello status A.I.R.E la dicitura \u201c<\/strong><strong>non iscritto<\/strong><strong>\u201d. Posso fare la richiesta di passaporto?<\/strong><\/a><\/p>\n<p><a href=\"#anchor2\"><strong>2. Lo status della mia richiesta di iscrizione AIRE, inoltrata tramite FAST IT, \u00e8 \u201ctrasmessa al comune\u201d. Posso fare la richiesta di passaporto?<\/strong><\/a><\/p>\n<p><a href=\"#anchor3\"><strong>3. Quando provo a richiedere l\u2019iscrizione AIRE tramite FAST IT il sistema non mi consente di procedere e mi apre subito la pagina con i miei dati anagrafici. Qual \u00e8 il problema?<\/strong><\/a><\/p>\n<p><a href=\"#anchor4\"><strong>4. Quando visualizzo la mia scheda anagrafica tramite il portale FAST IT (nell\u2019opzione \u201cVisualizza la propria scheda anagrafica\u201d) lo stato risulta \u201cin altro ufficio\u201d \/ \u201cirreperibile\u201d. Come posso aggiornare la mia registrazione?<\/strong><\/a><\/p>\n<p><a href=\"#anchor5\"><strong>5. Ho richiesto l\u2019iscrizione tramite portale FAST IT e lo status risulta: \u201cIn Lavorazione\u201d. Cosa significa?<\/strong><\/a><br \/>\n<a href=\"#anchor6\"><strong>6. Il mio coniuge \u00e8 gi\u00e0 cittadino italiano, ma io ho appena ottenuto la mia cittadinanza jure sanguinis in Italia\/in altro consolato. Come posso iscrivermi all\u2019AIRE?<\/strong><\/a><\/p>\n<p><a href=\"#anchor7\"><strong>7. Mio figlio minore, che \u00e8 gi\u00e0 cittadino italiano, vive con l\u2019altro genitore brasiliano. Come posso aggiornare il suo indirizzo?<\/strong><\/a><\/p>\n<p><a href=\"#anchor8\"><strong>8. Quando cerco di visualizzare la mia situazione anagrafica tramite portale FAST IT riscontro un messaggio di errore che dice che per procedere devo essere un cittadino italiano iscritto all\u2019AIRE. Tuttavia, la mia cittadinanza \u00e8 gi\u00e0 stata riconosciuta e sono registrato presso questo consolato. Cosa devo fare?<\/strong><\/a><\/p>\n<p><a href=\"#anchor9\"><strong>9. Sono registrato su FAST IT in un altro consolato, ma ora sono residente a San Paolo, come posso fare il cambio?<\/strong><\/a><\/p>\n<p><a href=\"#anchor10\"><strong>10. Sto cercando di allegare tutti i documenti, ma i file superano il limite di 1Mega. Cosa fare?<\/strong><\/a><\/p>\n<p><a href=\"#anchor11\"><strong>11. Ho fatto una richiesta di prima iscrizione tramite FAST IT e lo status risulta \u201crifiutata\u201d con il messaggio \u201cPratica gi\u00e0 esistente\u201d. Cosa fare?<\/strong><\/a><\/p>\n<p><a href=\"#anchor12\"><strong>12. Mio figlio minorenne abita solo con me, ma l\u2019altro genitore non vuole sottoscrivere la richiesta di iscrizione AIRE. Come devo procedere?\u00a0<\/strong><\/a><\/p>\n<p><a href=\"#anchor13\"><strong>13.\u00a0 Voglio accedere a funzioni del portale FAST IT e mi \u00e8 richiesto un PIN. Cosa devo fare?<\/strong><\/a><\/p>\n<p><a href=\"#anchor14\"><strong>14. Ho presentato una richiesta di aggiornamento indirizzo che coinvolge anche mio figlio minorenne ma suo\/a padre\/madre non ha firmato la richiesta. Come procedere?<\/strong><\/a><\/p>\n<p><strong><a href=\"#anchor15\">15. Che succede se non mi iscrivo all\u2019AIRE?<\/a><\/strong><\/p>\n<p><strong><a href=\"#anchor16\">16. Ho fatto il riconoscimento della mia cittadinanza per via giudiziale e non ho mai risieduto in Italia. Quale data devo indicare su FAST IT quando mi chiede \u201cData di trasferimento della residenza nella circoscrizione consolare\u201d?<\/a><\/strong><\/p>\n<p>&nbsp;<\/p>\n<p id=\"anchor1\"><strong>1. La mia cittadinanza \u00e8 stata riconosciuta presso codesto Consolato Generale ma quando visualizzo la mia scheda anagrafica risulta nello status A.I.R.E la dicitura \u201c<\/strong><strong>non iscritto<\/strong><strong>\u201d. Posso fare la richiesta di passaporto?<\/strong><\/p>\n<p>Si, se la cittadinanza \u00e8 stata riconosciuta presso questo consolato generale e sei residente nella nostra circoscrizione la tua richiesta di iscrizione AIRE \u00e8 stata correttamente inoltrata al competente comune assieme ai documenti di stato civile che saranno trascritti. Lo status \u201cnon iscritto\u201d cambier\u00e0 quando il comune confermer\u00e0 la corretta conclusione dell\u2019iscrizione.<\/p>\n<p>Questa procedura pu\u00f2 impiegare alcuni mesi, a dipendere dal comune ma lei potr\u00e0 comunque richiedere il rilascio di un passaporto, non dovendo aspettare.<\/p>\n<p id=\"anchor2\"><strong>2. Lo status della mia richiesta di iscrizione AIRE, inoltrata tramite FAST IT, \u00e8 \u201ctrasmessa al comune\u201d. Posso fare la richiesta di passaporto?<\/strong><\/p>\n<p>Si, se la richiesta risulta trasmessa al comune \u00e8 possibile procedere alla prenotazione del passaporto seguendo le istruzioni presenti <a href=\"https:\/\/conssanpaolo.esteri.it\/it\/servizi-consolari-e-visti\/servizi-per-il-cittadino-italiano\/passaporti\/\">QUI<\/a>.<\/p>\n<p>Lo status cambier\u00e0 quando il comune confermer\u00e0 la corretta conclusione dell\u2019iscrizione all\u2019AIRE. Questa procedura pu\u00f2 impiegare alcuni mesi e non ostacola la richiesta di servizi consolari.<\/p>\n<p id=\"anchor3\"><strong>3. Quando provo a richiedere l\u2019iscrizione AIRE tramite FAST IT il sistema non mi consente di procedere e mi apre subito la pagina con i miei dati anagrafici. Qual \u00e8 il problema?<\/strong><\/p>\n<p>Questo succede quando esiste gi\u00e0 una richiesta AIRE in aperto, ossia inoltrata al comune. In questo caso, infatti, non devi inoltrare una nuova richiesta di iscrizione AIRE, basta solo attendere che il comune concluda la tua iscrizione. In ogni caso, se non devi fare altri aggiornamenti (registro di figli per esempio) puoi comunque richiedere il passaporto o altri servizi presso questo consolato.<\/p>\n<p id=\"anchor4\"><strong>4. Quando visualizzo la mia scheda anagrafica tramite il portale FAST IT (nell\u2019opzione \u201cVisualizza la propria scheda anagrafica\u201d) lo stato risulta \u201cin altro ufficio\u201d \/ \u201cirreperibile\u201d. Come posso aggiornare la mia registrazione?<\/strong><\/p>\n<p>\u00c9 possibile aggiornare la propria situazione anagrafica, anche se lo status risulta IRREPERIBILE\/IN ALTRA SEDE, nell\u2019opzione \u201cRichiedere l\u2019iscrizione all\u2019Anagrafe degli Italiani all\u2019Estero\u201d. La richiesta dovr\u00e0 essere corredata dalla documentazione\u00a0<a href=\"https:\/\/conssanpaolo.esteri.it\/consolato_sanpaolo\/it\/i_servizi\/per_i_cittadini\/anagrafe\/aggiornamento-dell-indirizzo-presso.html\"><strong>qui<\/strong><\/a>\u00a0elencata.<\/p>\n<p id=\"anchor5\"><strong>5. Ho richiesto l\u2019iscrizione tramite portale FAST IT e lo status risulta: \u201cIn Lavorazione\u201d. Cosa significa?<\/strong><\/p>\n<p>Significa che la Sua richiesta \u00e8 stata lavorata in prima fase ed \u00e8 stato necessario richiedere conferme al Suo Comune. Il tempo di \u201clavorazione\u201d di una pratica pu\u00f2 variare a seconda del tempo impiegato dal Comune nel rispondere la nostra richiesta. Dopo 180 giorni \u00e8 possibile richiedere informazioni via e-mail:\u00a0<a href=\"mailto:sanpaolo.anagrafe1@esteri.it\">sanpaolo.anagrafe1@esteri.it<\/a><\/p>\n<p id=\"anchor6\"><strong>6. Il mio coniuge \u00e8 gi\u00e0 cittadino italiano, ma io ho appena ottenuto la mia cittadinanza jure sanguinis in Italia\/in altro consolato. Come posso iscrivermi all\u2019AIRE?<\/strong><\/p>\n<p>Inviare la\u00a0<a href=\"https:\/\/conssanpaolo.esteri.it\/pt\/servizi-consolari-e-visti\/servizi-per-il-cittadino-italiano\/anagrafe-degli-italiani-residenti-allestero-aire\/prima-iscrizione-a-i-r-e-presso-questo-consolato\/\"><strong>documentazione necessaria<\/strong><\/a>\u00a0(clicca sul link)\u00a0via e-mail a: sanpaolo.anagrafe1@esteri.it<\/p>\n<p id=\"anchor7\"><strong>7. Mio figlio minore, che \u00e8 gi\u00e0 cittadino italiano, vive con l\u2019altro genitore brasiliano. Come posso aggiornare il suo indirizzo?<\/strong><\/p>\n<p>La richiesta deve essere inviata per e-mail \u2013\u00a0<a href=\"mailto:sanpaolo.anagrafe1@esteri.it\">sanpaolo.anagrafe1@esteri.it<\/a>\u00a0 \u2013 con i seguenti documenti: modulo \u2013\u00a0<a href=\"https:\/\/conssanpaolo.esteri.it\/wp-content\/uploads\/2023\/07\/dichiarazione_sostitutiva_GENITORE-STRANIERO.pdf\">clicca qui<\/a>\u00a0\u2013 compilato dal genitore straniero con cui vive il minore, firmato da entrambi i genitori, documento d\u2019identit\u00e0 valido dei genitori e del minore, prova di residenza a nome del genitore straniero (meno di tre mesi), e documentazione rilasciata dal comune relativa alla cittadinanza del minore (se non ancora depositata presso questo consolato).<\/p>\n<p id=\"anchor8\"><strong>8. Quando cerco di visualizzare la mia situazione anagrafica tramite portale FAST IT riscontro un messaggio di errore che dice che per procedere devo essere un cittadino italiano iscritto all\u2019AIRE. Tuttavia, la mia cittadinanza \u00e8 gi\u00e0 stata riconosciuta e sono registrato presso questo consolato. Cosa devo fare?<\/strong><\/p>\n<p>Questo errore di solito significa che la registrazione su FAST IT non \u00e8 stata fatta con gli stessi dati presenti nel nostro sistema.\u00a0<a href=\"https:\/\/conssanpaolo.esteri.it\/it\/servizi-consolari-e-visti\/servizi-per-il-cittadino-italiano\/anagrafe-degli-italiani-residenti-allestero-aire\/associazione\/\">L\u2019associazione<\/a>, che permette la visualizzazione della propria scheda anagrafica, pu\u00f2 essere fatta solo quando i dati inseriti in FAST IT rispecchiano i dati presenti nella nostra Anagrafe Consolare. Se hai dubbi su quali siano i suoi dati di registro \u00e8 possibile inviare un\u2019<a href=\"mailto:sanpaolo.anagrafe1@esteri.it\">e-mail<\/a>\u00a0con i suoi dati completi chiedendo conferma.<\/p>\n<p id=\"anchor9\"><strong>9. Sono registrato su FAST IT in un altro consolato, ma ora sono residente a San Paolo, come posso fare il cambio?<\/strong><\/p>\n<p>Per effettuare il cambiamento \u00e8 necessario non avere nessuna richiesta in corso. In questo caso, basta cliccare sul pulsante \u201cComunicare la variazione della propria residenza\u201d e comunicare il nuovo indirizzo nella nuova nazione\/stato di residenza. Apparir\u00e0 il seguente messaggio:<\/p>\n<p>\u201cAttenzione, si sta cambiando Sede Consolare di riferimento. Sei sicuro di voler continuare? Premendo Ok sarete reindirizzati alla variazione Aire\u201d. Cliccando su \u201cOk\u201d la tua SEDE di appartenenza sar\u00e0 cambiata.<\/p>\n<p id=\"anchor10\"><strong>10. Sto cercando di allegare tutti i documenti, ma i file superano il limite di 1Mega. Cosa fare?<\/strong><\/p>\n<p>Pu\u00f2 essere necessario, per esempio, scansionare la documentazione in bianco e nero per ridurre le dimensioni dei file. Accedi al link\u00a0<a href=\"https:\/\/serviziconsolarionline.esteri.it\/ScoFE\/static\/uso-scanner.sco\">cliccando qui<\/a>\u00a0per ulteriori consigli.<\/p>\n<p>Controllate sempre il file dopo la scansione dei documenti per assicurarvi che tutti i documenti siano leggibili (specialmente le firme). Se i documenti non sono leggibili, la domanda verr\u00e0 respinta. Tutte le domande devono essere presentate in formato pdf.<\/p>\n<p id=\"anchor11\"><strong>11. Ho fatto una richiesta di prima iscrizione tramite FAST IT e lo status risulta \u201crifiutata\u201d con il messaggio \u201cPratica gi\u00e0 esistente\u201d. Cosa fare?<\/strong><\/p>\n<p>Quando questo Consolato accetta una richiesta di prima iscrizione (le richieste che generano un codice AIRERR), attraverso FAST IT tutti i dati inseriti dal richiedente migrano alla nostra Anagrafe Consolare.<\/p>\n<p>Se il nome del richiedente esiste gi\u00e0 nel nostro database (anagrafe consolare) non siamo in grado di accettare tale domanda. Questo pu\u00f2 accadere se il richiedente \u00e8 sposato con un cittadino italiano gi\u00e0 registrato presso il nostro Consolato, per esempio o se \u00e8 gi\u00e0 iscritto ma deve solo aggiornare la propria situazione anagrafica.<\/p>\n<p>Se la richiesta \u00e8 per la registrazione di cambiamenti di stato civile \u2013 figli, matrimonio, ecc. \u2013 sar\u00e0 necessario seguire le disposizioni presenti nella sezione Stato Civile (<a href=\"https:\/\/conssanpaolo.esteri.it\/it\/servizi-consolari-e-visti\/servizi-per-il-cittadino-italiano\/stato-civile\/\">clicca qui)<\/a>.<\/p>\n<p id=\"anchor12\"><strong>12. Mio figlio minorenne abita solo con me, ma l\u2019altro genitore non vuole sottoscrivere la richiesta di iscrizione AIRE. Come devo procedere?\u00a0<\/strong><\/p>\n<p>Se la richiesta di iscrizione A.I.R.E. coinvolge un minore entrambi i genitori devono sottoscrivere la Richiesta di iscrizione. In tal senso, sar\u00e0 necessario inviare anche il documento di identit\u00e0 del genitore straniero.<\/p>\n<p>Qualora non risulti la firma di uno dei due genitori in tale Dichiarazione, il genitore che presenta l\u2019istanza dovr\u00e0 fornire al Consolato le ultime coordinate conosciute dell\u2019altro genitore: contatto telefonico, indirizzo postale e\/o e-mail. Altrimenti, egli\/ella dovr\u00e0 fornire \u2013 ove non gi\u00e0 presente agli atti di questa sede \u2013 evidenza documentale dell\u2019impossibilit\u00e0 di ottenere il consenso dell\u2019altro genitore: ad esempio, per decesso o per provvedimento giurisdizionale interdittivo della sua genitorialit\u00e0 oppure perch\u00e9 il minore \u00e8 stato riconosciuto da un solo genitore.<\/p>\n<p id=\"anchor13\"><strong>13.\u00a0 Voglio accedere a funzioni del portale FAST IT e mi \u00e8 richiesto un PIN. Cosa devo fare?<\/strong><\/p>\n<p>Si precisa che le funzioni del portale che necessitano del PIN non sono ancora state abilitate dal Ministero degli Affari Esteri e della Cooperazione Internazionale e che pertanto non \u00e8 possibile per gli utenti generare autonomamente il proprio PIN. Questo Consolato Generale pubblicher\u00e0 sulla Home Page del proprio sito web un avviso specifico relativo al rilascio del PIN, non appena questo servizio sar\u00e0 reso disponibile.<\/p>\n<p id=\"anchor14\"><strong>14. Ho presentato una richiesta di aggiornamento indirizzo che coinvolge anche mio figlio minorenne ma suo\/a padre\/madre non ha firmato la richiesta. Come procedere?<\/strong><\/p>\n<p>Se manca la firma\/autorizzazione dell\u2019altro genitore del figlio minorenne per aggiornare l\u2019indirizzo di residenza del minore, si prega di inviare il seguente modulo (<a href=\"https:\/\/conssanpaolo.esteri.it\/wp-content\/uploads\/2024\/06\/CONSENSO-ISCRIZ.-TRASF-FIGLI-MINORI.pdf\">cliccare qui<\/a>) insieme al documento d\u2019identit\u00e0 del genitore firmatario.<\/p>\n<p id=\"anchor15\"><strong>15.\u00a0 Che succede se non mi iscrivo all\u2019AIRE?<\/strong><\/p>\n<p>Se non ti iscrivi all\u2019AIRE, potrebbero esserci delle conseguenze. Ecco cosa succede:<\/p>\n<p>\u2013 Sanzioni: secondo la Legge n. 213 del 30 dicembre 2023, \u00e9 prevista una sanzione fino a 1.000 Euro per ogni anno di mancata iscrizione all\u2019AIRE, per un massimo di 5 anni. \u00c8 importante notare che queste sanzioni si applicano solo ai cittadini italiani iscritti nell\u2019Anagrafe della Popolazione Residente di un Comune in Italia che si trasferiscono all\u2019estero e non ottemperano agli obblighi di iscrizione all\u2019AIRE.<\/p>\n<p>\u2013 Non ottieni tempestivamente\u00a0servizi Consolari: tra gli altri, rinnovo od emissioni di documenti di viaggio\/identit\u00e0, certificazioni, assistenza.<\/p>\n<p>\u2013 Diritti: l\u2019iscrizione all\u2019AIRE \u00e8 anche necessaria per l\u2019esercizio di importanti diritti p.es. elettorali, reperibilit\u00e0 fiscale.<\/p>\n<p id=\"anchor16\"><strong>16. Ho fatto il riconoscimento della mia cittadinanza per via giudiziale e non ho mai risieduto in Italia. Quale data devo indicare su FAST IT quando mi chiede \u201cData di trasferimento della residenza nella circoscrizione consolare?<\/strong><\/p>\n<p>Se la cittadinanza \u00e8 stata riconosciuta per via giudiziale dovrai indicare come data di trasferimento nella circoscrizione consolare la data di presentazione della richiesta di iscrizione. Nel campo \u201ccomune di ultima residenza\u201d dovr\u00e0 essere indicato il comune che ha trascritto gli atti di stato civile. Ribadiamo che non sono previste sanzioni per omessa iscrizione AIRE nei casi di cittadinanza per sentenza e, per tale motivo, la data indicata non comporter\u00e0 ulteriori conseguenze\/problemi<\/p>\n","protected":false},"excerpt":{"rendered":"Riportiamo i dubbi ed errori frequenti. 1. La mia cittadinanza \u00e8 stata riconosciuta presso codesto Consolato Generale ma quando visualizzo la mia scheda anagrafica risulta nello status A.I.R.E la dicitura \u201cnon iscritto\u201d. Posso fare la richiesta di passaporto? 2. Lo status della mia richiesta di iscrizione AIRE, inoltrata tramite FAST IT, \u00e8 \u201ctrasmessa al comune\u201d. [&hellip;]","protected":false},"author":6,"featured_media":0,"parent":150,"menu_order":5,"comment_status":"closed","ping_status":"closed","template":"","meta":{"footnotes":""},"class_list":["post-640","page","type-page","status-publish","hentry"],"_links":{"self":[{"href":"https:\/\/conssanpaolo.esteri.it\/it\/wp-json\/wp\/v2\/pages\/640","targetHints":{"allow":["GET"]}}],"collection":[{"href":"https:\/\/conssanpaolo.esteri.it\/it\/wp-json\/wp\/v2\/pages"}],"about":[{"href":"https:\/\/conssanpaolo.esteri.it\/it\/wp-json\/wp\/v2\/types\/page"}],"author":[{"embeddable":true,"href":"https:\/\/conssanpaolo.esteri.it\/it\/wp-json\/wp\/v2\/users\/6"}],"replies":[{"embeddable":true,"href":"https:\/\/conssanpaolo.esteri.it\/it\/wp-json\/wp\/v2\/comments?post=640"}],"version-history":[{"count":7,"href":"https:\/\/conssanpaolo.esteri.it\/it\/wp-json\/wp\/v2\/pages\/640\/revisions"}],"predecessor-version":[{"id":4920,"href":"https:\/\/conssanpaolo.esteri.it\/it\/wp-json\/wp\/v2\/pages\/640\/revisions\/4920"}],"up":[{"embeddable":true,"href":"https:\/\/conssanpaolo.esteri.it\/it\/wp-json\/wp\/v2\/pages\/150"}],"wp:attachment":[{"href":"https:\/\/conssanpaolo.esteri.it\/it\/wp-json\/wp\/v2\/media?parent=640"}],"curies":[{"name":"wp","href":"https:\/\/api.w.org\/{rel}","templated":true}]}}