{"id":577,"date":"2023-05-24T20:08:23","date_gmt":"2023-05-24T23:08:23","guid":{"rendered":""},"modified":"2025-03-12T10:24:53","modified_gmt":"2025-03-12T13:24:53","slug":"documentos-relativos-ao-antepassado-italiano-nascido-na-italia-dante-causa","status":"publish","type":"page","link":"https:\/\/conssanpaolo.esteri.it\/it\/amministrazione-trasparente\/avvisi-e-comunicazioni\/6247-2\/documentos-relativos-ao-antepassado-italiano-nascido-na-italia-dante-causa\/","title":{"rendered":"Documenti relativi all&#8217;antenato italiano nato in Italia (dante causa)"},"content":{"rendered":"<ol>\n<li><strong>CERTIFICATO DI NASCITA ORIGINALE\u00a0 (<em>Estratto di nascita completo di generalit\u00e0<\/em>)<\/strong><\/li>\n<\/ol>\n<p>Tale documento deve essere acquisito dall&#8217;interessato direttamente nel Comune italiano di nascita dell&#8217;avo italiano e presentato in originale. In linea di principio non vi \u00e8 validit\u00e0 per questo documento, ma questo Consolato pu\u00f2 richiedere un nuovo certificato se necessario. Essendo un documento italiano, non \u00e8 necessario apostille, riconoscere la firma o tradurla.<\/p>\n<p>Tale certificato deve riportare chiaramente, oltre ai dati di nascita completi, anche il nome dei genitori dell&#8217;italiano.<\/p>\n<p>Se la registrazione civile non era ancora in vigore alla data di nascita dell&#8217;ascendente, l&#8217;atto di nascita deve essere sostituito dall&#8217;originale dell&#8217;atto di battesimo rilasciato dalla parrocchia, con riconoscimento della firma del parroco da parte della Curia episcopale competente.<\/p>\n<p>Il documento originale dell&#8217;avo italiano (nascita e\/o matrimonio) rilasciato in Italia, se in buone condizioni e senza cancellature, non ha periodo di validit\u00e0, e pu\u00f2 essere presentato anche se rilasciato anni fa. Se necessario, al momento dell&#8217;analisi, ne verr\u00e0 richiesto uno nuovo.<\/p>\n<ol start=\"2\">\n<li><strong>CERTIFICATO NEGATIVO DI NATURALIZZAZIONE DELL&#8217;AVO ITALIANO<\/strong><\/li>\n<\/ol>\n<p>Questo documento \u00e8 obbligatorio per confermare che l&#8217;ascendente italiano non \u00e8 stato naturalizzato, poich\u00e9, a seconda della data di un&#8217;eventuale naturalizzazione, pu\u00f2 essere un impedimento al passaggio della cittadinanza italiana ai discendenti.<\/p>\n<p>Deve essere rilasciato online dal richiedente sul sito web del Ministero della Giustizia brasiliano\u00a0(<a href=\"http:\/\/www.justica.gov.br\/acesso-a-sistemas\/e-certidao\">www.justica.gov.br\/acesso-a-sistemas\/e-certidao<\/a>). Al momento dell&#8217;accesso al sito web, l&#8217;interessato deve compilare correttamente tutti i campi, in particolare per quanto riguarda eventuali variazioni del nome e cognome dell&#8217;antenato italiano presenti nei certificati dello stato civile brasiliano o che potrebbero essere stati oggetto di rettifica giudiziaria (ex.: Mario Rossi, Mario Rosi, Marrio Rossi, Marrio Roci, etc).Ovvero, tutte le varianti con cui la stessa persona \u00e8 stata citata devono essere inserite in tutti gli atti di stato civile presentati per la domanda di riconoscimento della cittadinanza italiana.<\/p>\n<p>Tale certificato dovr\u00e0 essere presentato con Apostille accompagnata dalla rispettiva TRADUZIONE giurata in italiano, anch&#8217;essa apostillata.<\/p>\n<p>Se l&#8217;ascendente italiano \u00e8 in vita, il Certificato Negativo di Naturalizzazione pu\u00f2 essere sostituito dalla copia autenticata della Carta d&#8217;Identit\u00e0 per Stranieri (RNE).<\/p>\n<p style=\"text-align: justify; padding-left: 80px;\"><strong>2a<\/strong>. L&#8217;eventuale naturalizzazione dell&#8217;avo italiano non impedisce necessariamente la trasmissione della cittadinanza. In questo caso specifico, deve essere presentato il Certificato Positivo di Naturalizzazione in originale, con Apostille accompagnata dalla rispettiva TRADUZIONE giurata in italiano, che deve essere anch&#8217;essa apostillata. Sar\u00e0 quindi verificata la sussistenza dei requisiti necessari per il riconoscimento della cittadinanza.<\/p>\n<p style=\"text-align: justify; padding-left: 80px;\"><strong>2b. <\/strong>Se l&#8217;antenato italiano ha risieduto in paesi diversi dal Brasile e dall&#8217;Italia (esempio: l&#8217;antenato era residente in Argentina prima di emigrare in Brasile), \u00e8 necessario presentare un Certificato di Naturalizzazione Negativo\/Positivo rilasciato dalle autorit\u00e0 di questi paesi.<\/p>\n<p>Suggeriamo all&#8217;interessato di accedere al sito del Consolato italiano competente per la circoscrizione in cui \u00e8 stato rilasciato il certificato, per presentarlo correttamente, ottenendo maggiori informazioni su come apostillare o legalizzare sia il documento che la rispettiva traduzione giurata.<\/p>\n<ol start=\"3\">\n<li><strong>CERTIFICATO DI MATRIMONIO DELL&#8217;ANTENATO ITALIANO<\/strong><\/li>\n<\/ol>\n<p style=\"padding-left: 40px;\">Il certificato di matrimonio brasiliano <strong>deve essere presentato in 2\u00b0 copia dell&#8217;originale recente, in formato integrale, con Apostille accompagnata dalla rispettiva traduzione giurata in italiano, anch&#8217;essa apostillata.<\/strong><\/p>\n<p style=\"padding-left: 80px; text-align: justify;\"><strong>3a<\/strong>.Se il matrimonio \u00e8 stato celebrato in Italia, il certificato italiano deve essere presentato in 2a copia originale (Estratto dell&#8217;atto di matrimonio), In linea di principio non vi \u00e8 validit\u00e0 per questo documento, ma questo Consolato pu\u00f2 richiedere un nuovo certificato se necessario. Essendo un documento italiano, non \u00e8 necessario apostille, riconoscere la firma o tradurla<\/p>\n<p style=\"padding-left: 80px; text-align: justify;\"><strong>3b.<\/strong> Se l&#8217;avo italiano \u00e8 stato sposato pi\u00f9 spesso, \u00e8 necessario presentare i certificati di tutti i matrimoni, i certificati di morte del precedente coniuge o eventuali divorzi.<\/p>\n<p style=\"padding-left: 80px; text-align: justify;\"><strong>3c.<\/strong> Se l&#8217;avo italiano si \u00e8 sposato in paesi diversi dal Brasile e dall&#8217;Italia, sar\u00e0 necessario presentare il certificato di matrimonio rilasciato dalle autorit\u00e0. Suggeriamo all&#8217;interessato di accedere al sito del Consolato italiano competente per la circoscrizione in cui \u00e8 stato rilasciato il certificato, per presentarlo correttamente, ottenendo maggiori informazioni su come apostillare o legalizzare sia il documento che la rispettiva traduzione giurata.<\/p>\n<ol start=\"4\">\n<li><strong>CERTIFICATO DI MORTE DELL&#8217;ANTENATO ITALIANO<\/strong><\/li>\n<\/ol>\n<p style=\"padding-left: 40px; text-align: justify;\">Il certificato di morte brasiliano deve<strong> essere presentato in 2\u00b0 copia dell&#8217;originale recente<\/strong>, in formato integrale, con <strong>Apostille accompagnata dalla rispettiva traduzione giurata in italiano<\/strong>, anch&#8217;essa apostillata.<\/p>\n<p style=\"padding-left: 80px; text-align: justify;\"><strong>4a.<\/strong>Se l&#8217;avo italiano \u00e8 deceduto in un paese diverso dal Brasile o dall&#8217;Italia, deve essere presentato il certificato di morte rilasciato dalle autorit\u00e0 competenti. Suggeriamo all&#8217;interessato di accedere al sito del Consolato italiano competente per la circoscrizione in cui \u00e8 stato rilasciato il certificato, per presentarlo correttamente, ottenendo maggiori informazioni su come apostillare o legalizzare sia il documento che la rispettiva traduzione giurata.<\/p>\n","protected":false},"excerpt":{"rendered":"CERTIFICATO DI NASCITA ORIGINALE\u00a0 (Estratto di nascita completo di generalit\u00e0) Tale documento deve essere acquisito dall&#8217;interessato direttamente nel Comune italiano di nascita dell&#8217;avo italiano e presentato in originale. In linea di principio non vi \u00e8 validit\u00e0 per questo documento, ma questo Consolato pu\u00f2 richiedere un nuovo certificato se necessario. Essendo un documento italiano, non \u00e8 [&hellip;]","protected":false},"author":5,"featured_media":0,"parent":6247,"menu_order":0,"comment_status":"closed","ping_status":"closed","template":"","meta":{"footnotes":""},"class_list":["post-577","page","type-page","status-publish","hentry"],"_links":{"self":[{"href":"https:\/\/conssanpaolo.esteri.it\/it\/wp-json\/wp\/v2\/pages\/577","targetHints":{"allow":["GET"]}}],"collection":[{"href":"https:\/\/conssanpaolo.esteri.it\/it\/wp-json\/wp\/v2\/pages"}],"about":[{"href":"https:\/\/conssanpaolo.esteri.it\/it\/wp-json\/wp\/v2\/types\/page"}],"author":[{"embeddable":true,"href":"https:\/\/conssanpaolo.esteri.it\/it\/wp-json\/wp\/v2\/users\/5"}],"replies":[{"embeddable":true,"href":"https:\/\/conssanpaolo.esteri.it\/it\/wp-json\/wp\/v2\/comments?post=577"}],"version-history":[{"count":4,"href":"https:\/\/conssanpaolo.esteri.it\/it\/wp-json\/wp\/v2\/pages\/577\/revisions"}],"predecessor-version":[{"id":6807,"href":"https:\/\/conssanpaolo.esteri.it\/it\/wp-json\/wp\/v2\/pages\/577\/revisions\/6807"}],"up":[{"embeddable":true,"href":"https:\/\/conssanpaolo.esteri.it\/it\/wp-json\/wp\/v2\/pages\/6247"}],"wp:attachment":[{"href":"https:\/\/conssanpaolo.esteri.it\/it\/wp-json\/wp\/v2\/media?parent=577"}],"curies":[{"name":"wp","href":"https:\/\/api.w.org\/{rel}","templated":true}]}}