{"id":5237,"date":"2024-07-11T16:26:33","date_gmt":"2024-07-11T19:26:33","guid":{"rendered":"https:\/\/conssanpaolo.esteri.it\/servizi-consolari-e-visti\/servizi-per-il-cittadino-straniero\/cittadinanza\/riconoscimento-della-cittadinanza-per-discendenza-jure-sanguinis\/2o-passo\/lista-dei-documenti\/documentacao-relativa-aos-requerentes\/fnat\/"},"modified":"2025-06-23T12:06:05","modified_gmt":"2025-06-23T15:06:05","slug":"fnat","status":"publish","type":"page","link":"https:\/\/conssanpaolo.esteri.it\/it\/servizi-consolari-e-visti\/servizi-per-il-cittadino-straniero\/cittadinanza\/fnat\/","title":{"rendered":"Filho nascido de pais n\u00e3o casamentos civilmente no momento do nascimento"},"content":{"rendered":"<p>Pela normativa italiana, quando um filho nasce de pais que n\u00e3o est\u00e3o casados no civil no momento do nascimento, ambos os genitores devem declarar o nascimento da crian\u00e7a no cart\u00f3rio, n\u00e3o sendo suficiente que apare\u00e7am os nomes dos dois.<\/p>\n<p>Quando isso n\u00e3o ocorre e somente um dos genitores \u00e9 o declarante, aquele que n\u00e3o estava presente dever\u00e1 fazer a escritura de maternidade\/paternidade como esclarecido a seguir.<\/p>\n<p>Assim, para o correto registro, a documenta\u00e7\u00e3o a ser entregue dever\u00e1 ser:<\/p>\n<p>\u2013\u00a0<strong>segunda via<\/strong>\u00a0<strong>original<\/strong>\u00a0da\u00a0<strong>certid\u00e3o de nascimento\u00a0<\/strong>em\u00a0<strong>inteiro teor<\/strong>\u00a0<strong>recente<\/strong>\u00a0(emitida h\u00e1 menos de 6 meses) com\u00a0<strong>Apostila<\/strong><strong>\u00a0<\/strong>e\u00a0<strong>tradu\u00e7\u00e3o juramentada para o italiano<\/strong>, tamb\u00e9m com\u00a0<strong>Apostila<\/strong><\/p>\n<p>Caso a certid\u00e3o n\u00e3o reporte claramente que \u201c<em>foram declarantes os pais<\/em>\u201d, \u00e9 necess\u00e1rio que o genitor ausente ao momento da declara\u00e7\u00e3o apresente uma\u00a0<strong><em>Escritura p\u00fablica de reconhecimento de maternidade\/paternidade<\/em><\/strong>\u00a0feita em um\u00a0<strong>Cart\u00f3rio de Registro Civil ou Tabelionato de Notas,\u00a0<\/strong>com\u00a0<strong>Apostila<\/strong><strong>\u00a0<\/strong>e\u00a0<strong>tradu\u00e7\u00e3o juramentada para o italiano<\/strong>, tamb\u00e9m com\u00a0<strong>Apostila<\/strong>;<\/p>\n<p><strong>Esta Escritura deve ser feita da seguinte maneira<\/strong>:<\/p>\n<p style=\"padding-left: 40px;\">\u2013 os interessados, nascidos de genitores n\u00e3o casados, dever\u00e3o estar presentes e dar seu consentimento ao reconhecimento conforme modelo a seguir (ver o modelo<a href=\"https:\/\/conssanpaolo.esteri.it\/wp-content\/uploads\/2023\/09\/5-Escritura-Publica-reconhecimento-maternidade-maior-de-14-anos.pdf\">\u00a0<strong><em>Escritura p\u00fablica de reconhecimento de maternidade\/paternidade de filho maior de 14 anos<\/em><\/strong><\/a>)<\/p>\n","protected":false},"excerpt":{"rendered":"Pela normativa italiana, quando um filho nasce de pais que n\u00e3o est\u00e3o casados no civil no momento do nascimento, ambos os genitores devem declarar o nascimento da crian\u00e7a no cart\u00f3rio, n\u00e3o sendo suficiente que apare\u00e7am os nomes dos dois. Quando isso n\u00e3o ocorre e somente um dos genitores \u00e9 o declarante, aquele que n\u00e3o estava [&hellip;]","protected":false},"author":6,"featured_media":0,"parent":160,"menu_order":0,"comment_status":"closed","ping_status":"closed","template":"","meta":{"footnotes":""},"class_list":["post-5237","page","type-page","status-publish","hentry"],"_links":{"self":[{"href":"https:\/\/conssanpaolo.esteri.it\/it\/wp-json\/wp\/v2\/pages\/5237","targetHints":{"allow":["GET"]}}],"collection":[{"href":"https:\/\/conssanpaolo.esteri.it\/it\/wp-json\/wp\/v2\/pages"}],"about":[{"href":"https:\/\/conssanpaolo.esteri.it\/it\/wp-json\/wp\/v2\/types\/page"}],"author":[{"embeddable":true,"href":"https:\/\/conssanpaolo.esteri.it\/it\/wp-json\/wp\/v2\/users\/6"}],"replies":[{"embeddable":true,"href":"https:\/\/conssanpaolo.esteri.it\/it\/wp-json\/wp\/v2\/comments?post=5237"}],"version-history":[{"count":2,"href":"https:\/\/conssanpaolo.esteri.it\/it\/wp-json\/wp\/v2\/pages\/5237\/revisions"}],"predecessor-version":[{"id":7805,"href":"https:\/\/conssanpaolo.esteri.it\/it\/wp-json\/wp\/v2\/pages\/5237\/revisions\/7805"}],"up":[{"embeddable":true,"href":"https:\/\/conssanpaolo.esteri.it\/it\/wp-json\/wp\/v2\/pages\/160"}],"wp:attachment":[{"href":"https:\/\/conssanpaolo.esteri.it\/it\/wp-json\/wp\/v2\/media?parent=5237"}],"curies":[{"name":"wp","href":"https:\/\/api.w.org\/{rel}","templated":true}]}}