{"id":4001,"date":"2024-03-08T14:15:06","date_gmt":"2024-03-08T17:15:06","guid":{"rendered":"https:\/\/conssanpaolo.esteri.it\/?page_id=4001"},"modified":"2024-03-08T14:15:51","modified_gmt":"2024-03-08T17:15:51","slug":"bocconi-meets-brazil","status":"publish","type":"page","link":"https:\/\/conssanpaolo.esteri.it\/it\/italia-e-brasile\/diplomazia-culturale\/studi\/universita\/bocconi-meets-brazil\/","title":{"rendered":"Bocconi Meets Brazil"},"content":{"rendered":"<p>A Universidade Bocconi convida ao evento \u201c<strong><em>Bocconi Meets Brazil<\/em><\/strong>\u201d, uma iniciativa na cidade de\u00a0<strong>S\u00e3o Paulo<\/strong> para conhecer a Universidade Bocconi atrav\u00e9s dos ex-alunos que trabalham em suas respectivas \u00e1reas.<\/p>\n<p><strong>Clique <a href=\"https:\/\/www.unibocconi.eu\/wps\/wcm\/connect\/bocconi\/sitopubblico_en\/navigation+tree\/info\/international+network\/bocconi+meets\/bocconi+meets+sao+paulo\">AQUI<\/a> para se cadastrar.\u00a0<\/strong><\/p>\n<p><em>Acesso ao evento somente aos inscritos, com limita\u00e7\u00e3o de vagas dispon\u00edveis.<\/em><\/p>\n<p>&nbsp;<\/p>\n<p><img loading=\"lazy\" decoding=\"async\" class=\"aligncenter size-large wp-image-4002 img-fluid\" src=\"https:\/\/conssanpaolo.esteri.it\/wp-content\/uploads\/2024\/03\/1200x628-1024x536.png\" alt=\"\" width=\"640\" height=\"335\" srcset=\"https:\/\/conssanpaolo.esteri.it\/wp-content\/uploads\/2024\/03\/1200x628-1024x536.png 1024w, https:\/\/conssanpaolo.esteri.it\/wp-content\/uploads\/2024\/03\/1200x628-300x157.png 300w, https:\/\/conssanpaolo.esteri.it\/wp-content\/uploads\/2024\/03\/1200x628-768x402.png 768w, https:\/\/conssanpaolo.esteri.it\/wp-content\/uploads\/2024\/03\/1200x628.png 1200w\" sizes=\"auto, (max-width: 640px) 100vw, 640px\" \/><\/p>\n","protected":false},"excerpt":{"rendered":"A Universidade Bocconi convida ao evento \u201cBocconi Meets Brazil\u201d, uma iniciativa na cidade de\u00a0S\u00e3o Paulo para conhecer a Universidade Bocconi atrav\u00e9s dos ex-alunos que trabalham em suas respectivas \u00e1reas. Clique AQUI para se cadastrar.\u00a0 Acesso ao evento somente aos inscritos, com limita\u00e7\u00e3o de vagas dispon\u00edveis. &nbsp;","protected":false},"author":6,"featured_media":0,"parent":1827,"menu_order":0,"comment_status":"closed","ping_status":"closed","template":"","meta":{"footnotes":""},"class_list":["post-4001","page","type-page","status-publish","hentry"],"_links":{"self":[{"href":"https:\/\/conssanpaolo.esteri.it\/it\/wp-json\/wp\/v2\/pages\/4001","targetHints":{"allow":["GET"]}}],"collection":[{"href":"https:\/\/conssanpaolo.esteri.it\/it\/wp-json\/wp\/v2\/pages"}],"about":[{"href":"https:\/\/conssanpaolo.esteri.it\/it\/wp-json\/wp\/v2\/types\/page"}],"author":[{"embeddable":true,"href":"https:\/\/conssanpaolo.esteri.it\/it\/wp-json\/wp\/v2\/users\/6"}],"replies":[{"embeddable":true,"href":"https:\/\/conssanpaolo.esteri.it\/it\/wp-json\/wp\/v2\/comments?post=4001"}],"version-history":[{"count":2,"href":"https:\/\/conssanpaolo.esteri.it\/it\/wp-json\/wp\/v2\/pages\/4001\/revisions"}],"predecessor-version":[{"id":4005,"href":"https:\/\/conssanpaolo.esteri.it\/it\/wp-json\/wp\/v2\/pages\/4001\/revisions\/4005"}],"up":[{"embeddable":true,"href":"https:\/\/conssanpaolo.esteri.it\/it\/wp-json\/wp\/v2\/pages\/1827"}],"wp:attachment":[{"href":"https:\/\/conssanpaolo.esteri.it\/it\/wp-json\/wp\/v2\/media?parent=4001"}],"curies":[{"name":"wp","href":"https:\/\/api.w.org\/{rel}","templated":true}]}}