{"id":390,"date":"2023-05-04T14:16:43","date_gmt":"2023-05-04T12:16:43","guid":{"rendered":"https:\/\/conssanpaolo.esteri.it\/?page_id=390"},"modified":"2023-11-06T16:32:46","modified_gmt":"2023-11-06T19:32:46","slug":"istruzioni-per-corretto-inserimento-dati-fast-it","status":"publish","type":"page","link":"https:\/\/conssanpaolo.esteri.it\/it\/servizi-consolari-e-visti\/servizi-per-il-cittadino-italiano\/anagrafe-degli-italiani-residenti-allestero-aire\/istruzioni-per-corretto-inserimento-dati-fast-it\/","title":{"rendered":"Istruzioni per corretto inserimento dati \/ FAST IT"},"content":{"rendered":"<p>Le seguenti informazioni sono essenziali per la corretta presentazione della sua richiesta, tramite <a href=\"https:\/\/serviziconsolari.esteri.it\/\">FAST IT<\/a>.<\/p>\n<p>Le ricordiamo che qualsiasi richiesta che non rispetti le seguenti istruzioni sar\u00e0, dopo l&#8217;analisi, rifiutata e il richiedente dovr\u00e0 presentare una nuova richiesta, che sar\u00e0 valutata nei tempi previsti dalla legge, indipendentemente dalla richiesta precedente.<\/p>\n<p>La registrazione FAST IT deve essere fatta, sin dall&#8217;inizio, con i dati dei documenti italiana. Qualsiasi differenza (come per esempio l&#8217;inserimento del cognome del coniuge) far\u00e0 s\u00ec che il sistema non riconosca l&#8217;utente e la richiesta non andr\u00e0 a buon fine.<\/p>\n<p>In nessun campo, neanche sull&#8217;indirizzo (indipendentemente da come risulti sulla prova di residenza) dev&#8217;essere inserito alcun accento, &#8220;cediglia&#8221;, punto o virgola.<\/p>\n<p>Le abbreviazioni degli indirizzi devono essere le seguenti:<\/p>\n<ul>\n<li>Al para alameda<\/li>\n<li>Tv para travessa<\/li>\n<li>Av para avenida<\/li>\n<li>Pq para parque<\/li>\n<li>Ap para apartamento<\/li>\n<\/ul>\n<p>&nbsp;<\/p>\n<p>&#8211; Il codice postale deve essere inserito nel seguente formato xxxxx-xxx<\/p>\n<p>&#8211; Il telefono deve essere inserito nel seguente formato: 9XXXX-XXXX<\/p>\n<p>&#8211; I moduli devono essere sempre FIRMATI dal richiedente e la firma deve in ogni caso corrispondere a quella del documento d&#8217;identit\u00e0 allegato alla richiesta.<\/p>\n<p>&#8211; Nel caso di figli minorenni, entrambi i genitori devono firmare il modulo.<\/p>\n<p>&#8211; I campi che non sono obbligatori per le &#8220;prime iscrizioni AIRE&#8221;, come nome dei genitori, professione e livello d&#8217;istruzione DEVONO comunque essere compilati.<\/p>\n<p>&#8211; Puoi scansionare in uno stesso file pi\u00f9 documenti.<\/p>\n<p>&#8211; La prova di residenza deve essere NOMINALE, l&#8217;unica eccezione \u00e8 la prova di residenza a nome del coniuge.<\/p>\n<p>&#8211; I figli adulti non devono essere dichiarati nella richiesta d&#8217;iscrizione dei genitori. Ogni maggiorenne deve presentare \u00a0 una domanda individuale.<\/p>\n<p>Le dichiarazioni di residenza sottoscritte, anche se autenticate, non sono accettate come prova di residenza.<\/p>\n","protected":false},"excerpt":{"rendered":"Le seguenti informazioni sono essenziali per la corretta presentazione della sua richiesta, tramite FAST IT. Le ricordiamo che qualsiasi richiesta che non rispetti le seguenti istruzioni sar\u00e0, dopo l&#8217;analisi, rifiutata e il richiedente dovr\u00e0 presentare una nuova richiesta, che sar\u00e0 valutata nei tempi previsti dalla legge, indipendentemente dalla richiesta precedente. La registrazione FAST IT deve [&hellip;]","protected":false},"author":6,"featured_media":0,"parent":150,"menu_order":0,"comment_status":"closed","ping_status":"closed","template":"","meta":{"footnotes":""},"class_list":["post-390","page","type-page","status-publish","hentry"],"_links":{"self":[{"href":"https:\/\/conssanpaolo.esteri.it\/it\/wp-json\/wp\/v2\/pages\/390","targetHints":{"allow":["GET"]}}],"collection":[{"href":"https:\/\/conssanpaolo.esteri.it\/it\/wp-json\/wp\/v2\/pages"}],"about":[{"href":"https:\/\/conssanpaolo.esteri.it\/it\/wp-json\/wp\/v2\/types\/page"}],"author":[{"embeddable":true,"href":"https:\/\/conssanpaolo.esteri.it\/it\/wp-json\/wp\/v2\/users\/6"}],"replies":[{"embeddable":true,"href":"https:\/\/conssanpaolo.esteri.it\/it\/wp-json\/wp\/v2\/comments?post=390"}],"version-history":[{"count":1,"href":"https:\/\/conssanpaolo.esteri.it\/it\/wp-json\/wp\/v2\/pages\/390\/revisions"}],"predecessor-version":[{"id":3200,"href":"https:\/\/conssanpaolo.esteri.it\/it\/wp-json\/wp\/v2\/pages\/390\/revisions\/3200"}],"up":[{"embeddable":true,"href":"https:\/\/conssanpaolo.esteri.it\/it\/wp-json\/wp\/v2\/pages\/150"}],"wp:attachment":[{"href":"https:\/\/conssanpaolo.esteri.it\/it\/wp-json\/wp\/v2\/media?parent=390"}],"curies":[{"name":"wp","href":"https:\/\/api.w.org\/{rel}","templated":true}]}}