{"id":374,"date":"2023-05-03T20:43:23","date_gmt":"2023-05-03T18:43:23","guid":{"rendered":"https:\/\/conssanpaolo.esteri.it\/?page_id=374"},"modified":"2023-07-07T17:47:10","modified_gmt":"2023-07-07T15:47:10","slug":"associazione","status":"publish","type":"page","link":"https:\/\/conssanpaolo.esteri.it\/it\/servizi-consolari-e-visti\/servizi-per-il-cittadino-italiano\/anagrafe-degli-italiani-residenti-allestero-aire\/associazione\/","title":{"rendered":"Associazione"},"content":{"rendered":"<p>Se sei un cittadino italiano iscritto presso questa sede con situazione anagrafica aggiornata, potr\u00e0 usare il portale istituzionale\u00a0<a href=\"https:\/\/serviziconsolari.esteri.it\/\"><strong>FAST IT<\/strong>\u00a0<\/a>per visualizzare la propria scheda anagrafica.<\/p>\n<p>Per la visualizzazione, sar\u00e0 necessario creare un account sul portale e successivamente richiedere il collegamento di tale account al nostro schedario. Tale procedura viene chiamata &#8220;ASSOCIAZIONE&#8221; e tutti i cittadini italiani iscritti sono tenuti a farla.<\/p>\n<p>Questo permetter\u00e0, in futuro, che un eventuale aggiornamento di indirizzo sia richiesto in maniera semplice e veloce.<\/p>\n<p>Per la procedura di ASSOCIAZIONE\/VISUALIZZAZIONE DELLA PROPRIA SCHEDA ANAGRAFICA segui le istruzioni sotto riportate.<\/p>\n<p><strong>Attenzione<\/strong>! Ogni membro del nucleo familiare dovr\u00e0 effettuare le operazioni di seguito illustrate.<\/p>\n<ol>\n<li>Registrarsi in\u00a0<a href=\"https:\/\/serviziconsolari.esteri.it\/\"><strong>FAST IT<\/strong><\/a>\u00a0&#8211; ATTENZIONE \u00c8 INDISPENSABILE EFFETTUARE LA REGISTRAZIONE CON I DATI DEL PROPRIO REGISTRO ITALIANO (NON SEMPRE UGUALE AI DATI BRASILIANI!). Per informazioni circa la creazione dell&#8217;account\u00a0<a href=\"https:\/\/conssanpaolo.esteri.it\/it\/servizi-consolari-e-visti\/servizi-per-il-cittadino-italiano\/anagrafe-degli-italiani-residenti-allestero-aire\/como-criar-sua-conta-no-portal-fast-it\/\">clicca qui.<\/a><\/li>\n<li>Fare login nel proprio account e nella sezione ANAGRAFE CONSOLARE E AIRE cliccare nella seconda opzione: Visualizzare la propria scheda anagrafica. Sar\u00e0 richiesto all&#8217;interessato l&#8217;inserimento sul portale del proprio documento di identit\u00e0 valido. Qualora l&#8217;interessato non abbia un documento di identit\u00e0 italiano sar\u00e0 possibile allegare il passaporto brasiliano valido o la carta di identit\u00e0 brasiliana (con meno di 10 anni dal rilascio)<\/li>\n<\/ol>\n<p><strong>NOTA BENE<\/strong>: la procedura di associazione dev&#8217;essere validata da questo Consolato Generale e per tale ragione pu\u00f2 impiegare alcuni giorni.<\/p>\n<p>Dopo la conclusione della procedura di associazione sar\u00e0 possibile visualizzare la propria scheda anagrafica come risulta in questa sede.<\/p>\n<p><strong>ATTENZIONE<\/strong>. Qualora risulti lo\u00a0<em>status<\/em>\u00a0&#8220;Non Iscritto&#8221; per la posizione AIRE &#8211; ma l&#8217;indirizzo e gli altri dati siano correttamente riportati &#8211; l\u2019interessato NON DOVR\u00c0 RICHIEDERE NESSUN AGGIORNAMENTO.\u00a0Tale disallineamento pu\u00f2 accadere per chi ha inviato l&#8217;istanza di iscrizione precedentemente all&#8217;innovazione del portale FAST IT<\/p>\n","protected":false},"excerpt":{"rendered":"Se sei un cittadino italiano iscritto presso questa sede con situazione anagrafica aggiornata, potr\u00e0 usare il portale istituzionale\u00a0FAST IT\u00a0per visualizzare la propria scheda anagrafica. Per la visualizzazione, sar\u00e0 necessario creare un account sul portale e successivamente richiedere il collegamento di tale account al nostro schedario. Tale procedura viene chiamata &#8220;ASSOCIAZIONE&#8221; e tutti i cittadini italiani [&hellip;]","protected":false},"author":6,"featured_media":0,"parent":150,"menu_order":0,"comment_status":"closed","ping_status":"closed","template":"","meta":{"footnotes":""},"class_list":["post-374","page","type-page","status-publish","hentry"],"_links":{"self":[{"href":"https:\/\/conssanpaolo.esteri.it\/it\/wp-json\/wp\/v2\/pages\/374","targetHints":{"allow":["GET"]}}],"collection":[{"href":"https:\/\/conssanpaolo.esteri.it\/it\/wp-json\/wp\/v2\/pages"}],"about":[{"href":"https:\/\/conssanpaolo.esteri.it\/it\/wp-json\/wp\/v2\/types\/page"}],"author":[{"embeddable":true,"href":"https:\/\/conssanpaolo.esteri.it\/it\/wp-json\/wp\/v2\/users\/6"}],"replies":[{"embeddable":true,"href":"https:\/\/conssanpaolo.esteri.it\/it\/wp-json\/wp\/v2\/comments?post=374"}],"version-history":[{"count":0,"href":"https:\/\/conssanpaolo.esteri.it\/it\/wp-json\/wp\/v2\/pages\/374\/revisions"}],"up":[{"embeddable":true,"href":"https:\/\/conssanpaolo.esteri.it\/it\/wp-json\/wp\/v2\/pages\/150"}],"wp:attachment":[{"href":"https:\/\/conssanpaolo.esteri.it\/it\/wp-json\/wp\/v2\/media?parent=374"}],"curies":[{"name":"wp","href":"https:\/\/api.w.org\/{rel}","templated":true}]}}