{"id":314,"date":"2023-05-03T16:45:10","date_gmt":"2023-05-03T14:45:10","guid":{"rendered":"https:\/\/conssanpaolo.esteri.it\/?page_id=314"},"modified":"2025-01-10T13:13:47","modified_gmt":"2025-01-10T16:13:47","slug":"1o-passo-come-devo-presentare-la-richiesta-per-il-riconoscimento-della-cittadinanza-italiana","status":"publish","type":"page","link":"https:\/\/conssanpaolo.esteri.it\/it\/servizi-consolari-e-visti\/servizi-per-il-cittadino-straniero\/cittadinanza\/1o-passo-come-devo-presentare-la-richiesta-per-il-riconoscimento-della-cittadinanza-italiana\/","title":{"rendered":"1\u00ba PASSO &#8211; Come devo presentare la richiesta per il riconoscimento della cittadinanza italiana"},"content":{"rendered":"<p style=\"text-align: center;\"><strong>COME PRESENTARE LA DOMANDA DI RICONOSCIMENTO DELLA CITTADINANZA ITALIANA<\/strong><\/p>\n<p>I requisiti per presentare la domanda di riconoscimento della cittadinanza italiana a questo Consolato Generale:<\/p>\n<ul>\n<li>essere residenti nella nostra circoscrizione, cio\u00e8 negli Stati di San Paolo, Mato Grosso, Mato Grosso do Sul, Acri e Rond\u00f4nia;<\/li>\n<li>avere pi\u00f9 di 18 anni.<\/li>\n<\/ul>\n<p>Gli interessati devono seguire i passi indicati di seguito, cliccando sui link e leggendo attentamente tutte le istruzioni. La richiesta dev&#8217;essere presentata individualmente da ogni maggiorenne interessato.<\/p>\n<p><span style=\"color: #ff0000;\">La mancata lettura delle informazioni qui pubblicate comporter\u00e0 ritardi e comprometter\u00e0 l&#8217;avanzamento della lista d&#8217;attesa.<\/span><\/p>\n<p>Desideriamo sottolineare che questo Consolato Generale, agendo sempre nel rispetto della normativa vigente e nell&#8217;ambito delle capacit\u00e0 della propria struttura, \u00e8 orientato ad accelerare il pi\u00f9 possibile il seguito e la conclusione dei processi di riconoscimento della cittadinanza italiana.<\/p>\n<ul>\n<li><a href=\"https:\/\/conssanpaolo.esteri.it\/it\/servizi-consolari-e-visti\/servizi-per-il-cittadino-straniero\/cittadinanza\/riconoscimento-della-cittadinanza-per-discendenza-jure-sanguinis\/1o-passo-come-devo-presentare-la-richiesta-per-il-riconoscimento-della-cittadinanza-italiana\/domande-di-cittadinanza-jure-sanguinis-iscrizioni-in-lista-2023-nuova-procedura-su-portale-prenotmi\/\">PRESENTAZIONE DELLA DOMANDA<\/a><\/li>\n<li><a href=\"https:\/\/conssanpaolo.esteri.it\/it\/servizi-consolari-e-visti\/servizi-per-il-cittadino-straniero\/cittadinanza\/riconoscimento-della-cittadinanza-per-discendenza-jure-sanguinis\/1o-passo-come-devo-presentare-la-richiesta-per-il-riconoscimento-della-cittadinanza-italiana\/consultazione-delle-liste-riguardanti-le-richieste-pervenute-2\/\">VEDI GLI ELENCHI DELLE DOMANDE PRESENTATE<\/a><\/li>\n<li><a href=\"https:\/\/conssanpaolo.esteri.it\/it\/servizi-consolari-e-visti\/servizi-per-il-cittadino-straniero\/cittadinanza\/domande-frequenti\/\">DOMANDE FREQUENTI<\/a><\/li>\n<\/ul>\n","protected":false},"excerpt":{"rendered":"COME PRESENTARE LA DOMANDA DI RICONOSCIMENTO DELLA CITTADINANZA ITALIANA I requisiti per presentare la domanda di riconoscimento della cittadinanza italiana a questo Consolato Generale: essere residenti nella nostra circoscrizione, cio\u00e8 negli Stati di San Paolo, Mato Grosso, Mato Grosso do Sul, Acri e Rond\u00f4nia; avere pi\u00f9 di 18 anni. Gli interessati devono seguire i passi [&hellip;]","protected":false},"author":5,"featured_media":0,"parent":160,"menu_order":0,"comment_status":"closed","ping_status":"closed","template":"","meta":{"footnotes":""},"class_list":["post-314","page","type-page","status-publish","hentry"],"_links":{"self":[{"href":"https:\/\/conssanpaolo.esteri.it\/it\/wp-json\/wp\/v2\/pages\/314","targetHints":{"allow":["GET"]}}],"collection":[{"href":"https:\/\/conssanpaolo.esteri.it\/it\/wp-json\/wp\/v2\/pages"}],"about":[{"href":"https:\/\/conssanpaolo.esteri.it\/it\/wp-json\/wp\/v2\/types\/page"}],"author":[{"embeddable":true,"href":"https:\/\/conssanpaolo.esteri.it\/it\/wp-json\/wp\/v2\/users\/5"}],"replies":[{"embeddable":true,"href":"https:\/\/conssanpaolo.esteri.it\/it\/wp-json\/wp\/v2\/comments?post=314"}],"version-history":[{"count":6,"href":"https:\/\/conssanpaolo.esteri.it\/it\/wp-json\/wp\/v2\/pages\/314\/revisions"}],"predecessor-version":[{"id":6219,"href":"https:\/\/conssanpaolo.esteri.it\/it\/wp-json\/wp\/v2\/pages\/314\/revisions\/6219"}],"up":[{"embeddable":true,"href":"https:\/\/conssanpaolo.esteri.it\/it\/wp-json\/wp\/v2\/pages\/160"}],"wp:attachment":[{"href":"https:\/\/conssanpaolo.esteri.it\/it\/wp-json\/wp\/v2\/media?parent=314"}],"curies":[{"name":"wp","href":"https:\/\/api.w.org\/{rel}","templated":true}]}}