{"id":2723,"date":"2023-09-28T17:34:24","date_gmt":"2023-09-28T20:34:24","guid":{"rendered":"https:\/\/conssanpaolo.esteri.it\/servizi-consolari-e-visti\/servizi-per-il-cittadino-italiano\/stato-civile\/erros-frequentes\/"},"modified":"2024-07-08T11:04:18","modified_gmt":"2024-07-08T14:04:18","slug":"erros-frequentes","status":"publish","type":"page","link":"https:\/\/conssanpaolo.esteri.it\/it\/servizi-consolari-e-visti\/servizi-per-il-cittadino-italiano\/stato-civile\/erros-frequentes\/","title":{"rendered":"Errori frequenti"},"content":{"rendered":"<ul>\n<li>Si prega di leggere attentamente le istruzioni fornite sul sito <span style=\"text-decoration: underline;\"><strong>prima<\/strong> <\/span>di inviare la documentazione richiesta, onde evitare ritardi nella trattazione delle pratiche e conseguenti rallentamenti nell&#8217;erogazione dei servizi consolari (passaporto).<\/li>\n<li style=\"text-align: justify;\"><strong>inviare certificati senza aver ricevuto la conferma dell&#8217;iscrizione all&#8217;AIRE<\/strong>: non saranno analizzati e verranno restituiti<\/li>\n<li style=\"text-align: justify;\"><strong>inviare fotocopie di certificati<\/strong>, anche se autenticati e apostillati, al posto degli originali: non saranno analizzati n\u00e9 restituiti<\/li>\n<li style=\"text-align: justify;\"><strong>inviare documenti elettronici\/digitali<\/strong> <em>(compreso il documento materializzato di un file elettronico)<\/em> <strong>o Apostille digitali:<\/strong> non saranno accettati n\u00e9 analizzati<\/li>\n<li style=\"text-align: justify;\"><strong>inviare annotazioni di divorzio, matrimonio<\/strong> o <strong>morte<\/strong> contenute in altri certificati: l&#8217;analisi non potr\u00e0 essere completata e sar\u00e0 necessario integrare la documentazione, con inevitabile ritardo dell\u2019interno procedimento di aggiornamento (il termine di 180 giorni ricomincer\u00e0 a decorrere dal ricevimento della documentazione integrativa richiesta); per aggiornare i Registri di Stato Civile \u00e8 sempre <u>necessario inviare la documentazione specifica per ciascun tipo di aggiornamento<\/u><\/li>\n<li style=\"text-align: justify;\"><strong>inviare certificati senza Apostille<\/strong>: non saranno analizzati e saranno restituiti<\/li>\n<li style=\"text-align: justify;\"><strong>inviare <em>estratti<\/em> di atti di Stato Civile<\/strong>: non saranno analizzati; tutti gli atti dovranno essere presentati in <em><strong>forma integrale<\/strong><\/em><\/li>\n<li style=\"text-align: justify;\"><strong>inviare certificati senza traduzione giurata in italiano<\/strong>: non saranno analizzati e verranno restituiti al fine di poterli tradurre in italiano con traduzione giurata e relativa Apostille<\/li>\n<li style=\"text-align: justify;\"><strong>inviare certificati non conformi alle istruzioni dettagliate presenti sul sito <\/strong>(ad esempio, in forma di estratto anzich\u00e9 integrale o certificati rilasciati da pi\u00f9 di 6 mesi, ecc): non saranno analizzati n\u00e9 restituiti<\/li>\n<li style=\"text-align: justify;\"><strong>inviare certificati senza tutti i documenti necessari per ogni variazione di Stato Civile <\/strong>(modulo <em>Dichiarazione sostitutiva, copie semplici di documenti d&#8217;identit\u00e0, prova di residenza, ecc<\/em>.) l&#8217;analisi non potr\u00e0 essere completata e sar\u00e0 necessario integrare la documentazione, con inevitabile ritardo dell\u2019interno procedimento di aggiornamento (il termine di 180 giorni ricomincer\u00e0 a decorrere dal ricevimento della documentazione integrativa richiesta)<\/li>\n<li style=\"text-align: justify;\"><strong>non indicare un numero di e-mail\/telefono nel modulo <em>Dichiarazione sostitutiva<\/em><\/strong>: detta omissione render\u00e0 difficile le comunicazioni tra il Consolato e l&#8217;interessato e non sar\u00e0 possibile inviare eventuali richieste di integrazione documentale<\/li>\n<li style=\"text-align: justify;\"><strong>inviare il modulo <em>Dichiarazione sostitutiva<\/em> firmato da un minore<\/strong>: se la richiesta di aggiornamento riguarda un minore, \u00e8 il genitore cittadino italiano che deve compilare il modulo ed entrambi i genitori devono firmarlo, chiedendo l&#8217;aggiornamento dei dati del minore; sar\u00e0 necessario richiedere un nuovo modulo, compilato e firmato correttamente, con inevitabile ritardo dell\u2019interno procedimento di aggiornamento (il termine di 180 giorni ricomincer\u00e0 a decorrere dal ricevimento della documentazione integrativa richiesta)<\/li>\n<li style=\"text-align: justify;\">inviare <strong>l&#8217;atto di nascita<\/strong> di un bambino nato da <strong>genitori non sposati<\/strong> e dichiarato da un <strong>solo genitore senza il necessario <em>atto pubblico<\/em> <em>di riconoscimento di maternit\u00e0\/paternit\u00e0<\/em> <\/strong>effettuato presso un <strong>Ufficio di Stato Civile<\/strong>: l&#8217;analisi non potr\u00e0 essere completata e la documentazione dovr\u00e0 essere integrata, con inevitabile ritardo dell\u2019interno procedimento di aggiornamento (il termine di 180 giorni ricomincer\u00e0 a decorrere dal ricevimento della documentazione integrativa richiesta)<\/li>\n<li style=\"text-align: justify;\"><strong>inviare solo la sentenza di divorzio invece di tutte le parti principali del procedimento come indicato sul nostro sito<\/strong>: l&#8217;analisi non potr\u00e0 essere completata e la documentazione dovr\u00e0 essere integrata, con inevitabile ritardo dell\u2019interno procedimento di aggiornamento (il termine di 180 giorni ricomincer\u00e0 a decorrere dal ricevimento della documentazione integrativa richiesta)<\/li>\n<\/ul>\n<p style=\"text-align: justify;\">\n","protected":false},"excerpt":{"rendered":"Si prega di leggere attentamente le istruzioni fornite sul sito prima di inviare la documentazione richiesta, onde evitare ritardi nella trattazione delle pratiche e conseguenti rallentamenti nell&#8217;erogazione dei servizi consolari (passaporto). inviare certificati senza aver ricevuto la conferma dell&#8217;iscrizione all&#8217;AIRE: non saranno analizzati e verranno restituiti inviare fotocopie di certificati, anche se autenticati e apostillati, [&hellip;]","protected":false},"author":6,"featured_media":0,"parent":153,"menu_order":0,"comment_status":"closed","ping_status":"closed","template":"","meta":{"footnotes":""},"class_list":["post-2723","page","type-page","status-publish","hentry"],"_links":{"self":[{"href":"https:\/\/conssanpaolo.esteri.it\/it\/wp-json\/wp\/v2\/pages\/2723","targetHints":{"allow":["GET"]}}],"collection":[{"href":"https:\/\/conssanpaolo.esteri.it\/it\/wp-json\/wp\/v2\/pages"}],"about":[{"href":"https:\/\/conssanpaolo.esteri.it\/it\/wp-json\/wp\/v2\/types\/page"}],"author":[{"embeddable":true,"href":"https:\/\/conssanpaolo.esteri.it\/it\/wp-json\/wp\/v2\/users\/6"}],"replies":[{"embeddable":true,"href":"https:\/\/conssanpaolo.esteri.it\/it\/wp-json\/wp\/v2\/comments?post=2723"}],"version-history":[{"count":6,"href":"https:\/\/conssanpaolo.esteri.it\/it\/wp-json\/wp\/v2\/pages\/2723\/revisions"}],"predecessor-version":[{"id":5177,"href":"https:\/\/conssanpaolo.esteri.it\/it\/wp-json\/wp\/v2\/pages\/2723\/revisions\/5177"}],"up":[{"embeddable":true,"href":"https:\/\/conssanpaolo.esteri.it\/it\/wp-json\/wp\/v2\/pages\/153"}],"wp:attachment":[{"href":"https:\/\/conssanpaolo.esteri.it\/it\/wp-json\/wp\/v2\/media?parent=2723"}],"curies":[{"name":"wp","href":"https:\/\/api.w.org\/{rel}","templated":true}]}}