{"id":270,"date":"2023-05-02T16:40:24","date_gmt":"2023-05-02T14:40:24","guid":{"rendered":"https:\/\/conssanpaolo.esteri.it\/?page_id=270"},"modified":"2023-05-02T16:40:24","modified_gmt":"2023-05-02T14:40:24","slug":"carta-didentita","status":"publish","type":"page","link":"https:\/\/conssanpaolo.esteri.it\/it\/servizi-consolari-e-visti\/servizi-per-il-cittadino-italiano\/passaporti\/carta-didentita\/","title":{"rendered":"Carta d&#8217;Identit\u00e0"},"content":{"rendered":"<p>Si informa che questo Consolato non \u00e8 abilitato all&#8217;emissione del documento &#8220;&#8221;Carta d&#8217;Identit\u00e0&#8221;&#8221;.<\/p>\n<p>Attualmente solo gli Uffici consolari italiani nei Paesi dell\u2019Unione Europea e quelli in Svizzera, Norvegia, Principato di Monaco, San Marino e Santa Sede \u2013 Citt\u00e0 del Vaticano, sono abilitati a rilasciare la carta d\u2019identit\u00e0 cartacea esclusivamente ai cittadini italiani regolarmente residenti nella propria circoscrizione consolare e iscritti all\u2019AIRE (Anagrafe degli Italiani Residenti all\u2019Estero).<\/p>\n<p>Per maggiori informazioni potete consultare la pagina <a title=\"\"><strong>CARTA D&#8217;IDENTIT\u00c0<\/strong><\/a> pubblicata sul sito del Ministero degli Affari Esteri e della Cooperazione Internazionale.<\/p>\n","protected":false},"excerpt":{"rendered":"Si informa che questo Consolato non \u00e8 abilitato all&#8217;emissione del documento &#8220;&#8221;Carta d&#8217;Identit\u00e0&#8221;&#8221;. Attualmente solo gli Uffici consolari italiani nei Paesi dell\u2019Unione Europea e quelli in Svizzera, Norvegia, Principato di Monaco, San Marino e Santa Sede \u2013 Citt\u00e0 del Vaticano, sono abilitati a rilasciare la carta d\u2019identit\u00e0 cartacea esclusivamente ai cittadini italiani regolarmente residenti nella [&hellip;]","protected":false},"author":6,"featured_media":0,"parent":147,"menu_order":0,"comment_status":"closed","ping_status":"closed","template":"","meta":{"footnotes":""},"class_list":["post-270","page","type-page","status-publish","hentry"],"_links":{"self":[{"href":"https:\/\/conssanpaolo.esteri.it\/it\/wp-json\/wp\/v2\/pages\/270","targetHints":{"allow":["GET"]}}],"collection":[{"href":"https:\/\/conssanpaolo.esteri.it\/it\/wp-json\/wp\/v2\/pages"}],"about":[{"href":"https:\/\/conssanpaolo.esteri.it\/it\/wp-json\/wp\/v2\/types\/page"}],"author":[{"embeddable":true,"href":"https:\/\/conssanpaolo.esteri.it\/it\/wp-json\/wp\/v2\/users\/6"}],"replies":[{"embeddable":true,"href":"https:\/\/conssanpaolo.esteri.it\/it\/wp-json\/wp\/v2\/comments?post=270"}],"version-history":[{"count":0,"href":"https:\/\/conssanpaolo.esteri.it\/it\/wp-json\/wp\/v2\/pages\/270\/revisions"}],"up":[{"embeddable":true,"href":"https:\/\/conssanpaolo.esteri.it\/it\/wp-json\/wp\/v2\/pages\/147"}],"wp:attachment":[{"href":"https:\/\/conssanpaolo.esteri.it\/it\/wp-json\/wp\/v2\/media?parent=270"}],"curies":[{"name":"wp","href":"https:\/\/api.w.org\/{rel}","templated":true}]}}