{"id":2558,"date":"2023-09-28T15:34:10","date_gmt":"2023-09-28T13:34:10","guid":{"rendered":"https:\/\/conssanpaolo.esteri.it\/?page_id=2558"},"modified":"2023-10-06T15:50:53","modified_gmt":"2023-10-06T13:50:53","slug":"cidadaos-italianos-que-queiram-celebrar-o-casamento-no-brasil","status":"publish","type":"page","link":"https:\/\/conssanpaolo.esteri.it\/it\/servizi-consolari-e-visti\/servizi-per-il-cittadino-italiano\/stato-civile\/matrimonio\/cidadaos-italianos-que-queiram-celebrar-o-casamento-no-brasil\/","title":{"rendered":"Cittadini italiani che desiderano sposarsi in Brasile"},"content":{"rendered":"<p style=\"text-align: justify;\">I <strong>cittadini italiani<\/strong> che desiderano celebrare il proprio matrimonio in Brasile devono innanzitutto <strong>rivolgersi alle autorit\u00e0 <u>di Stato Civile brasiliane<\/u><\/strong> (l&#8217;Ufficio di Stato Civile dove verr\u00e0 celebrato il matrimonio).<\/p>\n<p style=\"text-align: justify;\">Una volta che il matrimonio \u00e8 stato celebrato in questa circoscrizione consolare, <strong>il cittadino italiano<\/strong> <strong>residente in questa circoscrizione<\/strong> <strong>consolare<\/strong> e <strong>regolarmente iscritto all&#8217;AIRE<\/strong> deve seguire le istruzioni riportate <strong>nella sezione <a href=\"https:\/\/conssanpaolo.esteri.it\/it\/servizi-consolari-e-visti\/servizi-per-il-cittadino-italiano\/stato-civile\/matrimonio\/casamento-celebrado-no-brasil\/\"><em>Matrimonio celebrato in Brasile<\/em><\/a><\/strong>.<\/p>\n<p style=\"text-align: justify;\">I <strong>cittadini italiani <\/strong>che<strong> non risiedono in Brasile devono presentare la documentazione direttamente <\/strong>al <strong>Comune italiano <\/strong>o al<strong> Consolato italiano del Paese in cui risiedono.<\/strong><\/p>\n<p style=\"text-align: justify;\"><strong>\u00a0<\/strong><\/p>\n","protected":false},"excerpt":{"rendered":"I cittadini italiani che desiderano celebrare il proprio matrimonio in Brasile devono innanzitutto rivolgersi alle autorit\u00e0 di Stato Civile brasiliane (l&#8217;Ufficio di Stato Civile dove verr\u00e0 celebrato il matrimonio). Una volta che il matrimonio \u00e8 stato celebrato in questa circoscrizione consolare, il cittadino italiano residente in questa circoscrizione consolare e regolarmente iscritto all&#8217;AIRE deve seguire [&hellip;]","protected":false},"author":6,"featured_media":0,"parent":697,"menu_order":0,"comment_status":"closed","ping_status":"closed","template":"","meta":{"footnotes":""},"class_list":["post-2558","page","type-page","status-publish","hentry"],"_links":{"self":[{"href":"https:\/\/conssanpaolo.esteri.it\/it\/wp-json\/wp\/v2\/pages\/2558","targetHints":{"allow":["GET"]}}],"collection":[{"href":"https:\/\/conssanpaolo.esteri.it\/it\/wp-json\/wp\/v2\/pages"}],"about":[{"href":"https:\/\/conssanpaolo.esteri.it\/it\/wp-json\/wp\/v2\/types\/page"}],"author":[{"embeddable":true,"href":"https:\/\/conssanpaolo.esteri.it\/it\/wp-json\/wp\/v2\/users\/6"}],"replies":[{"embeddable":true,"href":"https:\/\/conssanpaolo.esteri.it\/it\/wp-json\/wp\/v2\/comments?post=2558"}],"version-history":[{"count":5,"href":"https:\/\/conssanpaolo.esteri.it\/it\/wp-json\/wp\/v2\/pages\/2558\/revisions"}],"predecessor-version":[{"id":2970,"href":"https:\/\/conssanpaolo.esteri.it\/it\/wp-json\/wp\/v2\/pages\/2558\/revisions\/2970"}],"up":[{"embeddable":true,"href":"https:\/\/conssanpaolo.esteri.it\/it\/wp-json\/wp\/v2\/pages\/697"}],"wp:attachment":[{"href":"https:\/\/conssanpaolo.esteri.it\/it\/wp-json\/wp\/v2\/media?parent=2558"}],"curies":[{"name":"wp","href":"https:\/\/api.w.org\/{rel}","templated":true}]}}