{"id":2269,"date":"2023-08-15T20:15:26","date_gmt":"2023-08-15T18:15:26","guid":{"rendered":"https:\/\/conssanpaolo.esteri.it\/?page_id=2269"},"modified":"2023-08-15T20:15:26","modified_gmt":"2023-08-15T18:15:26","slug":"quale-e-la-procedura-per-il-rinnovo-del-mio-passaporto-italiano","status":"publish","type":"page","link":"https:\/\/conssanpaolo.esteri.it\/it\/servizi-consolari-e-visti\/servizi-per-il-cittadino-italiano\/passaporti\/quale-e-la-procedura-per-il-rinnovo-del-mio-passaporto-italiano\/","title":{"rendered":"Quale \u00e8 la procedura per il rinnovo del mio passaporto italiano?"},"content":{"rendered":"<p>Non \u00e8 possibile aumentare la validit\u00e0 del passaporto italiano. Qualora il libretto sia scaduto sar\u00e0 necessario richiedere un nuovo passaporto.<\/p>\n<p>In questo caso sar\u00e0 necessario seguire la procedura di\u00a0<a href=\"https:\/\/conssanpaolo.esteri.it\/it\/servizi-consolari-e-visti\/servizi-per-il-cittadino-italiano\/passaporti\/modalita-di-prenotazione-tramite-il-portale-prenotmi\/\">prenotazione\u00a0<\/a>e, nel giorno fissato, sar\u00e0 necessario presentare tutti i <a href=\"https:\/\/conssanpaolo.esteri.it\/it\/servizi-consolari-e-visti\/servizi-per-il-cittadino-italiano\/passaporti\/documentazione-da-presentare-nel-giorno-fissato\/\">documenti necessari<\/a>.<\/p>\n","protected":false},"excerpt":{"rendered":"Non \u00e8 possibile aumentare la validit\u00e0 del passaporto italiano. Qualora il libretto sia scaduto sar\u00e0 necessario richiedere un nuovo passaporto. In questo caso sar\u00e0 necessario seguire la procedura di\u00a0prenotazione\u00a0e, nel giorno fissato, sar\u00e0 necessario presentare tutti i documenti necessari.","protected":false},"author":6,"featured_media":0,"parent":147,"menu_order":0,"comment_status":"closed","ping_status":"closed","template":"","meta":{"footnotes":""},"class_list":["post-2269","page","type-page","status-publish","hentry"],"_links":{"self":[{"href":"https:\/\/conssanpaolo.esteri.it\/it\/wp-json\/wp\/v2\/pages\/2269","targetHints":{"allow":["GET"]}}],"collection":[{"href":"https:\/\/conssanpaolo.esteri.it\/it\/wp-json\/wp\/v2\/pages"}],"about":[{"href":"https:\/\/conssanpaolo.esteri.it\/it\/wp-json\/wp\/v2\/types\/page"}],"author":[{"embeddable":true,"href":"https:\/\/conssanpaolo.esteri.it\/it\/wp-json\/wp\/v2\/users\/6"}],"replies":[{"embeddable":true,"href":"https:\/\/conssanpaolo.esteri.it\/it\/wp-json\/wp\/v2\/comments?post=2269"}],"version-history":[{"count":0,"href":"https:\/\/conssanpaolo.esteri.it\/it\/wp-json\/wp\/v2\/pages\/2269\/revisions"}],"up":[{"embeddable":true,"href":"https:\/\/conssanpaolo.esteri.it\/it\/wp-json\/wp\/v2\/pages\/147"}],"wp:attachment":[{"href":"https:\/\/conssanpaolo.esteri.it\/it\/wp-json\/wp\/v2\/media?parent=2269"}],"curies":[{"name":"wp","href":"https:\/\/api.w.org\/{rel}","templated":true}]}}