{"id":2250,"date":"2023-08-15T19:55:39","date_gmt":"2023-08-15T17:55:39","guid":{"rendered":"https:\/\/conssanpaolo.esteri.it\/?page_id=2250"},"modified":"2023-08-15T19:55:39","modified_gmt":"2023-08-15T17:55:39","slug":"qual-e-la-validita-del-passaporto-italiano-2","status":"publish","type":"page","link":"https:\/\/conssanpaolo.esteri.it\/it\/servizi-consolari-e-visti\/servizi-per-il-cittadino-italiano\/passaporti\/qual-e-la-validita-del-passaporto-italiano-2\/","title":{"rendered":"Qual \u00e8 la validit\u00e0 del passaporto italiano?"},"content":{"rendered":"<p>Da 0 a 3 anni di et\u00e0: validit\u00e0 3 anni<\/p>\n<p>Da 3 a 18 anni di et\u00e0: validit\u00e0 5 anni<\/p>\n<p>A partire dai 18 anni di et\u00e0: validit\u00e0 10 anni<\/p>\n","protected":false},"excerpt":{"rendered":"Da 0 a 3 anni di et\u00e0: validit\u00e0 3 anni Da 3 a 18 anni di et\u00e0: validit\u00e0 5 anni A partire dai 18 anni di et\u00e0: validit\u00e0 10 anni","protected":false},"author":6,"featured_media":0,"parent":147,"menu_order":0,"comment_status":"closed","ping_status":"closed","template":"","meta":{"footnotes":""},"class_list":["post-2250","page","type-page","status-publish","hentry"],"_links":{"self":[{"href":"https:\/\/conssanpaolo.esteri.it\/it\/wp-json\/wp\/v2\/pages\/2250","targetHints":{"allow":["GET"]}}],"collection":[{"href":"https:\/\/conssanpaolo.esteri.it\/it\/wp-json\/wp\/v2\/pages"}],"about":[{"href":"https:\/\/conssanpaolo.esteri.it\/it\/wp-json\/wp\/v2\/types\/page"}],"author":[{"embeddable":true,"href":"https:\/\/conssanpaolo.esteri.it\/it\/wp-json\/wp\/v2\/users\/6"}],"replies":[{"embeddable":true,"href":"https:\/\/conssanpaolo.esteri.it\/it\/wp-json\/wp\/v2\/comments?post=2250"}],"version-history":[{"count":0,"href":"https:\/\/conssanpaolo.esteri.it\/it\/wp-json\/wp\/v2\/pages\/2250\/revisions"}],"up":[{"embeddable":true,"href":"https:\/\/conssanpaolo.esteri.it\/it\/wp-json\/wp\/v2\/pages\/147"}],"wp:attachment":[{"href":"https:\/\/conssanpaolo.esteri.it\/it\/wp-json\/wp\/v2\/media?parent=2250"}],"curies":[{"name":"wp","href":"https:\/\/api.w.org\/{rel}","templated":true}]}}