{"id":2202,"date":"2023-08-14T16:40:05","date_gmt":"2023-08-14T14:40:05","guid":{"rendered":"https:\/\/conssanpaolo.esteri.it\/?page_id=2202"},"modified":"2023-08-14T16:40:05","modified_gmt":"2023-08-14T14:40:05","slug":"cosa-devo-fare-in-caso-di-perdita-o-furto-del-mio-passaporto-italiano","status":"publish","type":"page","link":"https:\/\/conssanpaolo.esteri.it\/it\/servizi-consolari-e-visti\/servizi-per-il-cittadino-italiano\/passaporti\/cosa-devo-fare-in-caso-di-perdita-o-furto-del-mio-passaporto-italiano\/","title":{"rendered":"Cosa devo fare in caso di perdita o furto del mio passaporto italiano?"},"content":{"rendered":"<p>Qualora il passaporto italiano sia stato rubato o perso sar\u00e0 necessario fare immediatamente una denuncia presso le autorit\u00e0 competenti locali, in Brasile o all&#8217;Estero (in Brasile il B.O &#8211; Boletim de Ocorr\u00eancia). La denuncia dovr\u00e0 essere, successivamente, informata e presentata al Consolato Italiano competente, che annuller\u00e0 il passaporto smarrito.<\/p>\n<p>La presentazione della denuncia\u00a0&#8211; che potr\u00e0 essere fatta direttamente all&#8217;ufficio passaporti negli orari di ricevimento al pubblico &#8211;\u00a0\u00a0non corrisponde ad un&#8217;automatica prenotazione per il rilascio di un nuovo passaporto.<\/p>\n<p>Infatti, per il rilascio di un nuovo passaporto l&#8217;interessato dovr\u00e0 seguire le istruzioni del nostro sito per la <a href=\"https:\/\/conssanpaolo.esteri.it\/it\/servizi-consolari-e-visti\/servizi-per-il-cittadino-italiano\/passaporti\/modalita-di-prenotazione-tramite-il-portale-prenotmi\/\">prenotazione<\/a> e presentazione della <a href=\"https:\/\/conssanpaolo.esteri.it\/it\/servizi-consolari-e-visti\/servizi-per-il-cittadino-italiano\/passaporti\/documentazione-da-presentare-nel-giorno-fissato\/\">documentazione<\/a> (completa come da informazioni disponibili in questa pagina web).<\/p>\n","protected":false},"excerpt":{"rendered":"Qualora il passaporto italiano sia stato rubato o perso sar\u00e0 necessario fare immediatamente una denuncia presso le autorit\u00e0 competenti locali, in Brasile o all&#8217;Estero (in Brasile il B.O &#8211; Boletim de Ocorr\u00eancia). La denuncia dovr\u00e0 essere, successivamente, informata e presentata al Consolato Italiano competente, che annuller\u00e0 il passaporto smarrito. La presentazione della denuncia\u00a0&#8211; che potr\u00e0 [&hellip;]","protected":false},"author":6,"featured_media":0,"parent":147,"menu_order":0,"comment_status":"closed","ping_status":"closed","template":"","meta":{"footnotes":""},"class_list":["post-2202","page","type-page","status-publish","hentry"],"_links":{"self":[{"href":"https:\/\/conssanpaolo.esteri.it\/it\/wp-json\/wp\/v2\/pages\/2202","targetHints":{"allow":["GET"]}}],"collection":[{"href":"https:\/\/conssanpaolo.esteri.it\/it\/wp-json\/wp\/v2\/pages"}],"about":[{"href":"https:\/\/conssanpaolo.esteri.it\/it\/wp-json\/wp\/v2\/types\/page"}],"author":[{"embeddable":true,"href":"https:\/\/conssanpaolo.esteri.it\/it\/wp-json\/wp\/v2\/users\/6"}],"replies":[{"embeddable":true,"href":"https:\/\/conssanpaolo.esteri.it\/it\/wp-json\/wp\/v2\/comments?post=2202"}],"version-history":[{"count":0,"href":"https:\/\/conssanpaolo.esteri.it\/it\/wp-json\/wp\/v2\/pages\/2202\/revisions"}],"up":[{"embeddable":true,"href":"https:\/\/conssanpaolo.esteri.it\/it\/wp-json\/wp\/v2\/pages\/147"}],"wp:attachment":[{"href":"https:\/\/conssanpaolo.esteri.it\/it\/wp-json\/wp\/v2\/media?parent=2202"}],"curies":[{"name":"wp","href":"https:\/\/api.w.org\/{rel}","templated":true}]}}