{"id":2045,"date":"2023-07-27T21:24:18","date_gmt":"2023-07-27T19:24:18","guid":{"rendered":"https:\/\/conssanpaolo.esteri.it\/?page_id=2045"},"modified":"2025-01-02T14:53:45","modified_gmt":"2025-01-02T17:53:45","slug":"procedimento","status":"publish","type":"page","link":"https:\/\/conssanpaolo.esteri.it\/it\/servizi-consolari-e-visti\/servizi-per-il-cittadino-straniero\/cittadinanza\/riconoscimento-della-cittadinanza-italiana-per-matrimonio\/cittadinanza-italiana-per-matrimonio-avvenuto-dopo-il-27-aprile-1983\/procedimento\/","title":{"rendered":"Procedimento"},"content":{"rendered":"<p style=\"text-align: justify;\">La procedura di riconoscimento della cittadinanza per matrimonio (dopo il 27\/04\/1983) pu\u00f2 essere suddivisa in diverse fasi:<\/p>\n<p style=\"text-align: justify;\"><strong>FASE PRELIMINARE<\/strong><\/p>\n<ul style=\"text-align: justify;\">\n<li>Registrazione sul portale del Ministero dell&#8217;Interno italiano<\/li>\n<li>Completamento della domanda &#8220;online&#8221; sul portale con il rilascio dei documenti, del certificato di conoscenza della lingua italiana e del preventivo pagamento in euro, tramite &#8220;Ordinanza di pagamento all&#8217;estero&#8221; o bonifico della tassa di 250 euro al Ministero dell&#8217;Interno (nuovo importo fissato dal Decreto 4 ottobre 2018 n. 113, in vigore dal 5 ottobre 2018).<\/li>\n<li>Analisi della domanda (da parte del Consolato)<\/li>\n<li>Accettazione della domanda online tramite il portale<\/li>\n<\/ul>\n<p style=\"text-align: justify;\"><strong>FASE DI INCHIESTA<\/strong><\/p>\n<ul style=\"text-align: justify;\">\n<li>Convocazione (tramite il portale) per la presentazione dei documenti originali<\/li>\n<li>Trasmissione della domanda da parte del Consolato al Ministero dell&#8217;Interno italiano<\/li>\n<\/ul>\n<p style=\"text-align: justify;\"><strong>FASE DI RICONOSCIMENTO DELLA CITTADINANZA<\/strong><\/p>\n<ul style=\"text-align: justify;\">\n<li>Emissione del Decreto da parte del Ministero dell&#8217;Interno Italiano<\/li>\n<li>Convocazione &#8211; tramite il portale CIVES e via e-mail &#8211; per prestare giuramento presso il Consolato<\/li>\n<li>Prestazione di giuramento<\/li>\n<\/ul>\n<hr \/>\n<p style=\"text-align: justify;\"><strong>FASE PRELIMINARE<\/strong><\/p>\n<p style=\"text-align: justify;\">Le domande di NATURALIZZAZIONE PER MATRIMONIO devono essere presentate esclusivamente ONLINE direttamente sul portale<a href=\"https:\/\/portaleservizi.dlci.interno.it\/\"> https:\/\/portaleservizi.dlci.interno. it\/<\/a> del &#8220;MINISTERO DELL&#8217;INTERNO &#8211; Dipartimento per le Libert\u00e0 Civili e l&#8217;Immigrazione &#8211; Direzione Centrale per i Diritti Civili, la Cittadinanza e le Minoranze&#8221;, da parte di richiedenti i cui coniugi italiani &#8211; residenti in questa circoscrizione consolare &#8211; siano regolarmente iscritti all&#8217;A.I.R.E. e il cui matrimonio, se avvenuto all&#8217;estero, sia stato registrato presso il Comune italiano di riferimento. La domanda pu\u00f2 essere presentata dopo 3 anni dalla data del matrimonio; tale periodo \u00e8 dimezzato se la coppia ha figli.<\/p>\n<p style=\"text-align: justify;\">Prima di procedere con la domanda di <strong>naturalizzazione<\/strong>, si consiglia di leggere l&#8217;art. 12, II, della Costituzione federale del 1988; si veda anche il sito <a href=\"https:\/\/www.mj.gov.br\/estrangeiros\">www.mj.gov.br\/<\/a>estrangeiros, paragrafo &#8220;<strong>Nazionalit\u00e0 e naturalizzazione, perdita della cittadinanza brasiliana&#8221;.<\/strong><\/p>\n<p style=\"text-align: justify;\">Il richiedente deve:<\/p>\n<ul style=\"text-align: justify;\">\n<li>Registrarsi sul portale <a href=\"https:\/\/portaleservizi.dlci.interno.it\/\">https:\/\/portaleservizi.dlci.interno.it\/<\/a><\/li>\n<li>Compilare la domanda utilizzando le credenziali di accesso ricevute<\/li>\n<\/ul>\n<p style=\"text-align: justify;\"><strong>ATTENZIONE:<\/strong><\/p>\n<ul style=\"text-align: justify;\">\n<li>Il modulo di registrazione deve contenere i dati relativi a COGNOME &#8211; NOME &#8211; DATA DI NASCITA cos\u00ec come appaiono sull&#8217;atto di nascita.<\/li>\n<li>Le donne possono inserire il cognome coniugale se \u00e8 gi\u00e0 stato cambiato, come indicato nelle annotazioni sull&#8217;atto di nascita. In questo caso, il Decreto di cittadinanza riporter\u00e0 i dettagli, comprese le eventuali modifiche all&#8217;atto di nascita.<\/li>\n<li>Specificare nella domanda l&#8217;eventuale presenza di figli minori del richiedente, nati da una precedente relazione.<\/li>\n<li>Si prega di controllare attentamente che i dati (nome, data e luogo di nascita) riportati sui certificati di stato civile corrispondano a tutti i documenti e che l&#8217;indirizzo di residenza registrato presso questo Consolato Generale sia aggiornato.<\/li>\n<li>Si consideri che la data della cittadinanza italiana del coniuge, quando \u00e8 stata riconosciuta &#8220;iure sanguinis&#8221;, \u00e8 sempre considerata la data di nascita (ad eccezione dei cittadini che rientrano nella Legge 14 dicembre 2000, n. 379 &#8211; Disposizioni per il riconoscimento della cittadinanza italiana alle persone nate e gi\u00e0 residenti nei territori appartenenti all&#8217;Impero austro-ungarico e ai loro discendenti &#8211; ad eccezione dei casi in cui il coniuge italiano abbia acquisito la cittadinanza per elezione).<\/li>\n<li>Se i dati inseriti non sono corretti, \u00e8 necessario cancellare la registrazione al portale &#8211; dopo aver effettuato il login &#8211; utilizzando la funzione del menu &#8220;<strong>Cancella la registrazione al portale<\/strong>&#8221; e poi registrarsi nuovamente. Questa operazione pu\u00f2 essere effettuata solo dal richiedente e non da questo Consolato Generale.<\/li>\n<\/ul>\n<ul style=\"text-align: justify;\">\n<li>Inserire il modulo di domanda selezionando la funzione 1 &#8220;<strong>Gestione domanda<\/strong>&#8221; e scegliendo &#8220;<strong>Modello AE<\/strong>&#8221; (il manuale d&#8217;uso &#8220;Sistema inoltro telematico&#8221; \u00e8 disponibile sul sito del Ministero dell&#8217;Interno) e allegare tutti i documenti richiesti:<\/li>\n<\/ul>\n<ol style=\"text-align: justify;\">\n<li><strong>Certificato di nascita<\/strong>: duplicato recente (massimo 180 giorni), in originale, per intero, corredato di Apostille, debitamente tradotto in italiano da un traduttore giurato. Anche la traduzione deve essere accompagnata da Apostille. Il certificato deve riportare la DATA del matrimonio e menzionare il cognome adottato a seguito del matrimonio, anche se il cognome non \u00e8 stato cambiato. I certificati che non contengono questa annotazione non saranno accettati.<\/li>\n<li><strong>Certificato penale della Polizia Federale brasiliana<\/strong>: richiederlo presso un ufficio della Polizia Federale o via internet dpf.gov.br, corredato di Apostille, e farlo tradurre in italiano da un traduttore giurato. Anche la traduzione deve essere accompagnata dall&#8217;Apostille. Il documento deve avere una validit\u00e0 di 90 giorni e deve essere presentato in originale. Si ricorda che deve trattarsi di un certificato &#8220;Federale&#8221; e non di uno Stato o D.F. brasiliano e che nel campo &#8220;Naturale&#8221; il richiedente deve indicare la citt\u00e0 e lo Stato brasiliano di nascita.<\/li>\n<li><strong>Certificati del casellario giudiziale di altri Paesi in cui il richiedente ha vissuto<\/strong>: il documento deve essere presentato in originale, debitamente legalizzato dal Consolato italiano competente per il luogo di rilascio o con Apostille e traduzione in italiano. I certificati hanno una validit\u00e0 di 6 (sei) mesi dalla data di rilascio. Per la traduzione e la legalizzazione di certificati rilasciati da autorit\u00e0 non italiane, si prega di visitare il sito del Consolato italiano competente nel Paese che ha rilasciato la documentazione. Le informazioni sui Consolati e le Ambasciate italiane sono disponibili sul sito: it.<\/li>\n<li><strong>Prova del pagamento del contributo di 250,00 euro (il pagamento deve essere effettuato nello stesso anno di presentazione della domanda)<\/strong> previsto dalla Legge 94\/2009 (importo fissato dal Decreto 113 del 4 ottobre 2018) a favore del Ministero dell&#8217;Interno, da effettuarsi tramite il sistema PagoPA. Sul portale dei servizi per la cittadinanza utilizzato dai richiedenti, \u00e8 possibile pagare il contributo di 250 euro tramite <strong>PagoPA<\/strong> direttamente dal portale, contestualmente alla presentazione della domanda.\u00a0 La ricevuta di pagamenyo deve riportare nel campo <strong>CAUSALE<\/strong>\/<strong>ORDINANTE<\/strong> il nome del richiedente o del coniuge<\/li>\n<li><strong>Documento d&#8217;identit\u00e0 come<\/strong>: copia del passaporto in corso di validit\u00e0 (pagine con dati anagrafici, foto, data di rilascio e data di scadenza) o carta d&#8217;identit\u00e0.<\/li>\n<li><strong>Documento &#8220;Estratto per riassunto da registri di matrimonio<\/strong>&#8220;, 2\u00b0 copia recente, rilasciato dal Comune italiano competente da non pi\u00f9 di 180 giorni.<\/li>\n<li><a href=\"https:\/\/conssanpaolo.esteri.it\/wp-content\/uploads\/2023\/06\/requisiti_linguistici_obbligatori_por.pdf\"><strong>REQUISITI LINGUISTICI OBBLIGATORI<\/strong><\/a>: dal 4 dicembre 2018, un&#8217;adeguata conoscenza della lingua italiana \u00e8 condizione essenziale per il riconoscimento della cittadinanza italiana. Il livello previsto per la certificazione non pu\u00f2 essere inferiore al corrispondente B1 del Quadro Comune di Riferimento per le Lingue (per maggiori informazioni, cliccare sul titolo di questo paragrafo 7).<\/li>\n<\/ol>\n<p style=\"text-align: justify;\"><strong>ATTENZIONE: IL TITOLO DI STUDIO ATTESTANTE LA CONOSCENZA DELLA LINGUA DI LIVELLO B1 DEVE ESSERE ALLEGATO ALLA DOMANDA PRESENTATA SUL PORTALE.<\/strong><\/p>\n<p style=\"text-align: justify;\"><strong>UNA VOLTA COMPILATA LA DOMANDA E ALLEGATA TUTTA LA DOCUMENTAZIONE DI CUI SOPRA, VERR\u00c0 GENERATO DAL SISTEMA (PORTALE DEL MINISTERO DELL&#8217;INTERNO) UN DOCUMENTO DI SINTESI E UNA RICEVUTA DI PRESENTAZIONE.<\/strong><\/p>\n<p style=\"text-align: justify;\">Il Consolato Generale sar\u00e0 automaticamente informato dell&#8217;avvenuta presentazione della domanda ed effettuer\u00e0 le necessarie indagini.<\/p>\n<p style=\"text-align: justify;\">Il richiedente ricever\u00e0 quindi, tramite il portale &#8220;Ministero dell&#8217;Interno&#8221;, la notifica di accettazione, o di accettazione con riserva (con eventuale sospensione dell&#8217;iter in attesa di documenti mancanti) o di rigetto della domanda, se questa \u00e8 incompleta o errata. L&#8217;interessato ricever\u00e0 la comunicazione per posta SOLO IN CASO DI CHIUSURA DEL PROCEDIMENTO.<\/p>\n<hr \/>\n<p style=\"text-align: justify;\"><strong>FASE DI INCHIESTA<\/strong><\/p>\n<p style=\"text-align: justify;\">Successivamente, il richiedente sar\u00e0 convocato VIA PORTALE (solo via e-mail) per consegnare di persona al Consolato tutta la documentazione ORIGINALE (gi\u00e0 inviata elettronicamente) e per presentare la PROVA DI RESIDENZA.<\/p>\n<p style=\"text-align: justify;\"><strong>SI RICORDA CHE IL RUOLO DEL CONSOLATO \u00c8 ESCLUSIVAMENTE QUELLO DI ANALIZZARE E COMPILARE CORRETTAMENTE LA DOMANDA, NONCH\u00c9 DI VERIFICARE CHE TUTTA LA DOCUMENTAZIONE SIA ALLEGATA. UNA VOLTA CHE LA DOCUMENTAZIONE ORIGINALE \u00c8 STATA APPROVATA E PRESENTATA AL CONSOLATO, QUALSIASI AZIONE SAR\u00c0 DI ESCLUSIVA COMPETENZA DEL MINISTERO DELL&#8217;INTERNO.<\/strong><\/p>\n<p style=\"text-align: justify;\"><strong>NOTA: TUTTA LA DOCUMENTAZIONE SOPRACITATA (dal paragrafo 1 al paragrafo 7) sar\u00e0 trattenuta da questo Consolato e non potr\u00e0 essere restituita ai richiedenti.<\/strong><\/p>\n<hr \/>\n<p style=\"text-align: justify;\"><strong>FASE DI RICONOSCIMENTO DELLA CITTADINANZA<\/strong><\/p>\n<p style=\"text-align: justify;\">Il Ministero dell&#8217;Interno italiano conceder\u00e0 infine la cittadinanza.<\/p>\n<p style=\"text-align: justify;\">L&#8217;attuale termine per la definizione delle domande di naturalizzazione, aggiornato con il Decreto Legge n. 130\/2020, convertito in Legge n. 173\/2020, in vigore per le domande presentate dal 20 dicembre 2020, \u00e8 di 24 mesi, prorogabili a 36. Per le domande presentate in precedenza, il termine era di 48 mesi. Per le domande presentate in precedenza, il termine era di 48 mesi.<\/p>\n<ul style=\"text-align: justify;\">\n<li>Emanazione del Decreto da parte del Ministero dell&#8217;Interno italiano<\/li>\n<li>Convocazione &#8211; tramite il portale CIVES e via e-mail &#8211; per prestare giuramento presso il Consolato<\/li>\n<li>Giuramento<\/li>\n<\/ul>\n<hr \/>\n<p style=\"text-align: justify;\"><strong>GIURAMENTO<br \/>\n<\/strong>Il giuramento in questo Consolato <strong>si svolge solo su appuntamento.<\/strong><\/p>\n<ul>\n<li style=\"text-align: justify;\">Quando l&#8217;atto formale di concessione della cittadinanza (\u201cDecreto di concessione\u201d) sar\u00e0 pervenuto a questo Consolato, lo stesso provveder\u00e0 a notificarVi tramite il Portale CIVES e ad invitarVi a sottoscrivere il giuramento nel nostro Registro, entro 6 (sei) mesi dalla data di notifica. \u00c8 quindi indispensabile controllare periodicamente gli aggiornamenti sul Portale CIVES e nella propria casella di posta elettronica.<\/li>\n<li style=\"text-align: justify;\">Insieme al &#8220;Decreto&#8221; viene inviato anche un foglio informativo con tutte le istruzioni sul giuramento.<br \/>\nAi sensi del Decreto Legge n. 113 del 4 ottobre 2018, il termine per la definizione delle pratiche presentate entro il 19\/12\/2020 \u00e8 di 48 mesi dalla data di presentazione della domanda.<\/li>\n<li style=\"text-align: justify;\">Per le domande presentate a partire dal 20\/12\/2020, il termine per la definizione \u00e8 di 24 mesi, prorogabile fino a un massimo di 36 mesi.<\/li>\n<li style=\"text-align: justify;\"><strong>Gli effetti del giuramento, ovvero dell&#8217;acquisizione della cittadinanza italiana, decorreranno dal giorno successivo a quello del giuramento.<\/strong><\/li>\n<li style=\"text-align: justify;\"><strong>Attenzione: l&#8217;indirizzo di posta elettronica utilizzato al momento della presentazione della domanda costituisce il domicilio eletto ai sensi dell&#8217;art. 47 del Codice Civile per la ricezione di tutte le comunicazioni relative alla domanda. Per questo motivo ogni comunicazione relativa alla domanda sar\u00e0 inviata esclusivamente per via telematica. \u00c8 pertanto necessario configurare il proprio indirizzo di posta elettronica per la ricezione di messaggi da parte dei Ministeri italiani<\/strong><\/li>\n<\/ul>\n","protected":false},"excerpt":{"rendered":"La procedura di riconoscimento della cittadinanza per matrimonio (dopo il 27\/04\/1983) pu\u00f2 essere suddivisa in diverse fasi: FASE PRELIMINARE Registrazione sul portale del Ministero dell&#8217;Interno italiano Completamento della domanda &#8220;online&#8221; sul portale con il rilascio dei documenti, del certificato di conoscenza della lingua italiana e del preventivo pagamento in euro, tramite &#8220;Ordinanza di pagamento all&#8217;estero&#8221; [&hellip;]","protected":false},"author":6,"featured_media":0,"parent":630,"menu_order":4,"comment_status":"closed","ping_status":"closed","template":"","meta":{"footnotes":""},"class_list":["post-2045","page","type-page","status-publish","hentry"],"_links":{"self":[{"href":"https:\/\/conssanpaolo.esteri.it\/it\/wp-json\/wp\/v2\/pages\/2045","targetHints":{"allow":["GET"]}}],"collection":[{"href":"https:\/\/conssanpaolo.esteri.it\/it\/wp-json\/wp\/v2\/pages"}],"about":[{"href":"https:\/\/conssanpaolo.esteri.it\/it\/wp-json\/wp\/v2\/types\/page"}],"author":[{"embeddable":true,"href":"https:\/\/conssanpaolo.esteri.it\/it\/wp-json\/wp\/v2\/users\/6"}],"replies":[{"embeddable":true,"href":"https:\/\/conssanpaolo.esteri.it\/it\/wp-json\/wp\/v2\/comments?post=2045"}],"version-history":[{"count":4,"href":"https:\/\/conssanpaolo.esteri.it\/it\/wp-json\/wp\/v2\/pages\/2045\/revisions"}],"predecessor-version":[{"id":6213,"href":"https:\/\/conssanpaolo.esteri.it\/it\/wp-json\/wp\/v2\/pages\/2045\/revisions\/6213"}],"up":[{"embeddable":true,"href":"https:\/\/conssanpaolo.esteri.it\/it\/wp-json\/wp\/v2\/pages\/630"}],"wp:attachment":[{"href":"https:\/\/conssanpaolo.esteri.it\/it\/wp-json\/wp\/v2\/media?parent=2045"}],"curies":[{"name":"wp","href":"https:\/\/api.w.org\/{rel}","templated":true}]}}