{"id":2005,"date":"2023-07-27T18:50:15","date_gmt":"2023-07-27T16:50:15","guid":{"rendered":"https:\/\/conssanpaolo.esteri.it\/servizi-consolari-e-visti\/servizi-per-il-cittadino-straniero\/cittadinanza\/domande-frequenti\/sobre-o-requerimento\/"},"modified":"2023-10-02T20:42:04","modified_gmt":"2023-10-02T18:42:04","slug":"sobre-o-requerimento","status":"publish","type":"page","link":"https:\/\/conssanpaolo.esteri.it\/it\/servizi-consolari-e-visti\/servizi-per-il-cittadino-straniero\/cittadinanza\/domande-frequenti\/sobre-o-requerimento\/","title":{"rendered":"Sulla domanda"},"content":{"rendered":"<p>1. <strong>Chi pu\u00f2 rivolgersi al Consolato Generale d&#8217;Italia a San Paolo?<\/strong><\/p>\n<p>I discendenti (<strong>maggiorenni<\/strong>) di cittadini italiani residenti in questa circoscrizione consolare (Stati di San Paolo, Mato Grosso, Mato Grosso do Sul, Rond\u00f4nia e Acre).<\/p>\n<p>&nbsp;<\/p>\n<p>2.<strong> Non ho ancora compiuto 18 anni e i miei genitori non hanno la cittadinanza, ma voglio richiederla. Come posso fare domanda?<\/strong><\/p>\n<p>In quanto minorenne, non \u00e8 possibile richiedere la cittadinanza autonomamente. Devono farlo i vostri genitori discendenti e includere i nomi dei loro figli minorenni nella domanda, secondo le istruzioni pubblicate.<\/p>\n<p>&nbsp;<\/p>\n<p>3. <strong>Come si presenta la domanda di cittadinanza?<\/strong><\/p>\n<p>La domanda pu\u00f2 essere presentata tramite il <a href=\"https:\/\/conssanpaolo.esteri.it\/consolato_sanpaolo\/pt\/i_servizi\/per_i_cittadini\/cittadinanza\/domande-di-cittadinanza-jure-sanguinis_1.html\">PORTALE PRENOT@MI.<\/a><\/p>\n<p>&nbsp;<\/p>\n<p>4.<strong> Quando devo presentare la documentazione?<\/strong><\/p>\n<p>La documentazione completa e corretta deve essere presentata solo il giorno del bando, non prima. \u00c8 importante che il candidato segua gli aggiornamenti pubblicati direttamente sul nostro sito web e sui social media per non perdere il bando.<\/p>\n<p>&nbsp;<\/p>\n<p>5. <strong>Come faccio a sapere se la mia domanda \u00e8 stata accettata e qual \u00e8 il suo numero?<\/strong><\/p>\n<p>Dopo aver presentato la domanda, il candidato deve seguire la pubblicazione degli elenchi aggiornati direttamente sul nostro sito web. [<strong>CONSULTA GLI ELENCHI DELLE DOMANDE PRESENTATE<\/strong>].<\/p>\n<p>&nbsp;<\/p>\n<p>6. <strong>Come verr\u00f2 convocato?<\/strong><\/p>\n<p>Non verr\u00e0 inviata alcuna notifica per lettera o e-mail al richiedente, pertanto sar\u00e0 necessario seguire gli avvisi di convocazione direttamente sul nostro sito web e sui social network del Consolato, dove saranno pubblicate le istruzioni da seguire quando il vostro anno sar\u00e0 convocato.<\/p>\n<p>\u00c8 responsabilit\u00e0 del richiedente monitorare costantemente il nostro sito web per non perdere la scadenza. In caso contrario, il richiedente perder\u00e0 il proprio turno e dovr\u00e0 presentare una nuova domanda e iscriversi a una nuova lista d&#8217;attesa.<\/p>\n<p>&nbsp;<\/p>\n<p>7. <strong>Come devo procedere se non mi presento il giorno stabilito (e nemmeno un familiare con procura)?<\/strong><\/p>\n<p>I richiedenti che non si presentano il giorno stabilito vedranno la loro domanda ANNULLATA.<br \/>\nTutti i richiedenti possono essere rappresentati da familiari con procura (ad esempio in caso di malattia o grave impedimento).<br \/>\nI richiedenti che non si presentano il giorno stabilito e non delegano un familiare, se sono ancora interessati a ottenere la cittadinanza italiana, dovranno presentare una nuova domanda e iscriversi a una nuova lista d&#8217;attesa.<\/p>\n<p>&nbsp;<\/p>\n<p>8. <strong>Ho fatto la domanda, sono stato chiamato, ma non sono pi\u00f9 interessato alla cittadinanza italiana. Sono obbligato a presentarmi?<\/strong><\/p>\n<p>No, non \u00e8 obbligatorio presentarsi o inviare alcun tipo di comunicazione se non si \u00e8 pi\u00f9 interessati.<\/p>\n<p>&nbsp;<\/p>\n<p>9. <strong>Non sono pi\u00f9 interessato alla cittadinanza italiana. Posso &#8220;cedere&#8221; la mia domanda a qualcun altro?<\/strong><\/p>\n<p>No, non \u00e8 possibile cedere il proprio posto a terzi.<\/p>\n","protected":false},"excerpt":{"rendered":"1. Chi pu\u00f2 rivolgersi al Consolato Generale d&#8217;Italia a San Paolo? I discendenti (maggiorenni) di cittadini italiani residenti in questa circoscrizione consolare (Stati di San Paolo, Mato Grosso, Mato Grosso do Sul, Rond\u00f4nia e Acre). &nbsp; 2. Non ho ancora compiuto 18 anni e i miei genitori non hanno la cittadinanza, ma voglio richiederla. Come [&hellip;]","protected":false},"author":6,"featured_media":0,"parent":492,"menu_order":1,"comment_status":"closed","ping_status":"closed","template":"","meta":{"footnotes":""},"class_list":["post-2005","page","type-page","status-publish","hentry"],"_links":{"self":[{"href":"https:\/\/conssanpaolo.esteri.it\/it\/wp-json\/wp\/v2\/pages\/2005","targetHints":{"allow":["GET"]}}],"collection":[{"href":"https:\/\/conssanpaolo.esteri.it\/it\/wp-json\/wp\/v2\/pages"}],"about":[{"href":"https:\/\/conssanpaolo.esteri.it\/it\/wp-json\/wp\/v2\/types\/page"}],"author":[{"embeddable":true,"href":"https:\/\/conssanpaolo.esteri.it\/it\/wp-json\/wp\/v2\/users\/6"}],"replies":[{"embeddable":true,"href":"https:\/\/conssanpaolo.esteri.it\/it\/wp-json\/wp\/v2\/comments?post=2005"}],"version-history":[{"count":2,"href":"https:\/\/conssanpaolo.esteri.it\/it\/wp-json\/wp\/v2\/pages\/2005\/revisions"}],"predecessor-version":[{"id":2763,"href":"https:\/\/conssanpaolo.esteri.it\/it\/wp-json\/wp\/v2\/pages\/2005\/revisions\/2763"}],"up":[{"embeddable":true,"href":"https:\/\/conssanpaolo.esteri.it\/it\/wp-json\/wp\/v2\/pages\/492"}],"wp:attachment":[{"href":"https:\/\/conssanpaolo.esteri.it\/it\/wp-json\/wp\/v2\/media?parent=2005"}],"curies":[{"name":"wp","href":"https:\/\/api.w.org\/{rel}","templated":true}]}}