{"id":1968,"date":"2023-07-26T21:24:18","date_gmt":"2023-07-26T19:24:18","guid":{"rendered":"https:\/\/conssanpaolo.esteri.it\/?page_id=1968"},"modified":"2026-04-01T14:58:34","modified_gmt":"2026-04-01T17:58:34","slug":"avvisi-e-comunicazioni","status":"publish","type":"page","link":"https:\/\/conssanpaolo.esteri.it\/it\/italia-e-brasile\/diplomazia-culturale\/avvisi-e-comunicazioni\/","title":{"rendered":"Avvisi e Comunicazioni"},"content":{"rendered":"<ul>\n<li><a href=\"https:\/\/conssanpaolo.esteri.it\/it\/news\/dal_consolato\/2026\/04\/master-internazionale-in-international-economics-and-business-administration-universita-di-verona\/\"><strong>Master internazionale in International Economics and Business Administration \u2013 Universit\u00e0 di Verona &#8211; scadenza 12\/04<\/strong><\/a><\/li>\n<li><a href=\"https:\/\/conssanpaolo.esteri.it\/it\/news\/dal_consolato\/2025\/04\/corso-di-formazione-e-aggiornamento-della-lingua-italiana-destinato-ad-insegnanti-di-italiano-l2-s-iii-edizione\/\"><strong>Corso di formazione e aggiornamento della lingua italiana destinato ad insegnanti di italiano L2\/s \u2013 III edizione<\/strong><\/a><\/li>\n<li><strong><a href=\"https:\/\/seja.italo.com.br\/italiano\/\">Corso di Laurea in Italiano del <em>Centro Universit\u00e1rio Cat\u00f3lico \u00cdtalo Brasileiro<\/em><\/a><\/strong><\/li>\n<li><strong><a href=\"https:\/\/conssanpaolo.esteri.it\/it\/news\/dal_consolato\/2026\/03\/erogazione-contributi-maeci-alle-universita-per-la-creazione-e-il-funzionamento-di-cattedre-di-italiano-scadenza-23-marzo-2026-capitolo-2619-2\/\">Erogazione contributi MAECI alle Universit\u00e0 per la creazione e il funzionamento di cattedre di italiano \u2013 scadenza 23 marzo 2026 (capitolo 2619\/2)<\/a><\/strong><\/li>\n<li><strong><a href=\"https:\/\/conssanpaolo.esteri.it\/it\/news\/dal_consolato\/2026\/03\/contributi-a-universita-straniere-per-corsi-di-formazione-e-aggiornamento-destinati-a-docenti-di-lingua-italiana-operanti-nelle-universita-straniere-cap-2619-3-e-f-2026-scadenza-23-marzo-2026\/\">Contributi a Universit\u00e0 straniere per corsi di formazione e aggiornamento destinati a docenti di lingua italiana operanti nelle Universit\u00e0 straniere (cap. 2619\/3 e.f. 2026). Scadenza 23 marzo 2026<\/a><\/strong><\/li>\n<\/ul>\n","protected":false},"excerpt":{"rendered":"Master internazionale in International Economics and Business Administration \u2013 Universit\u00e0 di Verona &#8211; scadenza 12\/04 Corso di formazione e aggiornamento della lingua italiana destinato ad insegnanti di italiano L2\/s \u2013 III edizione Corso di Laurea in Italiano del Centro Universit\u00e1rio Cat\u00f3lico \u00cdtalo Brasileiro Erogazione contributi MAECI alle Universit\u00e0 per la creazione e il funzionamento di [&hellip;]","protected":false},"author":6,"featured_media":0,"parent":73,"menu_order":1,"comment_status":"closed","ping_status":"closed","template":"","meta":{"footnotes":""},"class_list":["post-1968","page","type-page","status-publish","hentry"],"_links":{"self":[{"href":"https:\/\/conssanpaolo.esteri.it\/it\/wp-json\/wp\/v2\/pages\/1968","targetHints":{"allow":["GET"]}}],"collection":[{"href":"https:\/\/conssanpaolo.esteri.it\/it\/wp-json\/wp\/v2\/pages"}],"about":[{"href":"https:\/\/conssanpaolo.esteri.it\/it\/wp-json\/wp\/v2\/types\/page"}],"author":[{"embeddable":true,"href":"https:\/\/conssanpaolo.esteri.it\/it\/wp-json\/wp\/v2\/users\/6"}],"replies":[{"embeddable":true,"href":"https:\/\/conssanpaolo.esteri.it\/it\/wp-json\/wp\/v2\/comments?post=1968"}],"version-history":[{"count":6,"href":"https:\/\/conssanpaolo.esteri.it\/it\/wp-json\/wp\/v2\/pages\/1968\/revisions"}],"predecessor-version":[{"id":10486,"href":"https:\/\/conssanpaolo.esteri.it\/it\/wp-json\/wp\/v2\/pages\/1968\/revisions\/10486"}],"up":[{"embeddable":true,"href":"https:\/\/conssanpaolo.esteri.it\/it\/wp-json\/wp\/v2\/pages\/73"}],"wp:attachment":[{"href":"https:\/\/conssanpaolo.esteri.it\/it\/wp-json\/wp\/v2\/media?parent=1968"}],"curies":[{"name":"wp","href":"https:\/\/api.w.org\/{rel}","templated":true}]}}