{"id":1842,"date":"2023-07-21T19:15:39","date_gmt":"2023-07-21T17:15:39","guid":{"rendered":"https:\/\/conssanpaolo.esteri.it\/?page_id=1842"},"modified":"2026-04-15T13:02:34","modified_gmt":"2026-04-15T16:02:34","slug":"proposte-per-docenti-di-italiano","status":"publish","type":"page","link":"https:\/\/conssanpaolo.esteri.it\/it\/italia-e-brasile\/diplomazia-culturale\/lingua-e-cultura-italiana\/proposte-per-docenti-di-italiano\/","title":{"rendered":"Proposte per Docenti di Italiano"},"content":{"rendered":"<ul>\n<li><strong><a href=\"https:\/\/conssanpaolo.esteri.it\/it\/news\/dal_consolato\/2026\/04\/aperte-le-iscrizioni-per-il-corso-di-aggiornamento-per-docenti-nuove-frontiere-nella-didattica-della-lingua-italiana\/\">Aperte le iscrizioni per il corso di aggiornamento per docenti: \u201cNuove frontiere nella didattica della lingua italiana\u201d<\/a><\/strong><\/li>\n<li><a href=\"https:\/\/conssanpaolo.esteri.it\/it\/news\/dal_consolato\/2026\/04\/corso-di-formazione-e-aggiornamento-per-insegnanti-di-italiano-l2-ls-iv-edizione\/\"><strong>Corso di formazione e aggiornamento della lingua italiana destinato ad insegnanti di italiano L2\/s \u2013 IV edizione<\/strong><\/a><\/li>\n<li><strong><a href=\"https:\/\/conssanpaolo.esteri.it\/it\/news\/dal_consolato\/2023\/10\/sconfinamenti-digitali-corso-gratuito-di-formazione-e-aggiornamento\/\">\u201cSconfinamenti digitali\u201d Corso gratuito di formazione e aggiornamento<\/a><\/strong><\/li>\n<li><strong><span style=\"text-decoration: underline;\"><a href=\"https:\/\/cepell.it\/category\/scuola\/iniziative-per-la-scuola\/\">Iniziative per la Scuola del Centro per il Libro e la Lettura<\/a><\/span><\/strong><\/li>\n<li><strong><a href=\"https:\/\/cepell.it\/category\/guide-bibliografiche\/\">Guide bibliografiche per alunni da 0 a 14 anni<\/a><\/strong><\/li>\n<li><a href=\"https:\/\/uniitalo.com.br\/italiano-licenciatura\/\"><strong>Corso di Laurea in Italiano del <em>Centro Universit\u00e1rio Cat\u00f3lico \u00cdtalo Brasileiro<\/em><\/strong><\/a><\/li>\n<\/ul>\n","protected":false},"excerpt":{"rendered":"Aperte le iscrizioni per il corso di aggiornamento per docenti: \u201cNuove frontiere nella didattica della lingua italiana\u201d Corso di formazione e aggiornamento della lingua italiana destinato ad insegnanti di italiano L2\/s \u2013 IV edizione \u201cSconfinamenti digitali\u201d Corso gratuito di formazione e aggiornamento Iniziative per la Scuola del Centro per il Libro e la Lettura Guide [&hellip;]","protected":false},"author":6,"featured_media":0,"parent":146,"menu_order":0,"comment_status":"closed","ping_status":"closed","template":"","meta":{"footnotes":""},"class_list":["post-1842","page","type-page","status-publish","hentry"],"_links":{"self":[{"href":"https:\/\/conssanpaolo.esteri.it\/it\/wp-json\/wp\/v2\/pages\/1842","targetHints":{"allow":["GET"]}}],"collection":[{"href":"https:\/\/conssanpaolo.esteri.it\/it\/wp-json\/wp\/v2\/pages"}],"about":[{"href":"https:\/\/conssanpaolo.esteri.it\/it\/wp-json\/wp\/v2\/types\/page"}],"author":[{"embeddable":true,"href":"https:\/\/conssanpaolo.esteri.it\/it\/wp-json\/wp\/v2\/users\/6"}],"replies":[{"embeddable":true,"href":"https:\/\/conssanpaolo.esteri.it\/it\/wp-json\/wp\/v2\/comments?post=1842"}],"version-history":[{"count":6,"href":"https:\/\/conssanpaolo.esteri.it\/it\/wp-json\/wp\/v2\/pages\/1842\/revisions"}],"predecessor-version":[{"id":10591,"href":"https:\/\/conssanpaolo.esteri.it\/it\/wp-json\/wp\/v2\/pages\/1842\/revisions\/10591"}],"up":[{"embeddable":true,"href":"https:\/\/conssanpaolo.esteri.it\/it\/wp-json\/wp\/v2\/pages\/146"}],"wp:attachment":[{"href":"https:\/\/conssanpaolo.esteri.it\/it\/wp-json\/wp\/v2\/media?parent=1842"}],"curies":[{"name":"wp","href":"https:\/\/api.w.org\/{rel}","templated":true}]}}