{"id":1706,"date":"2023-07-13T21:38:36","date_gmt":"2023-07-13T19:38:36","guid":{"rendered":"https:\/\/conssanpaolo.esteri.it\/?page_id=1706"},"modified":"2025-01-31T12:06:27","modified_gmt":"2025-01-31T15:06:27","slug":"connazionali-over-70","status":"publish","type":"page","link":"https:\/\/conssanpaolo.esteri.it\/it\/servizi-consolari-e-visti\/servizi-per-il-cittadino-italiano\/altri-servizi\/connazionali-over-70\/","title":{"rendered":"Attendimento preferenziale +70"},"content":{"rendered":"<p>Il Consolato ha attivato una linea esclusivamente dedicata ai connazionali over 70. Coloro che risultano regolarmente iscritti all\u2019AIRE di San Paolo e che rientrano nella fascia di et\u00e0 indicata possono rivolgersi a questo numero di telefono per eventuale assistenza nella prenotazione dei servizi e per informazioni sulle procedure da seguire per la corretta erogazione degli stessi.<\/p>\n<p>Il numero \u00e8 attivo da luned\u00ec a venerd\u00ec dalle 9 alle 12.<\/p>\n<p>(11) 963876362 (solo chiamate, no WhatsApp)<\/p>\n<p>N.B: Questa linea non sostituisce il portale Prenot@Mi per la prenotazione dei servizi consolari. Eventuali urgenze saranno esaminate secondo i criteri indicati <a href=\"https:\/\/conssanpaolo.esteri.it\/it\/news\/dal_consolato\/2023\/07\/nuova-email-per-richieste-urgenti-passaporti\/\">qui<\/a>.<\/p>\n","protected":false},"excerpt":{"rendered":"Il Consolato ha attivato una linea esclusivamente dedicata ai connazionali over 70. Coloro che risultano regolarmente iscritti all\u2019AIRE di San Paolo e che rientrano nella fascia di et\u00e0 indicata possono rivolgersi a questo numero di telefono per eventuale assistenza nella prenotazione dei servizi e per informazioni sulle procedure da seguire per la corretta erogazione degli [&hellip;]","protected":false},"author":6,"featured_media":0,"parent":159,"menu_order":0,"comment_status":"closed","ping_status":"closed","template":"","meta":{"footnotes":""},"class_list":["post-1706","page","type-page","status-publish","hentry"],"_links":{"self":[{"href":"https:\/\/conssanpaolo.esteri.it\/it\/wp-json\/wp\/v2\/pages\/1706","targetHints":{"allow":["GET"]}}],"collection":[{"href":"https:\/\/conssanpaolo.esteri.it\/it\/wp-json\/wp\/v2\/pages"}],"about":[{"href":"https:\/\/conssanpaolo.esteri.it\/it\/wp-json\/wp\/v2\/types\/page"}],"author":[{"embeddable":true,"href":"https:\/\/conssanpaolo.esteri.it\/it\/wp-json\/wp\/v2\/users\/6"}],"replies":[{"embeddable":true,"href":"https:\/\/conssanpaolo.esteri.it\/it\/wp-json\/wp\/v2\/comments?post=1706"}],"version-history":[{"count":5,"href":"https:\/\/conssanpaolo.esteri.it\/it\/wp-json\/wp\/v2\/pages\/1706\/revisions"}],"predecessor-version":[{"id":6458,"href":"https:\/\/conssanpaolo.esteri.it\/it\/wp-json\/wp\/v2\/pages\/1706\/revisions\/6458"}],"up":[{"embeddable":true,"href":"https:\/\/conssanpaolo.esteri.it\/it\/wp-json\/wp\/v2\/pages\/159"}],"wp:attachment":[{"href":"https:\/\/conssanpaolo.esteri.it\/it\/wp-json\/wp\/v2\/media?parent=1706"}],"curies":[{"name":"wp","href":"https:\/\/api.w.org\/{rel}","templated":true}]}}