{"id":160,"date":"2022-12-06T11:56:51","date_gmt":"2022-12-06T10:56:51","guid":{"rendered":"https:\/\/conssanpaolo.esteri.it\/?page_id=160"},"modified":"2025-08-27T09:18:39","modified_gmt":"2025-08-27T12:18:39","slug":"cittadinanza","status":"publish","type":"page","link":"https:\/\/conssanpaolo.esteri.it\/it\/servizi-consolari-e-visti\/servizi-per-il-cittadino-straniero\/cittadinanza\/","title":{"rendered":"Cittadinanza"},"content":{"rendered":"<p><span style=\"color: #ff0000;\">Per i richiedenti residenti nella circoscrizione consolare di competenza del Consolato Generale d&#8217;Italia a San Paolo (Stati di San Paolo, Mato Grosso, Mato Grosso do Sul, Rond\u00f4nia e Acre).<\/span><\/p>\n<hr \/>\n<p style=\"text-align: center;\"><span style=\"text-decoration: underline; color: #ff0000;\"><strong>Pagina aggiornata il 18\/07\/2025<\/strong><\/span><\/p>\n<p>La legge <a href=\"https:\/\/www.gazzettaufficiale.it\/eli\/id\/2025\/05\/23\/25G00082\/SG\"><strong>23 maggio 2025, n.74<\/strong><\/a> (in G.U. 23\/05\/2025, n.118) ha convertito con modificazioni il decreto-legge 28 marzo 2025, n. 36, recante disposizioni urgenti in materia di cittadinanza.<\/p>\n<p>La cittadinanza italiana si basa sul principio dello\u00a0<em>jus sanguinis<\/em>\u00a0(diritto di sangue) per il quale il figlio nato da padre italiano o da madre italiana \u00e8 cittadino. Il nuovo decreto, come convertito, non modifica questo principio fondamentale ma prevede importanti limitazioni alla trasmissione della cittadinanza da una generazione all\u2019altra, basandola sull\u2019effettivit\u00e0 del vincolo con l\u2019Italia e del possesso di un\u2019altra cittadinanza.<\/p>\n<hr \/>\n<p>Clicca sulle varie sezioni per ulteriori informazioni:<\/p>\n<ul>\n<li style=\"list-style-type: none;\">\n<ul>\n<li style=\"list-style-type: none;\">\n<ul>\n<li><a href=\"https:\/\/conssanpaolo.esteri.it\/it\/servizi-consolari-e-visti\/servizi-per-il-cittadino-straniero\/cittadinanza\/cittadinanza-iure-sanguinis\/\">cittadinanza per i maggiorenni nati all\u2019estero;<\/a><\/li>\n<li><a href=\"https:\/\/conssanpaolo.esteri.it\/it\/servizi-consolari-e-visti\/servizi-per-il-cittadino-straniero\/cittadinanza\/riacquisto-della-cittadinanza-italiana\/\">riacquisto di cittadinanza<\/a><\/li>\n<li><a href=\"https:\/\/conssanpaolo.esteri.it\/it\/servizi-consolari-e-visti\/servizi-per-il-cittadino-straniero\/cittadinanza\/acquisto-citt-minori\/\">cittadinanza figli minorenni (nuova normativa);<\/a><\/li>\n<li><a href=\"https:\/\/conssanpaolo.esteri.it\/it\/servizi-consolari-e-visti\/servizi-per-il-cittadino-straniero\/cittadinanza\/riconoscimento-della-cittadinanza-italiana-per-matrimonio\/\">cittadinanza italiana per matrimonio o unione civile<\/a><\/li>\n<\/ul>\n<\/li>\n<\/ul>\n<\/li>\n<\/ul>\n<hr \/>\n<p><b><u>Altri approfondimenti:<\/u><\/b><\/p>\n<ul>\n<li><a href=\"https:\/\/conssanpaolo.esteri.it\/it\/servizi-consolari-e-visti\/servizi-per-il-cittadino-straniero\/cittadinanza\/legge-no-379-2000\/\">LEGGE N. 379\/2000<\/a><\/li>\n<\/ul>\n<ul>\n<li><a href=\"https:\/\/conssanpaolo.esteri.it\/it\/servizi-consolari-e-visti\/servizi-per-il-cittadino-straniero\/cittadinanza\/certidao-de-nao-renuncia-non-rinuncia\/\">CERTIFICATO DI NON RINUNCIA<\/a><\/li>\n<\/ul>\n<p>&nbsp;<\/p>\n<p style=\"text-align: justify;\">Vi informiamo che questo Consolato Generale <span style=\"text-decoration: underline;\"><strong>NON RICONOSCE IN ALCUN MODO<\/strong><\/span> agenzie di consulenza, \u201cdespachantes\u201d o intermediari di alcun tipo per le pratiche di cittadinanza italiana.<strong><br \/>\n<\/strong><strong>PRIMA DI INVIARE E-MAIL CON DOMANDE, SI PREGA DI LEGGERE ATTENTAMENTE LE ISTRUZIONI CONTENUTE IN QUESTO SITO.<br \/>\n<\/strong>Questo Consolato Generale dar\u00e0 priorit\u00e0 alle domande le cui risposte non siano gi\u00e0 state pubblicate sul sito.<\/p>\n<blockquote class=\"wp-embedded-content\" data-secret=\"yPOMmVXZ96\"><p><a href=\"https:\/\/conssanpaolo.esteri.it\/it\/news\/dal_consolato\/2025\/08\/informazioni-cittadinanza\/\">Avviso su appuntamenti &#8211; cittadinanza<\/a><\/p><\/blockquote>\n<p><iframe loading=\"lazy\" class=\"wp-embedded-content\" sandbox=\"allow-scripts\" security=\"restricted\" style=\"position: absolute; visibility: hidden;\" title=\"&#8220;Avviso su appuntamenti &#8211; cittadinanza&#8221; &#8212; Consolato Generale d&#039;Italia San Paolo\" src=\"https:\/\/conssanpaolo.esteri.it\/it\/news\/dal_consolato\/2025\/08\/informazioni-cittadinanza\/embed\/#?secret=euuAybzY45#?secret=yPOMmVXZ96\" data-secret=\"yPOMmVXZ96\" width=\"600\" height=\"338\" frameborder=\"0\" marginwidth=\"0\" marginheight=\"0\" scrolling=\"no\"><\/iframe><\/p>\n","protected":false},"excerpt":{"rendered":"Per i richiedenti residenti nella circoscrizione consolare di competenza del Consolato Generale d&#8217;Italia a San Paolo (Stati di San Paolo, Mato Grosso, Mato Grosso do Sul, Rond\u00f4nia e Acre). Pagina aggiornata il 18\/07\/2025 La legge 23 maggio 2025, n.74 (in G.U. 23\/05\/2025, n.118) ha convertito con modificazioni il decreto-legge 28 marzo 2025, n. 36, recante [&hellip;]","protected":false},"author":3,"featured_media":0,"parent":75,"menu_order":0,"comment_status":"closed","ping_status":"closed","template":"","meta":{"footnotes":""},"class_list":["post-160","page","type-page","status-publish","hentry"],"_links":{"self":[{"href":"https:\/\/conssanpaolo.esteri.it\/it\/wp-json\/wp\/v2\/pages\/160","targetHints":{"allow":["GET"]}}],"collection":[{"href":"https:\/\/conssanpaolo.esteri.it\/it\/wp-json\/wp\/v2\/pages"}],"about":[{"href":"https:\/\/conssanpaolo.esteri.it\/it\/wp-json\/wp\/v2\/types\/page"}],"author":[{"embeddable":true,"href":"https:\/\/conssanpaolo.esteri.it\/it\/wp-json\/wp\/v2\/users\/3"}],"replies":[{"embeddable":true,"href":"https:\/\/conssanpaolo.esteri.it\/it\/wp-json\/wp\/v2\/comments?post=160"}],"version-history":[{"count":7,"href":"https:\/\/conssanpaolo.esteri.it\/it\/wp-json\/wp\/v2\/pages\/160\/revisions"}],"predecessor-version":[{"id":8887,"href":"https:\/\/conssanpaolo.esteri.it\/it\/wp-json\/wp\/v2\/pages\/160\/revisions\/8887"}],"up":[{"embeddable":true,"href":"https:\/\/conssanpaolo.esteri.it\/it\/wp-json\/wp\/v2\/pages\/75"}],"wp:attachment":[{"href":"https:\/\/conssanpaolo.esteri.it\/it\/wp-json\/wp\/v2\/media?parent=160"}],"curies":[{"name":"wp","href":"https:\/\/api.w.org\/{rel}","templated":true}]}}