{"id":152,"date":"2022-12-06T11:54:16","date_gmt":"2022-12-06T10:54:16","guid":{"rendered":"https:\/\/conssanpaolo.esteri.it\/?page_id=152"},"modified":"2026-01-14T11:49:17","modified_gmt":"2026-01-14T14:49:17","slug":"autoveicoli-e-patenti-di-guida","status":"publish","type":"page","link":"https:\/\/conssanpaolo.esteri.it\/it\/servizi-consolari-e-visti\/servizi-per-il-cittadino-italiano\/autoveicoli-e-patenti-di-guida\/","title":{"rendered":"Patenti di guida"},"content":{"rendered":"<p><strong><u>PATENTI DI GUIDA<\/u><\/strong><\/p>\n<p>&nbsp;<\/p>\n<p>Il Consolato Generale d\u2019Italia non pu\u00f2 rinnovare una patente scaduta da pi\u00f9 di 5 anni, rubata o deteriorata e NON rilascia:<\/p>\n<p>&#8211; Duplicati della patente<\/p>\n<p>&#8211; Certificazioni sulla validit\u00e0 delle patenti di guida<\/p>\n<p>Tali documenti dovranno essere richiesti in Italia presso qualsiasi Ufficio della Motorizzazione Civile.<\/p>\n<p>&nbsp;<\/p>\n<ol>\n<li><strong><u>RINNOVO DELLA PATENTE DI GUIDA ITALIANA<\/u><\/strong><\/li>\n<\/ol>\n<p>Questa Sede pu\u00f2 rilasciare l\u2019attestazione di rinnovo patente in formato cartaceo solo se ricorrono simultaneamente tre condizioni:<\/p>\n<ul>\n<li>Il titolare di patente italiana deve essere residente o dimorante per un periodo di almeno 6 mesi nella circoscrizione di questo Consolato Generale e regolarmente iscritto AIRE;<\/li>\n<li>La patente italiana che si intende rinnovare deve essere integra e regolarmente posseduta;<\/li>\n<li>La patente italiana non deve essere stata revocata a seguito di conversione<\/li>\n<\/ul>\n<p>La patente deve essere in scadenza (a partire da 4 mesi prima della data di scadenza) oppure scaduta da non pi\u00f9 di <strong>cinque<\/strong> anni.<\/p>\n<p>Si sottolinea che le Rappresentanze italiane diplomatico-consolati all\u2019estero non sono abilitate ad emettere nuove patenti in formato tessera.<\/p>\n<p><u>Procedura per il rinnovo<\/u><\/p>\n<p>\u00c8 necessario sottoporsi ad una visita di controllo entrando in contatto con il <strong>Dr. Bruno Caramelli<\/strong>, autorizzato al rilascio del certificato di idoneit\u00e0.<\/p>\n<p>Clinica: Caramelli Consultorio Medico Ltda<\/p>\n<p>Orari: Lunedi-Venerd\u00ec dalle 14:00 alle 18:00<\/p>\n<p>CNPJ 66.866.682.0001-28<\/p>\n<p>Rua Itapeva 518, conjuntos 601-602<\/p>\n<p>Telefoni per appuntamenti: 32833568, 32843334, 982830476 (whatsapp)<\/p>\n<p>Email: caramelliconsultorio@gmail.com<\/p>\n<p>Dopo aver ottenuto il certificato medico, fissare un appuntamento presso il Settore Notarile del Consolato d\u2019Italia a San Paolo via e-mail: <a href=\"mailto:notarile.sanpaolo@esteri.it\">notarile.sanpaolo@esteri.it<\/a> e presentarsi il giorno dell\u2019appuntamento con la seguente documentazione:<\/p>\n<ul>\n<li>La patente italiana scaduta<\/li>\n<li>Un documento de identit\u00e0 in corso di validit\u00e1<\/li>\n<li>Il certificato medico<\/li>\n<\/ul>\n<p>Il pagamento dei servizi notarili deve essere effettuato tramite Bancomat VISA e\/o Mastercard (in modalit\u00e0 &#8220;debito&#8221;) il giorno dell\u2019appuntamento. Il costo del rinnovo della patente \u00e8 quello indicato all\u2019art. 66d (41 euro) della Tabella dei diritti consolari (Altri servizi -&gt; Tariffe Consolari).<\/p>\n<p>Il Consolato, verificata la documentazione rilascer\u00e0 un\u2019attestazione di rinnovo in italiano valida per circolare sia in Italia che all\u2019estero. Il titolare di patente munito di tale attestazione dovr\u00e0 circolare con la patente scaduta unitamente all\u2019attestazione stessa, in quanto la seconda costituisce un\u2019emanazione della prima. Pertanto, il Consolato non pu\u00f2 rinnovare una patente scaduta, rubata o deteriorata.<\/p>\n<p>Una volta riacquisita la residenza o la dimora in Italia, il cittadino la cui patente di guida \u00e8 stata rinnovata presso questo Consolato Generale ha l\u2019obbligo, entro sei mesi dalla riacquisizione della residenza in Italia e anche se il rinnovo eseguito presso il Consolato \u00e8 ancora valido, di rinnovare la patente stessa secondo la procedura ordinaria prevista al comma 8 dell\u2019art. 126 del Codice della strada.<\/p>\n<p>Il cittadino dovr\u00e0 conservare l\u2019attestazione unita alla patente di guida fino all\u2019avvenuto rinnovo in Italia.<\/p>\n<p>&nbsp;<\/p>\n<blockquote class=\"wp-embedded-content\" data-secret=\"r30Fo4Gdvh\"><p><a href=\"https:\/\/conssanpaolo.esteri.it\/it\/news\/dal_consolato\/2025\/04\/in-vigore-laccordo-per-il-riconoscimento-delle-patenti-di-guida-italia-brasile\/\">In vigore l\u2019Accordo per il riconoscimento delle patenti di guida Italia-Brasile<\/a><\/p><\/blockquote>\n<p><iframe loading=\"lazy\" class=\"wp-embedded-content\" sandbox=\"allow-scripts\" security=\"restricted\" style=\"position: absolute; visibility: hidden;\" title=\"&#8220;In vigore l\u2019Accordo per il riconoscimento delle patenti di guida Italia-Brasile&#8221; &#8212; Consolato Generale d&#039;Italia San Paolo\" src=\"https:\/\/conssanpaolo.esteri.it\/it\/news\/dal_consolato\/2025\/04\/in-vigore-laccordo-per-il-riconoscimento-delle-patenti-di-guida-italia-brasile\/embed\/#?secret=vLU3EOFbKj#?secret=r30Fo4Gdvh\" data-secret=\"r30Fo4Gdvh\" width=\"600\" height=\"338\" frameborder=\"0\" marginwidth=\"0\" marginheight=\"0\" scrolling=\"no\"><\/iframe><\/p>\n","protected":false},"excerpt":{"rendered":"PATENTI DI GUIDA &nbsp; Il Consolato Generale d\u2019Italia non pu\u00f2 rinnovare una patente scaduta da pi\u00f9 di 5 anni, rubata o deteriorata e NON rilascia: &#8211; Duplicati della patente &#8211; Certificazioni sulla validit\u00e0 delle patenti di guida Tali documenti dovranno essere richiesti in Italia presso qualsiasi Ufficio della Motorizzazione Civile. &nbsp; RINNOVO DELLA PATENTE DI [&hellip;]","protected":false},"author":3,"featured_media":0,"parent":72,"menu_order":0,"comment_status":"closed","ping_status":"closed","template":"","meta":{"footnotes":""},"class_list":["post-152","page","type-page","status-publish","hentry"],"_links":{"self":[{"href":"https:\/\/conssanpaolo.esteri.it\/it\/wp-json\/wp\/v2\/pages\/152","targetHints":{"allow":["GET"]}}],"collection":[{"href":"https:\/\/conssanpaolo.esteri.it\/it\/wp-json\/wp\/v2\/pages"}],"about":[{"href":"https:\/\/conssanpaolo.esteri.it\/it\/wp-json\/wp\/v2\/types\/page"}],"author":[{"embeddable":true,"href":"https:\/\/conssanpaolo.esteri.it\/it\/wp-json\/wp\/v2\/users\/3"}],"replies":[{"embeddable":true,"href":"https:\/\/conssanpaolo.esteri.it\/it\/wp-json\/wp\/v2\/comments?post=152"}],"version-history":[{"count":6,"href":"https:\/\/conssanpaolo.esteri.it\/it\/wp-json\/wp\/v2\/pages\/152\/revisions"}],"predecessor-version":[{"id":9752,"href":"https:\/\/conssanpaolo.esteri.it\/it\/wp-json\/wp\/v2\/pages\/152\/revisions\/9752"}],"up":[{"embeddable":true,"href":"https:\/\/conssanpaolo.esteri.it\/it\/wp-json\/wp\/v2\/pages\/72"}],"wp:attachment":[{"href":"https:\/\/conssanpaolo.esteri.it\/it\/wp-json\/wp\/v2\/media?parent=152"}],"curies":[{"name":"wp","href":"https:\/\/api.w.org\/{rel}","templated":true}]}}