{"id":12,"date":"2022-12-05T15:37:38","date_gmt":"2022-12-05T14:37:38","guid":{"rendered":"https:\/\/conssanpaolo.esteri.it\/?page_id=12"},"modified":"2026-01-02T13:16:50","modified_gmt":"2026-01-02T16:16:50","slug":"chi-siamo","status":"publish","type":"page","link":"https:\/\/conssanpaolo.esteri.it\/it\/chi-siamo\/","title":{"rendered":"Chi siamo"},"content":{"rendered":"<p>Il Consolato Generale d\u00b4Italia in San Paolo \u00e8 competente per gli Stati di San Paolo, Mato Grosso, Mato Grosso del Sud, Rond\u00f4nia e Acre.<\/p>\n<p><strong>INDIRIZZO:<\/strong>\u00a0Av. Paulista, 1963 &#8211; CEP 01311-300 &#8211; S\u00e3o Paulo (SP)<\/p>\n<p><strong>Gli uffici possono essere contattati attraverso le mail disponibili alla sezione\u00a0 <a href=\"https:\/\/conssanpaolo.esteri.it\/it\/chi-siamo\/contatti\/\">CONTATTI<\/a>.<\/strong><\/p>\n<p style=\"text-align: justify;\">Si prega di visitare le varie sezioni del sito web prima di inviare mail con richieste di informazioni. Si segnala che questo Consolato Generale dar\u00e0 priorit\u00e0 ad email riguardanti questioni che non si trovino gi\u00e0 illustrate sul sito.<\/p>\n<hr \/>\n<h4 style=\"text-align: left;\">Modalit\u00e0 di accesso al Consolato Generale<\/h4>\n<p style=\"text-align: justify;\"><strong><br \/>\nIl Consolato Generale riceve solo su appuntamento e l&#8217;uso della mascherina sar\u00e0 consigliato\u00a0 in caso di affollamento nei locali del Consolato. <\/strong><\/p>\n<p style=\"text-align: justify;\">Si prega di visitare le diverse sezioni del sito per verificare le modalit\u00e0 di prenotazione di appuntamento per ogni settore.<\/p>\n<p style=\"text-align: justify;\"><strong>ORARI DI APERTURA AL PUBBLICO:<\/strong> dal luned\u00ec al venerd\u00ec: dalle 9 alle 13h30.<br \/>\n<strong>Attenzione:<\/strong> alcuni settori potrebbero ricevere il pubblico in orari diversi, sempre dietro\u00a0 appuntamento.<\/p>\n<p style=\"text-align: justify;\">Giorni di chiusura: visualizza\u00a0 l&#8217; <strong><a href=\"https:\/\/conssanpaolo.esteri.it\/wp-content\/uploads\/2026\/01\/Festivita-2026.pdf\">ELENCO DELLE FESTIVIT\u00c0 osservate nel 2026<\/a><\/strong><\/p>\n<p><span style=\"text-align: justify;\">Per ragioni di sicurezza, allo scopo di tutelare in primo luogo l&#8217;utenza del Consolato Generale d&#8217;Italia in San Paolo, nonch\u00e9 tutto il personale qui in servizio, si informa il pubblico che <\/span><strong style=\"text-align: justify;\">sono ammessi all&#8217;interno del Consolato solo coloro che necessitano PERSONALMENTE dell&#8217;erogazione del servizio consolare<\/strong><span style=\"text-align: justify;\">.<\/span><\/p>\n<div class=\"container\">\n<div id=\"main\" role=\"main\">\n<div class=\"row\" style=\"text-align: justify;\">\n<article id=\"articolo_centro\" class=\"col-md-15 col-sm-15 padding_articolo item-page\" role=\"main\" aria-label=\"articolo\">\n<p style=\"text-align: justify;\">L\u2019accesso all\u2019interno del Consolato Generale, viene controllato dall\u2019Arma dei Carabinieri, coadiuvata da un\u2019impresa di sicurezza locale, sia per verificare il tipo di servizio richiesto, sia per monitorare che il numero di persone ammesse durante l\u2019orario di ricevimento non superi il livello consentito.<\/p>\n<p style=\"text-align: justify;\">Non saranno ammessi nell&#8217;edificio parenti, amici o altri accompagnatori. Si far\u00e0 eccezione solo in caso di minori o di accompagnatori di persone diversamente abili.<\/p>\n<p style=\"text-align: justify;\">Situazioni di comprovata necessit\u00e0 saranno valutate singolarmente a cura del personale addetto alla sicurezza.<\/p>\n<p style=\"text-align: justify;\"><strong>Informiamo che nell\u2019accedere al Consolato sar\u00e0 data PRECEDENZA alle persone munite di una PRENOTAZIONE\/appuntamento (passaporti, cittadinanza, visti e stato civile).<\/strong><\/p>\n<p style=\"text-align: justify;\">Nel ribadire che le misure sopra elencate hanno lo scopo di assicurare un miglior servizio e una maggiore sicurezza per l&#8217;utenza, ci scusiamo per gli eventuali disagi e ringraziamo per la collaborazione.<\/p>\n<p style=\"text-align: justify;\">In considerazione dell\u2019elevato numero di persone presenti nella sala d\u2019aspetto e del livello di attenzione necessario per i processi in analisi da parte del personale, si richiede un comportamento adeguato <strong>mantenendo l\u2019ambiente silenzioso e tranquillo<\/strong>.<\/p>\n<\/article>\n<\/div>\n<\/div>\n<\/div>\n","protected":false},"excerpt":{"rendered":"Il Consolato Generale d\u00b4Italia in San Paolo \u00e8 competente per gli Stati di San Paolo, Mato Grosso, Mato Grosso del Sud, Rond\u00f4nia e Acre. INDIRIZZO:\u00a0Av. Paulista, 1963 &#8211; CEP 01311-300 &#8211; S\u00e3o Paulo (SP) Gli uffici possono essere contattati attraverso le mail disponibili alla sezione\u00a0 CONTATTI. Si prega di visitare le varie sezioni del sito [&hellip;]","protected":false},"author":2,"featured_media":0,"parent":0,"menu_order":0,"comment_status":"closed","ping_status":"closed","template":"","meta":{"footnotes":""},"class_list":["post-12","page","type-page","status-publish","hentry"],"_links":{"self":[{"href":"https:\/\/conssanpaolo.esteri.it\/it\/wp-json\/wp\/v2\/pages\/12","targetHints":{"allow":["GET"]}}],"collection":[{"href":"https:\/\/conssanpaolo.esteri.it\/it\/wp-json\/wp\/v2\/pages"}],"about":[{"href":"https:\/\/conssanpaolo.esteri.it\/it\/wp-json\/wp\/v2\/types\/page"}],"author":[{"embeddable":true,"href":"https:\/\/conssanpaolo.esteri.it\/it\/wp-json\/wp\/v2\/users\/2"}],"replies":[{"embeddable":true,"href":"https:\/\/conssanpaolo.esteri.it\/it\/wp-json\/wp\/v2\/comments?post=12"}],"version-history":[{"count":7,"href":"https:\/\/conssanpaolo.esteri.it\/it\/wp-json\/wp\/v2\/pages\/12\/revisions"}],"predecessor-version":[{"id":9609,"href":"https:\/\/conssanpaolo.esteri.it\/it\/wp-json\/wp\/v2\/pages\/12\/revisions\/9609"}],"wp:attachment":[{"href":"https:\/\/conssanpaolo.esteri.it\/it\/wp-json\/wp\/v2\/media?parent=12"}],"curies":[{"name":"wp","href":"https:\/\/api.w.org\/{rel}","templated":true}]}}