{"id":10093,"date":"2026-02-20T09:40:45","date_gmt":"2026-02-20T12:40:45","guid":{"rendered":"https:\/\/conssanpaolo.esteri.it\/?page_id=10093"},"modified":"2026-03-26T11:09:36","modified_gmt":"2026-03-26T14:09:36","slug":"carta-di-identita-elettronica-cie","status":"publish","type":"page","link":"https:\/\/conssanpaolo.esteri.it\/it\/servizi-consolari-e-visti\/servizi-per-il-cittadino-italiano\/carta-di-identita-elettronica-cie\/","title":{"rendered":"Carta di Identit\u00e0 Elettronica (CIE)"},"content":{"rendered":"<p>In questa prima fase possono richiedere la Carta d\u2019Identit\u00e0 Elettronica i cittadini italiani\u00a0<strong>regolarmente iscritti all\u2019AIRE<\/strong>\u00a0che dimostrino una comprovata necessit\u00e0 di rilascio del documento. Si ricorda che la Carta d\u2019Identit\u00e0 Elettronica non \u00e8 valida per lasciare il Brasile con destinazione estero. Per i viaggi internazionali \u00e8 sufficiente essere in possesso di un passaporto valido.<\/p>\n<p>Oltre all\u2019urgenza o necessit\u00e0 comprovata, sono requisiti indispensabili:<\/p>\n<ul>\n<li>avere la posizione AIRE debitamente aggiornata<\/li>\n<li>possedere un codice fiscale\u00a0<strong>validato<\/strong>\u00a0dall\u2019Agenzia delle Entrate. In caso di dubbi sulla validazione del codice fiscale, la verifica pu\u00f2 essere effettuata al seguente link:\u00a0<a href=\"https:\/\/telemanagrafici.agenziaentrate.gov.it\/VerificaCF\/Scegli.do?parameter=verificaCf\">https:\/\/telemanagrafici.agenziaentrate.gov.it\/VerificaCF\/Scegli.do?parameter=verificaCf<\/a><\/li>\n<\/ul>\n<p><strong>Come chiedere l\u2019appuntamento<\/strong><\/p>\n<p>La richiesta deve essere inviata via email a <a href=\"consgensanpaolo.cie@esteri.it\"><span style=\"text-decoration: underline;\"><strong>consgensanpaolo.cie@esteri.it<\/strong> <\/span><\/a>con la seguente documentazione allegata:<\/p>\n<ul>\n<li><a href=\"https:\/\/conssanpaolo.esteri.it\/wp-content\/uploads\/2026\/02\/Modulo_Appuntamento_CIE-1-1.docx\">Modulo di richiesta di appuntamento<\/a>\u00a0per la carta d\u2019identit\u00e0 elettronica debitamente compilato e firmato. Le richieste inviate senza modulo o con modulo incompleto non saranno prese in considerazione.<\/li>\n<li>Documentazione che comprovi la necessit\u00e0 concreta di utilizzo del documento.<\/li>\n<li>Documento di identit\u00e0 valido.<\/li>\n<li>Comprovante di residenza valido, a nome del richiedente. Verifica qui quali sono i documenti accettati a tal fine.<\/li>\n<\/ul>\n<p>I richiedenti che soddisfano tutti i requisiti saranno contattati via email o telefonicamente per fissare la data in cui dovranno presentarsi al Consolato, muniti della documentazione originale e di una fotografia formato 3,5 x 4,5, per l\u2019emissione della CIE.<\/p>\n<p><strong>Procedura il giorno dell\u2019appuntamento<\/strong><\/p>\n<p>Il giorno dell\u2019appuntamento, l\u2019operatore consolare acquisir\u00e0 la documentazione presentata, proceder\u00e0 al riconoscimento del richiedente, verificher\u00e0 la fotografia, rilever\u00e0 le impronte digitali e la firma e ricever\u00e0 il pagamento, che dovr\u00e0 essere effettuato con carta di debito.<\/p>\n<p>Il pagamento della tassa (valore convertito in reais. Per verificare il valore consulta la tabella con le\u00a0<strong><a href=\"https:\/\/conssanpaolo.esteri.it\/it\/servizi-consolari-e-visti\/servizi-per-il-cittadino-italiano\/altri-servizi\/tariffe-consolari\/\">Tariffe Consolari qui<\/a><\/strong>) deve essere effettuato esclusivamente con la carta di debito VISA o MASTER (NON \u00e9 possibile pagare con carte di bandiera Elo) in occasione dell\u2019appuntamento. Non saranno accettate carte di credito.<\/p>\n<p><strong>Consegna della CIE<\/strong><\/p>\n<p>La CIE \u00e8 emessa dal Ministero dell\u2019Interno e prodotta dall\u2019Istituto Poligrafico e Zecca dello Stato. Il documento viene inviato tramite posta raccomandata all\u2019indirizzo di residenza dichiarato dal richiedente. Il cittadino potr\u00e0 seguire autonomamente la spedizione online tramite il codice di tracciamento.<\/p>\n<p><strong>Validit\u00e0<\/strong><\/p>\n<p>La validit\u00e0 della Carta d\u2019Identit\u00e0 varia in base all\u2019et\u00e0 del titolare. Per i maggiorenni la validit\u00e0 \u00e8 di dieci anni.<\/p>\n<p data-start=\"0\" data-end=\"62\"><strong>Possibilit\u00e0 di rilascio del documento direttamente in Italia<\/strong><\/p>\n<p data-start=\"64\" data-end=\"373\">Ai sensi della Legge n. 11 del 2026, recante disposizioni per la revisione dei servizi a favore dei cittadini e delle imprese all\u2019estero, il cittadino iscritto all\u2019AIRE potr\u00e0, a decorrere dal 1\u00b0 giugno 2026, presentare domanda di rilascio della Carta d\u2019Identit\u00e0 Elettronica presso qualsiasi Comune italiano.<\/p>\n<p data-start=\"375\" data-end=\"616\" data-is-last-node=\"\" data-is-only-node=\"\">La consegna del documento avverr\u00e0 secondo le medesime modalit\u00e0 previste per le richieste presentate tramite il Consolato, restando ferma la facolt\u00e0 per l\u2019interessato di ritirare personalmente la carta direttamente presso il Comune prescelto.<\/p>\n","protected":false},"excerpt":{"rendered":"In questa prima fase possono richiedere la Carta d\u2019Identit\u00e0 Elettronica i cittadini italiani\u00a0regolarmente iscritti all\u2019AIRE\u00a0che dimostrino una comprovata necessit\u00e0 di rilascio del documento. Si ricorda che la Carta d\u2019Identit\u00e0 Elettronica non \u00e8 valida per lasciare il Brasile con destinazione estero. Per i viaggi internazionali \u00e8 sufficiente essere in possesso di un passaporto valido. Oltre all\u2019urgenza [&hellip;]","protected":false},"author":6,"featured_media":0,"parent":72,"menu_order":0,"comment_status":"closed","ping_status":"closed","template":"","meta":{"footnotes":""},"class_list":["post-10093","page","type-page","status-publish","hentry"],"_links":{"self":[{"href":"https:\/\/conssanpaolo.esteri.it\/it\/wp-json\/wp\/v2\/pages\/10093","targetHints":{"allow":["GET"]}}],"collection":[{"href":"https:\/\/conssanpaolo.esteri.it\/it\/wp-json\/wp\/v2\/pages"}],"about":[{"href":"https:\/\/conssanpaolo.esteri.it\/it\/wp-json\/wp\/v2\/types\/page"}],"author":[{"embeddable":true,"href":"https:\/\/conssanpaolo.esteri.it\/it\/wp-json\/wp\/v2\/users\/6"}],"replies":[{"embeddable":true,"href":"https:\/\/conssanpaolo.esteri.it\/it\/wp-json\/wp\/v2\/comments?post=10093"}],"version-history":[{"count":2,"href":"https:\/\/conssanpaolo.esteri.it\/it\/wp-json\/wp\/v2\/pages\/10093\/revisions"}],"predecessor-version":[{"id":10462,"href":"https:\/\/conssanpaolo.esteri.it\/it\/wp-json\/wp\/v2\/pages\/10093\/revisions\/10462"}],"up":[{"embeddable":true,"href":"https:\/\/conssanpaolo.esteri.it\/it\/wp-json\/wp\/v2\/pages\/72"}],"wp:attachment":[{"href":"https:\/\/conssanpaolo.esteri.it\/it\/wp-json\/wp\/v2\/media?parent=10093"}],"curies":[{"name":"wp","href":"https:\/\/api.w.org\/{rel}","templated":true}]}}