{"id":10037,"date":"2026-02-19T09:22:10","date_gmt":"2026-02-19T12:22:10","guid":{"rendered":"https:\/\/conssanpaolo.esteri.it\/?page_id=10037"},"modified":"2026-03-05T09:50:19","modified_gmt":"2026-03-05T12:50:19","slug":"dichiarazione-di-valore-corso-tecnico","status":"publish","type":"page","link":"https:\/\/conssanpaolo.esteri.it\/it\/italia-e-brasile\/diplomazia-culturale\/studi\/declaracao-de-valor\/8057-2\/dichiarazione-di-valore-corso-tecnico\/","title":{"rendered":"Dichiarazione di valore \u2013 corso tecnico"},"content":{"rendered":"<p style=\"text-align: justify;\">Per richiedere la Dichiarazione di Valore relativa al <strong data-start=\"54\" data-end=\"82\">diploma di corso tecnico<\/strong> \u00e8 necessario:<\/p>\n<ul style=\"text-align: justify;\">\n<li data-start=\"149\" data-end=\"332\">Leggere con la massima attenzione le istruzioni riportate nella sezione precedente,<strong>\u00a0<a href=\"https:\/\/conssanpaolo.esteri.it\/pt\/italia-e-brasile\/diplomazia-culturale\/estudo\/declaracao-de-valor\/instdichvalore\">clicca qui<\/a><\/strong>, cos\u00ec da evitare errori nella predisposizione della documentazione richiesta di seguito;<\/li>\n<li data-start=\"149\" data-end=\"332\"><strong>MODULO\u00a0<\/strong>(<strong><a href=\"https:\/\/conssanpaolo.esteri.it\/wp-content\/uploads\/2026\/02\/domanda-ddv-nuova.pdf\">clicca qui<\/a>\u00a0<\/strong>per scaricare) debitamente compilato, datato e firmato dall\u2019interessato;<\/li>\n<li data-start=\"149\" data-end=\"332\">Copia semplice del documento d\u2019identit\u00e0 del richiedente (RG, CNH, o passaporto validi);<\/li>\n<li><strong>REGISTRI SCOLASTICI ORIGINALI RELATIVI AL &#8216;<u>ENSINO M\u00c9DIO&#8217;<\/u><\/strong>, con l\u2019indicazione di tutti gli anni conclusi, munito di apostille e traduzione giurata in italiano anch\u2019essa munita di apostille;<\/li>\n<li><strong>&#8216;LAUDA DE CONCLUINTE&#8217;\u00a0<\/strong><\/li>\n<\/ul>\n<p style=\"padding-left: 40px;\">Quando si conclude la scuola secondaria di secondo grado, la competente Segreteria dell\u2019Istruzione provvede alla pubblicazione nel Di\u00e1rio Oficial.<br \/>\nIl documento da presentare pu\u00f2 avere denominazioni o formati differenti a seconda dello Stato brasiliano in cui \u00e8 stato conseguito il titolo. Pu\u00f2 essere denominato: <em>lauda de concluinte<\/em>, oppure &#8216;publica\u00e7\u00e3o de nome de concluinte&#8217;, oppure &#8216;consulta p\u00fablica de concluintes&#8217;.<br \/>\nIl documento pu\u00f2 consistere in una stampa da internet, in una copia della pagina del Di\u00e1rio Oficial, in un timbro della Segreteria dell\u2019Istruzione (\u201cvisto\/confere\u201d) apposto sul certificato storico della scuola secondaria di secondo grado, oppure in una dichiarazione rilasciata dalla stessa Segreteria dell\u2019Istruzione.<br \/>\nPer tale documento non \u00e8 richiesto il riconoscimento di firma, n\u00e9 l\u2019apostille, n\u00e9 la traduzione.<\/p>\n<p style=\"padding-left: 40px;\">Qualora la scuola secondaria di secondo grado sia stata conclusa nello Stato di San Paolo prima del 2003, la copia della pagina del Di\u00e1rio Oficial nella quale compare la \u201cLauda de Concluinte\u201d pu\u00f2 essere richiesta all\u2019<strong>IMESP<\/strong> (Imprensa Oficial do Estado de S\u00e3o Paulo). Il nome dell\u2019interessato dovr\u00e0 essere evidenziato, ad esempio con un evidenziatore.<br \/>\nA partire dal 2003 la \u201cLauda de Concluinte\u201d pu\u00f2 essere reperita online sul sito della GDAE-SP.<br \/>\nPer i titoli conseguiti prima del 1980, oppure negli Stati di Mato Grosso, Mato Grosso do Sul, Acre o Rond\u00f4nia, di norma nel certificato storico scolastico compare direttamente il timbro \u201cVisto Confere\u201d della competente Segreteria dell\u2019Istruzione o Delegazione dell\u2019Istruzione.<br \/>\nSe avete conseguito il diploma di scuola secondaria nello stato di San Paolo, \u00e8 necessaria una copia della pagina della Gazzetta Ufficiale in cui compare la \u201cLauda de Concluinte\u201d (la Gazzetta Ufficiale contiene le \u201cListas de Concluinte\u201d dal 1980). La copia della pagina deve essere richiesta all&#8217;IMESP &#8211; IMPRENSA OFICIAL DO ESTADO S.A. e il nome della persona interessata deve essere evidenziato (con un evidenziatore, ad esempio).<br \/>\nDal 2003, la \u201cLauda de Concluinte\u201d \u00e8 disponibile sul sito web della GDAE-SP.<br \/>\nPer i diplomi conseguiti prima del 1980 o negli Stati di MT, MS, AC, RO, le trascrizioni devono essere timbrate \u201cVisto Confere\u201d dalla Segreteria dell&#8217;istruzione\/centro di istruzione competente.<\/p>\n<ul style=\"text-align: justify;\">\n<li><strong>DIPLOMA DEL CORSO TECNICO<\/strong> con apostille e traduzione giurata in italiano anch\u2019essa munita di apostille;<\/li>\n<li><strong>DICHIARAZIONE ORIGINALE DI AUTENTICIT\u00c0 DEL DIPLOMA<\/strong>, (<a href=\"https:\/\/conssanpaolo.esteri.it\/wp-content\/uploads\/2026\/03\/CONFIRMACAO-DE-AUTENTICIDADE-DIPLOMA.pdf\">clicca qui\u00a0<\/a>per scaricarla) compilata dall\u2019universit\u00e0 e autenticata dal responsabile (per questo documento non sono necessarie apostille o traduzioni);<\/li>\n<li><strong>REGISTRI SCOLASTICI ORIGINALI RELATIVI AL CORSO TECNICO<\/strong>\u00a0 con apostille e traduzione giurata in italiano anch\u2019essa munita di apostille;<\/li>\n<li><strong><strong>DICHIARAZIONE ORIGINALE DI AUTENTICIT\u00c0 DEI REGISTRI SCOLASTICI\u00a0<\/strong><\/strong>(<a href=\"https:\/\/conssanpaolo.esteri.it\/wp-content\/uploads\/2026\/03\/CONFIRMACAO-DE-AUTENTICIDADE-DE-HISTORICO-ACADEMICO.pdf\">clicca qui<\/a>\u00a0per scaricare) compilata dall\u2019universit\u00e0 e firmata dal responsabile (per questo documento non \u00e8 richiesta l\u2019apostilla o la traduzione);<\/li>\n<li>C\u00f3pia simples de toda a documenta\u00e7\u00e3o acima, frente e verso;<\/li>\n<li>Copia semplice di tutta la suddetta documentazione, fronte e retro (eccetto il programma del corso);<\/li>\n<li>Copia semplice aggiuntiva del <strong>Diploma<\/strong>\u00a0(fronte e retro, originale e traduzione, che verr\u00e0 allegata alla dichiarazione di valore);<\/li>\n<\/ul>\n<p style=\"text-align: justify;\"><span style=\"text-decoration: underline;\"><strong>Qualora si intenda richiedere il riconoscimento della professione abilitata<\/strong><\/span> dal corso tecnico, oltre ai documenti sopra indicati, sar\u00e0 necessario presentare anche:<\/p>\n<ul style=\"text-align: justify;\">\n<li><strong>DICHIARAZIONE CIRCA LA PROFESSIONE<\/strong>\n<ul>\n<li><strong>Qualora la professione sia regolamentata in Brasile<\/strong>\n<ul>\n<li>DICHIARAZIONE ORIGINALE DEL CONSIGLIO FEDERALE O REGIONALE DELLA PROFESSIONE, oppure dell\u2019organo competente, munita di apostille e di traduzione giurata in lingua italiana anch\u2019essa munita di apostille, dalla quale risulti chiaramente:\n<ul>\n<li>Che l\u2019interessato \u00e8 attualmente iscritto, oppure il periodo durante il quale \u00e8 stato iscritto, con indicazione della data di prima iscrizione;<\/li>\n<li data-start=\"291\" data-end=\"629\">Numero di iscrizione;<\/li>\n<li data-start=\"291\" data-end=\"629\">Estremi della Legge Federale che disciplina l\u2019esercizio della professione in Brasile;<\/li>\n<li data-start=\"291\" data-end=\"629\">Assenza di impedimenti al legittimo esercizio della professione in Brasile;<\/li>\n<li data-start=\"291\" data-end=\"629\"><span style=\"color: #ff0000;\">ATTENZIONE<\/span>: tale dichiarazione del Consiglio deve essere stata rilasciata da non oltre 90 giorni.<\/li>\n<\/ul>\n<\/li>\n<\/ul>\n<\/li>\n<li><strong>Qualora la professione non sia regolamentata in Brasile<\/strong>\n<p style=\"text-align: justify;\" data-start=\"52\" data-end=\"426\">Qualora la professione non sia disciplinata da un proprio Ordine o Consiglio e non sia regolamentata dalla normativa locale, l\u2019istituzione di istruzione competente al rilascio del titolo, diploma o certificato dovr\u00e0 redigere una:<\/p>\n<ul>\n<li data-start=\"52\" data-end=\"426\">DICHIARAZIONE, munita di apostille e traduzione giurata in lingua italiana anch\u2019essa munita di apostille, nella quale sia chiaramente indicato:\n<ul>\n<li style=\"text-align: justify;\" data-start=\"428\" data-end=\"806\">Che il titolo o certificato rilasciato consente l\u2019esercizio di una professione non regolamentata dalla normativa locale;<\/li>\n<li style=\"text-align: justify;\" data-start=\"428\" data-end=\"806\">Le attivit\u00e0 professionali che il titolo o certificato abilita a svolgere in Brasile;<\/li>\n<li style=\"text-align: justify;\" data-start=\"428\" data-end=\"806\">Se per il conseguimento del titolo sia richiesto un tirocinio e oppure attivit\u00e0 pratiche nell\u2019ambito della professione non regolamentata che si intende esercitare;<\/li>\n<\/ul>\n<\/li>\n<\/ul>\n<\/li>\n<\/ul>\n<\/li>\n<\/ul>\n<div class=\"flex flex-col text-sm pb-25\">\n<article class=\"text-token-text-primary w-full focus:outline-none [--shadow-height:45px] has-data-writing-block:pointer-events-none has-data-writing-block:-mt-(--shadow-height) has-data-writing-block:pt-(--shadow-height) [&amp;:has([data-writing-block])&gt;*]:pointer-events-auto scroll-mt-[calc(var(--header-height)+min(200px,max(70px,20svh)))]\" dir=\"auto\" tabindex=\"-1\" data-turn-id=\"request-WEB:5b5c2531-4737-4983-8eaa-9135807b7c6f-3\" data-testid=\"conversation-turn-8\" data-scroll-anchor=\"true\" data-turn=\"assistant\">\n<div class=\"text-base my-auto mx-auto pb-10 [--thread-content-margin:--spacing(4)] @w-sm\/main:[--thread-content-margin:--spacing(6)] @w-lg\/main:[--thread-content-margin:--spacing(16)] px-(--thread-content-margin)\">\n<div class=\"[--thread-content-max-width:40rem] @w-lg\/main:[--thread-content-max-width:48rem] mx-auto max-w-(--thread-content-max-width) flex-1 group\/turn-messages focus-visible:outline-hidden relative flex w-full min-w-0 flex-col agent-turn\" tabindex=\"-1\">\n<div class=\"flex max-w-full flex-col grow\">\n<div class=\"min-h-8 text-message relative flex w-full flex-col items-end gap-2 text-start break-words whitespace-normal [.text-message+&amp;]:mt-1\" dir=\"auto\" data-message-author-role=\"assistant\" data-message-id=\"3058e32a-5a6e-42c7-8602-738a8bfcef84\" data-message-model-slug=\"gpt-5-2\">\n<div class=\"flex w-full flex-col gap-1 empty:hidden first:pt-[1px]\">\n<div class=\"markdown prose dark:prose-invert w-full wrap-break-word light markdown-new-styling\">\n<ul>\n<li style=\"list-style-type: none;\">\n<ul>\n<li style=\"list-style-type: none;\"><\/li>\n<\/ul>\n<\/li>\n<\/ul>\n<\/div>\n<\/div>\n<\/div>\n<\/div>\n<\/div>\n<\/div>\n<\/article>\n<\/div>\n<ul style=\"text-align: justify;\">\n<li style=\"list-style-type: none;\">\n<ul>\n<li style=\"list-style-type: none;\"><\/li>\n<\/ul>\n<\/li>\n<li style=\"list-style-type: none;\">\n<ul>\n<li style=\"list-style-type: none;\">\n<ul>\n<li style=\"list-style-type: none;\"><\/li>\n<\/ul>\n<\/li>\n<\/ul>\n<\/li>\n<\/ul>\n","protected":false},"excerpt":{"rendered":"Per richiedere la Dichiarazione di Valore relativa al diploma di corso tecnico \u00e8 necessario: Leggere con la massima attenzione le istruzioni riportate nella sezione precedente,\u00a0clicca qui, cos\u00ec da evitare errori nella predisposizione della documentazione richiesta di seguito; MODULO\u00a0(clicca qui\u00a0per scaricare) debitamente compilato, datato e firmato dall\u2019interessato; Copia semplice del documento d\u2019identit\u00e0 del richiedente (RG, CNH, [&hellip;]","protected":false},"author":6,"featured_media":0,"parent":8057,"menu_order":0,"comment_status":"closed","ping_status":"closed","template":"","meta":{"footnotes":""},"class_list":["post-10037","page","type-page","status-publish","hentry"],"_links":{"self":[{"href":"https:\/\/conssanpaolo.esteri.it\/it\/wp-json\/wp\/v2\/pages\/10037","targetHints":{"allow":["GET"]}}],"collection":[{"href":"https:\/\/conssanpaolo.esteri.it\/it\/wp-json\/wp\/v2\/pages"}],"about":[{"href":"https:\/\/conssanpaolo.esteri.it\/it\/wp-json\/wp\/v2\/types\/page"}],"author":[{"embeddable":true,"href":"https:\/\/conssanpaolo.esteri.it\/it\/wp-json\/wp\/v2\/users\/6"}],"replies":[{"embeddable":true,"href":"https:\/\/conssanpaolo.esteri.it\/it\/wp-json\/wp\/v2\/comments?post=10037"}],"version-history":[{"count":7,"href":"https:\/\/conssanpaolo.esteri.it\/it\/wp-json\/wp\/v2\/pages\/10037\/revisions"}],"predecessor-version":[{"id":10258,"href":"https:\/\/conssanpaolo.esteri.it\/it\/wp-json\/wp\/v2\/pages\/10037\/revisions\/10258"}],"up":[{"embeddable":true,"href":"https:\/\/conssanpaolo.esteri.it\/it\/wp-json\/wp\/v2\/pages\/8057"}],"wp:attachment":[{"href":"https:\/\/conssanpaolo.esteri.it\/it\/wp-json\/wp\/v2\/media?parent=10037"}],"curies":[{"name":"wp","href":"https:\/\/api.w.org\/{rel}","templated":true}]}}